{"id":59806,"date":"2017-10-12T10:44:02","date_gmt":"2017-10-12T08:44:02","guid":{"rendered":"https:\/\/www.beatnikshoes.com\/zapatos-hechos-a-mano\/stivale-oxford-con-lacci-beatnik-barbara-marrone\/"},"modified":"2025-08-27T22:05:07","modified_gmt":"2025-08-27T20:05:07","slug":"stivale-oxford-con-lacci-beatnik-barbara-marrone","status":"publish","type":"product","link":"https:\/\/www.beatnikshoes.com\/it\/scarpe-fatte-a-mano\/stivale-oxford-con-lacci-beatnik-barbara-marrone\/","title":{"rendered":"Stivale Oxford allacciato Beatnik Barbara Brown"},"content":{"rendered":"<h2>LO STIVALE OXFORD CON LACCI IN PELLE MARRONE CARAMELLO<\/h2>\n<p>Questa stagione vi presentiamo questo fantastico <strong>stivale Oxford marrone con lacci<\/strong>. Un elegante stivaletto unisex in morbida pelle di vitello marrone caramello. A cui abbiamo aggiunto il comfort dell&#8217;ultimo che deriva dallo sviluppo della nostra gamma Oxford. E insieme ad esso, il tocco di brogueing decorativo che crea un insieme elegante.<\/p>\n<p>Questo<strong> stivale Oxford marrone con lacci color caramello<\/strong> \u00e8 fatto a mano in Spagna e si abbina perfettamente a tutte le tonalit\u00e0 scure e fredde, dal grigio-blu e nero a tutte le tonalit\u00e0 pastello e terra. <strong>Stivali brogue marroni con lacci<\/strong>, perfetti sia con i pantaloni che con gli abiti. Per le giornate fredde e piovose, abbiamo foderato l&#8217;intero interno in pelle di vitello in un unico pezzo, praticamente senza cuciture. Inoltre, abbiamo isolato la suola in cuoio con uno strato inferiore di materiale antiscivolo. Infine, l&#8217;intero gambale dello stivale e la linguetta sono isolati. Poich\u00e9 siamo ossessionati dal comfort, abbiamo aggiunto una zip laterale completa per facilitare la vestizione e la svestizione, in modo da non perdere un secondo per sistemarli. Un piacere da indossare per loro in tutta comodit\u00e0, sia in stile casual, sia per un abito completo.<\/p>\n<h3>ELEGANZA ASSOLUTA E STILE PERFETTO PER QUESTA STAGIONE.<\/h3>\n<p>Gli <strong>stivali Oxford unisex con lacci<\/strong> Beatnik Barbara Brown sono perfetti per la prossima stagione. Offre calore, comfort e stile in egual misura, oltre a infinite possibilit\u00e0 di combinazione.<\/p>\n<p>In breve, un <strong>paio di classici stivali stringati in pelle marrone stile Oxford<\/strong> che non possono mancare nel tuo guardaroba.<\/p>\n","protected":false},"excerpt":{"rendered":"<h2>Stivale brogue realizzato a mano in Spagna<\/h2>\n<p>Materiale esterno: Pelle di vitello<br \/>\nFodera: pelle di vitello<br \/>\nMateriale della suola: Vera pelle pi\u00f9 uno strato di materiale antiscivolo<br \/>\nChiusura: passante e cerniera<br \/>\nTipo di tacco: basso<\/p>\n","protected":false},"featured_media":57625,"comment_status":"open","ping_status":"closed","template":"","meta":[],"product_brand":[11791],"product_cat":[9026,9158,9433,9349,9422,9436],"product_tag":[],"woo-feed-brand":[],"class_list":{"0":"post-59806","1":"product","2":"type-product","3":"status-publish","4":"has-post-thumbnail","6":"product_brand-beatnik-shoes-it","7":"product_cat-scarpe-da-donna","8":"product_cat-scarpe-da-uomo","9":"product_cat-stivale-allacciato","10":"product_cat-stivali","11":"product_cat-stivali-allacciati","12":"product_cat-stivali-da-donna","13":"pa_talla-zapato-35-it","14":"pa_talla-zapato-36-it","15":"pa_talla-zapato-37-it","16":"pa_talla-zapato-38-it","17":"pa_talla-zapato-39-it","18":"pa_talla-zapato-40-it","19":"pa_talla-zapato-41-it","20":"pa_talla-zapato-42-it","21":"pa_talla-zapato-43-it","22":"pa_talla-zapato-44-it","23":"pa_talla-zapato-45-it","25":"first","26":"instock","27":"sale","28":"taxable","29":"shipping-taxable","30":"purchasable","31":"product-type-variable"},"_links":{"self":[{"href":"https:\/\/www.beatnikshoes.com\/it\/wp-json\/wp\/v2\/product\/59806","targetHints":{"allow":["GET"]}}],"collection":[{"href":"https:\/\/www.beatnikshoes.com\/it\/wp-json\/wp\/v2\/product"}],"about":[{"href":"https:\/\/www.beatnikshoes.com\/it\/wp-json\/wp\/v2\/types\/product"}],"replies":[{"embeddable":true,"href":"https:\/\/www.beatnikshoes.com\/it\/wp-json\/wp\/v2\/comments?post=59806"}],"wp:featuredmedia":[{"embeddable":true,"href":"https:\/\/www.beatnikshoes.com\/it\/wp-json\/wp\/v2\/media\/57625"}],"wp:attachment":[{"href":"https:\/\/www.beatnikshoes.com\/it\/wp-json\/wp\/v2\/media?parent=59806"}],"wp:term":[{"taxonomy":"product_brand","embeddable":true,"href":"https:\/\/www.beatnikshoes.com\/it\/wp-json\/wp\/v2\/product_brand?post=59806"},{"taxonomy":"product_cat","embeddable":true,"href":"https:\/\/www.beatnikshoes.com\/it\/wp-json\/wp\/v2\/product_cat?post=59806"},{"taxonomy":"product_tag","embeddable":true,"href":"https:\/\/www.beatnikshoes.com\/it\/wp-json\/wp\/v2\/product_tag?post=59806"},{"taxonomy":"woo-feed-brand","embeddable":true,"href":"https:\/\/www.beatnikshoes.com\/it\/wp-json\/wp\/v2\/woo-feed-brand?post=59806"}],"curies":[{"name":"wp","href":"https:\/\/api.w.org\/{rel}","templated":true}]}}