{"id":59769,"date":"2017-08-16T17:13:50","date_gmt":"2017-08-16T15:13:50","guid":{"rendered":"https:\/\/www.beatnikshoes.com\/zapatos-hechos-a-mano\/scarpa-uomo-nero-monaco-lamantia\/"},"modified":"2025-08-27T22:18:41","modified_gmt":"2025-08-27T20:18:41","slug":"scarpa-uomo-nero-monaco-lamantia","status":"publish","type":"product","link":"https:\/\/www.beatnikshoes.com\/it\/scarpe-fatte-a-mano\/scarpa-uomo-nero-monaco-lamantia\/","title":{"rendered":"Scarpa Lamantia da uomo con doppia fibbia, nera, a forma di monaco"},"content":{"rendered":"<h2>LA SCARPA DA UOMO NERA CON DOPPIA FIBBIA. UN ELEGANTE PASSO AVANTI.<\/h2>\n<p>La nostra Lamantia Black \u00e8 una scarpa da <strong>uomo nera con due fibbie in punta<\/strong> realizzate a mano in Spagna. \u00c8 stata utilizzata solo la pi\u00f9 morbida pelle di vitello nera. La suola \u00e8 in vera pelle, cucita e rifinita con uno strato di materiale antiscivolo. Dotato di una fodera in pelle di vacchetta viola praticamente senza cuciture, \u00e8 costruito sulla forma pi\u00f9 confortevole della nostra collezione. E poich\u00e9 la pelle \u00e8 la pi\u00f9 morbida del mercato, non c&#8217;\u00e8 alcun periodo di rodaggio. Per questo motivo, fin dal giorno della prima, il comfort totale \u00e8 assicurato.<\/p>\n<p>Questa <strong>scarpa da uomo con due fibbie<\/strong> \u00e8 montata su una classica ed elegante forma britannica affusolata, perfetta per essere abbinata a un abito completo, in qualsiasi tonalit\u00e0, colore o modello, e altrimenti perfettamente adatta a occasioni pi\u00f9 casual. La <strong>scarpa da uomo con doppia fibbia nera<\/strong> \u00e8 un&#8217;ottima opzione come scarpa da ufficio, con un abito completo e anche da indossare come scarpa da cerimonia, rendendola un accessorio perfetto per uno sposo ultra elegante nel giorno del suo matrimonio.<\/p>\n<p>L&#8217;allacciatura con fibbia di questa <strong>scarpa monk da uomo nera<\/strong> vi risparmia il tempo e la fatica di allacciarla.<\/p>\n<p>Come <strong>scarpa da cerimonia, la scarpa da uomo nera con doppia fibbia<\/strong> ha guadagnato popolarit\u00e0 negli ultimi anni come opzione formale e molto elegante. E per chi ama ballare sulla pista da ballo, possiamo realizzare questa <strong>scarpa<\/strong> <strong>nera da uomo<\/strong> con suola in cuoio naturale e sistema di chiusura a fibbia per una calzata perfetta su richiesta. Parola.<\/p>\n","protected":false},"excerpt":{"rendered":"<h2>Scarpa doppia fibbia nera da uomo<\/h2>\n<p>Materiale esterno: Pelle di vitello<br \/>\nFodera: pelle di vitello<br \/>\nMateriale della suola: Vera pelle pi\u00f9 uno strato di materiale antiscivolo<br \/>\nChiusura: fibbie<br \/>\nTipo di tacco: basso<\/p>\n","protected":false},"featured_media":76722,"comment_status":"open","ping_status":"closed","template":"","meta":[],"product_brand":[],"product_cat":[9158,9371],"product_tag":[],"woo-feed-brand":[],"class_list":{"0":"post-59769","1":"product","2":"type-product","3":"status-publish","4":"has-post-thumbnail","6":"product_cat-scarpe-da-uomo","7":"product_cat-scarpe-con-fibbia","8":"pa_talla-zapato-39-it","9":"pa_talla-zapato-40-it","10":"pa_talla-zapato-41-it","11":"pa_talla-zapato-42-it","12":"pa_talla-zapato-43-it","13":"pa_talla-zapato-44-it","14":"pa_talla-zapato-45-it","15":"pa_talla-zapato-46-it","17":"first","18":"instock","19":"sale","20":"taxable","21":"shipping-taxable","22":"purchasable","23":"product-type-variable"},"_links":{"self":[{"href":"https:\/\/www.beatnikshoes.com\/it\/wp-json\/wp\/v2\/product\/59769","targetHints":{"allow":["GET"]}}],"collection":[{"href":"https:\/\/www.beatnikshoes.com\/it\/wp-json\/wp\/v2\/product"}],"about":[{"href":"https:\/\/www.beatnikshoes.com\/it\/wp-json\/wp\/v2\/types\/product"}],"replies":[{"embeddable":true,"href":"https:\/\/www.beatnikshoes.com\/it\/wp-json\/wp\/v2\/comments?post=59769"}],"wp:featuredmedia":[{"embeddable":true,"href":"https:\/\/www.beatnikshoes.com\/it\/wp-json\/wp\/v2\/media\/76722"}],"wp:attachment":[{"href":"https:\/\/www.beatnikshoes.com\/it\/wp-json\/wp\/v2\/media?parent=59769"}],"wp:term":[{"taxonomy":"product_brand","embeddable":true,"href":"https:\/\/www.beatnikshoes.com\/it\/wp-json\/wp\/v2\/product_brand?post=59769"},{"taxonomy":"product_cat","embeddable":true,"href":"https:\/\/www.beatnikshoes.com\/it\/wp-json\/wp\/v2\/product_cat?post=59769"},{"taxonomy":"product_tag","embeddable":true,"href":"https:\/\/www.beatnikshoes.com\/it\/wp-json\/wp\/v2\/product_tag?post=59769"},{"taxonomy":"woo-feed-brand","embeddable":true,"href":"https:\/\/www.beatnikshoes.com\/it\/wp-json\/wp\/v2\/woo-feed-brand?post=59769"}],"curies":[{"name":"wp","href":"https:\/\/api.w.org\/{rel}","templated":true}]}}