{"id":59703,"date":"2023-12-01T10:58:53","date_gmt":"2023-12-01T09:58:53","guid":{"rendered":"https:\/\/www.beatnikshoes.com\/zapatos-hechos-a-mano\/blucher-nero-donna-tutto-nero\/"},"modified":"2025-08-25T14:54:55","modified_gmt":"2025-08-25T12:54:55","slug":"blucher-nero-donna-tutto-nero","status":"publish","type":"product","link":"https:\/\/www.beatnikshoes.com\/it\/scarpe-fatte-a-mano\/blucher-nero-donna-tutto-nero\/","title":{"rendered":"Ethel All Black Donna Blucher Nero"},"content":{"rendered":"<h2>ELEGANZA CLASSICA, PER OGNI STILE<\/h2>\n<p>Un design britannico senza tempo. Un <strong>blucher nero da donna<\/strong>, realizzato a mano in ogni punto. L&#8217;estrema qualit\u00e0 della pelle fiore utilizzata. Per tutti i giorni in cui avete bisogno di scarpe che brillino con discrezione. Un abbinamento sempre interessante con un abito, ma anche con un vestito e una gonna. Quindi potete inserirli nel vostro guardaroba, qualunque sia la vostra palette di colori. E grazie alla loro perfetta finitura, offrono il massimo del comfort e della protezione, qualunque sia il clima esterno.<\/p>\n<p>Questa <strong>scarpa femminile nera con lacci in stile Oxford<\/strong> \u00e8 stata creata da una forma sviluppata in due anni di lavoro. Inoltre, questa scarpa <strong>blucher nera da donna<\/strong> Ethel \u00e8 realizzata a mano con la migliore pelle fiore. Questa elegante scarpa da donna \u00e8 completamente foderata in pelle di vacchetta ed \u00e8 cucita a mano con impunture minime in pelle viola scuro. La suola \u00e8 in vera pelle cucita, per separarla dal terreno abbiamo incluso uno strato extra di pelle nella suola. E per finire, abbiamo iniettato uno strato di spai antiscivolo per aumentare l&#8217;isolamento termico e la protezione della suola.<\/p>\n<p>Per aggiungere un tocco di colore alla luminosit\u00e0 di queste <strong>scarpe blucher da donna<\/strong> e per permettervi di combinarle a vostro piacimento, sono dotate di doppi lacci, in giallo e nei pi\u00f9 discreti lacci neri.<\/p>\n<p>Per rendere ogni viaggio un vero piacere.<\/p>\n","protected":false},"excerpt":{"rendered":"<h2>Ethel All Black Donna Blucher Nero<\/h2>\n<p>Materiale esterno: Pelle di grano<br \/>\nMateriale della suola: pelle cucita pi\u00f9 strato antiscivolo<br \/>\nFodera: pelle di vacchetta viola<br \/>\nTipo di chiusura: lacci<\/p>\n","protected":false},"featured_media":73050,"comment_status":"open","ping_status":"closed","template":"","meta":[],"product_brand":[11791],"product_cat":[9103,9026,9102],"product_tag":[],"woo-feed-brand":[],"class_list":{"0":"post-59703","1":"product","2":"type-product","3":"status-publish","4":"has-post-thumbnail","6":"product_brand-beatnik-shoes-it","7":"product_cat-scarpe-blucher-da-donna","8":"product_cat-scarpe-da-donna","9":"product_cat-scarpe-oxford-da-donna","10":"pa_talla-zapato-35-it","11":"pa_talla-zapato-36-it","12":"pa_talla-zapato-37-it","13":"pa_talla-zapato-38-it","14":"pa_talla-zapato-39-it","15":"pa_talla-zapato-40-it","16":"pa_talla-zapato-41-it","17":"pa_talla-zapato-42-it","19":"first","20":"instock","21":"sale","22":"taxable","23":"shipping-taxable","24":"purchasable","25":"product-type-variable"},"_links":{"self":[{"href":"https:\/\/www.beatnikshoes.com\/it\/wp-json\/wp\/v2\/product\/59703","targetHints":{"allow":["GET"]}}],"collection":[{"href":"https:\/\/www.beatnikshoes.com\/it\/wp-json\/wp\/v2\/product"}],"about":[{"href":"https:\/\/www.beatnikshoes.com\/it\/wp-json\/wp\/v2\/types\/product"}],"replies":[{"embeddable":true,"href":"https:\/\/www.beatnikshoes.com\/it\/wp-json\/wp\/v2\/comments?post=59703"}],"wp:featuredmedia":[{"embeddable":true,"href":"https:\/\/www.beatnikshoes.com\/it\/wp-json\/wp\/v2\/media\/73050"}],"wp:attachment":[{"href":"https:\/\/www.beatnikshoes.com\/it\/wp-json\/wp\/v2\/media?parent=59703"}],"wp:term":[{"taxonomy":"product_brand","embeddable":true,"href":"https:\/\/www.beatnikshoes.com\/it\/wp-json\/wp\/v2\/product_brand?post=59703"},{"taxonomy":"product_cat","embeddable":true,"href":"https:\/\/www.beatnikshoes.com\/it\/wp-json\/wp\/v2\/product_cat?post=59703"},{"taxonomy":"product_tag","embeddable":true,"href":"https:\/\/www.beatnikshoes.com\/it\/wp-json\/wp\/v2\/product_tag?post=59703"},{"taxonomy":"woo-feed-brand","embeddable":true,"href":"https:\/\/www.beatnikshoes.com\/it\/wp-json\/wp\/v2\/woo-feed-brand?post=59703"}],"curies":[{"name":"wp","href":"https:\/\/api.w.org\/{rel}","templated":true}]}}