{"id":59680,"date":"2023-11-30T11:15:08","date_gmt":"2023-11-30T10:15:08","guid":{"rendered":"https:\/\/www.beatnikshoes.com\/zapatos-hechos-a-mano\/blucher-bicolore-femmina-il-nero-blu\/"},"modified":"2026-02-15T11:12:42","modified_gmt":"2026-02-15T10:12:42","slug":"blucher-bicolore-donna-etelico-blu-nero","status":"publish","type":"product","link":"https:\/\/www.beatnikshoes.com\/it\/scarpe-fatte-a-mano\/blucher-bicolore-donna-etelico-blu-nero\/","title":{"rendered":"Blucher bicolore da donna Ethel Black &amp; Blue"},"content":{"rendered":"<h2>CLASSICO STILE BRITANNICO. ELEGANZA FEMMINILE CON UN BLUCHER IN PELLE IN DUE COLORI, BLU E NERO.<\/h2>\n<p>Il <strong>blucher da donna bicolore <\/strong>con un design classico e un tocco di colore contemporaneo. Blu piombo su nero. Discrezione e stile uniti alla funzionalit\u00e0. Perfetto per tutti i tipi di situazioni di lavoro e di svago. Per questo motivo, si abbinano bene sia a una giacca da abito sia a un abbigliamento pi\u00f9 rilassato.<\/p>\n<p>Un <strong>blucher da donna bicolore blu e nero<\/strong> che sottolineer\u00e0 il vostro guardaroba quotidiano e che, grazie alla qualit\u00e0 dei materiali utilizzati, vi accompagner\u00e0 a lungo con il massimo comfort.<\/p>\n<p>Questa scarpa stringata bicolore nasce da una forma sviluppata dopo oltre due anni di lavoro.<\/p>\n<p>La nostra Ethel \u00e8 una <strong>scarpa bicolore da donna in stile Oxford<\/strong> realizzata a mano in Spagna con tomaia in pelle fiore nera e blu piombo. L&#8217;intera lama \u00e8 stata spillata a mano per una decorazione ottimale della punta dell&#8217;ala.<\/p>\n<p>La fodera \u00e8 anch&#8217;essa in pelle di vacchetta ed \u00e8 cucita a mano con minime impunture di colore viola scuro. Le suole sono in vera pelle e sulla suola abbiamo iniettato uno strato di spai antiscivolo per un maggiore isolamento e durata della suola. Tutto questo per offrirvi il massimo del calore e del comfort.<\/p>\n<p>Per una combinazione di colori ancora pi\u00f9 adatta ai gusti del proprietario, questa <strong>scarpa derby da donna bicolore<\/strong> \u00e8 dotata di doppia allacciatura in blu cobalto e nero.<\/p>\n","protected":false},"excerpt":{"rendered":"<h2>Blucher bicolore fatto a mano in Spagna<\/h2>\n<p>Materiale esterno: Pelle di grano<br \/>\nMateriale della suola: pelle cucita pi\u00f9 strato antiscivolo<br \/>\nFodera: pelle di vacchetta viola<br \/>\nTipo di chiusura: lacci<br \/>\nTipo di tacco: basso<\/p>\n","protected":false},"featured_media":76263,"comment_status":"open","ping_status":"closed","template":"","meta":[],"product_brand":[11791],"product_cat":[9103,9026,9248,9102],"product_tag":[],"woo-feed-brand":[],"class_list":{"0":"post-59680","1":"product","2":"type-product","3":"status-publish","4":"has-post-thumbnail","6":"product_brand-beatnik-shoes-it","7":"product_cat-scarpe-blucher-da-donna","8":"product_cat-scarpe-da-donna","9":"product_cat-scarpe-da-donna-bicolore","10":"product_cat-scarpe-oxford-da-donna","11":"pa_talla-zapato-35-it","12":"pa_talla-zapato-36-it","13":"pa_talla-zapato-37-it","14":"pa_talla-zapato-38-it","15":"pa_talla-zapato-39-it","16":"pa_talla-zapato-40-it","17":"pa_talla-zapato-41-it","18":"pa_talla-zapato-42-it","20":"first","21":"instock","22":"sale","23":"taxable","24":"shipping-taxable","25":"purchasable","26":"product-type-variable"},"_links":{"self":[{"href":"https:\/\/www.beatnikshoes.com\/it\/wp-json\/wp\/v2\/product\/59680","targetHints":{"allow":["GET"]}}],"collection":[{"href":"https:\/\/www.beatnikshoes.com\/it\/wp-json\/wp\/v2\/product"}],"about":[{"href":"https:\/\/www.beatnikshoes.com\/it\/wp-json\/wp\/v2\/types\/product"}],"replies":[{"embeddable":true,"href":"https:\/\/www.beatnikshoes.com\/it\/wp-json\/wp\/v2\/comments?post=59680"}],"wp:featuredmedia":[{"embeddable":true,"href":"https:\/\/www.beatnikshoes.com\/it\/wp-json\/wp\/v2\/media\/76263"}],"wp:attachment":[{"href":"https:\/\/www.beatnikshoes.com\/it\/wp-json\/wp\/v2\/media?parent=59680"}],"wp:term":[{"taxonomy":"product_brand","embeddable":true,"href":"https:\/\/www.beatnikshoes.com\/it\/wp-json\/wp\/v2\/product_brand?post=59680"},{"taxonomy":"product_cat","embeddable":true,"href":"https:\/\/www.beatnikshoes.com\/it\/wp-json\/wp\/v2\/product_cat?post=59680"},{"taxonomy":"product_tag","embeddable":true,"href":"https:\/\/www.beatnikshoes.com\/it\/wp-json\/wp\/v2\/product_tag?post=59680"},{"taxonomy":"woo-feed-brand","embeddable":true,"href":"https:\/\/www.beatnikshoes.com\/it\/wp-json\/wp\/v2\/woo-feed-brand?post=59680"}],"curies":[{"name":"wp","href":"https:\/\/api.w.org\/{rel}","templated":true}]}}