{"id":61698,"date":"2023-09-07T19:49:09","date_gmt":"2023-09-07T17:49:09","guid":{"rendered":"https:\/\/www.beatnikshoes.com\/guida-alle-taglie\/"},"modified":"2025-08-10T20:35:02","modified_gmt":"2025-08-10T18:35:02","slug":"guida-alle-taglie","status":"publish","type":"page","link":"https:\/\/www.beatnikshoes.com\/it\/guida-alle-taglie\/","title":{"rendered":"Guida alle dimensioni"},"content":{"rendered":"\n\n\t<section class=\"section\" id=\"section_1515259716\">\n\t\t<div class=\"section-bg fill\" >\n\t\t\t\t\t\t\t\t\t\n\t\t\t\n\n\t\t<\/div>\n\n\t\t\n\n\t\t<div class=\"section-content relative\">\n\t\t\t\n\n\t<div id=\"text-3483348675\" class=\"text is-small\">\n\t\t\n\n<h1 class=\"uppercase\">GUIDA ALLE TAGLIE DELLE SCARPE BEATNIK<\/h1>\n\t\t\t<\/div>\n\t\n<div class=\"row\"  id=\"row-374522786\">\n\n\n\t<div id=\"col-2096963860\" class=\"col medium-6 small-12 large-6\"  >\n\t\t\t\t<div class=\"col-inner\"  >\n\t\t\t\n\t\t\t\n\n\t<div id=\"text-948220436\" class=\"text is-small\">\n\t\t\n\n<p>Lo sviluppo di ogni modello \u00e8 guidato soprattutto dal vostro comfort e dal vostro stile. Il numero di Beatnik \u00e8 equivalente a quello di altri marchi internazionali di scarpe classiche. Questa tabella \u00e8 allegata come guida di massima per aiutarvi nella scelta.<\/p>\n<p>Per la tabella dei centimetri (CM), misura entrambi i piedi nudi su un foglio di carta, segnando la distanza tra la punta del dito pi\u00f9 lungo e la parte superiore del tallone. Misura questa distanza con un righello. Se sei tra due taglie, ti consigliamo di scegliere la taglia pi\u00f9 grande. Ti consigliamo di prendere la misura a fine giornata.   <\/p>\n\n\t\t\t<\/div>\n\t\n\n\t\t<\/div>\n\t\t\t\t\t<\/div>\n\n\t\n\n\t<div id=\"col-1280533165\" class=\"col medium-6 small-12 large-6\"  >\n\t\t\t\t<div class=\"col-inner\"  >\n\t\t\t\n\t\t\t\n\n<p>Per maggiori informazioni, puoi contattarci telefonicamente, tramite SMS o WhatsApp al numero <strong>+34 669 87 22 07<\/strong>, tramite la nostra <strong>chat online Tidio Chat<\/strong> (la finestra pop-up viola in basso sullo schermo) <strong>o via e-mail all&#8217;indirizzo info@beatnikshoes.com.<\/strong><\/p>\n<p>Se hai bisogno di una taglia diversa, nessun problema. I cambi sono completamente gratuiti nella Spagna continentale, nelle Isole Baleari, in Portogallo e nel resto dell&#8217;Unione Europea. Copriamo solo i costi dei cambi nel resto del mondo. <\/p>\n\n\t\t<\/div>\n\t\t\t\t\t<\/div>\n\n\t\n\n\t<div id=\"col-1868679891\" class=\"col medium-6 small-12 large-6\"  >\n\t\t\t\t<div class=\"col-inner\"  >\n\t\t\t\n\t\t\t\n\n\n\n<table style=\"border-color: #f2f2f2; width: 100%;\">\n<tbody>\n<tr>\n<td style=\"width: 100%; text-align: center;\" colspan=\"4\">DONNA<\/td>\n<\/tr>\n<tr>\n<td style=\"width: 25%; text-align: center;\"><strong>Europa<\/strong><\/td>\n<td style=\"width: 25%; text-align: center;\"><strong>UK<\/strong><\/td>\n<td style=\"width: 25%; text-align: center;\"><strong>USA<\/strong><\/td>\n<td style=\"width: 25%; text-align: center;\"><strong>CM<\/strong><\/td>\n<\/tr>\n<tr style=\"border-color: #ededed;\">\n<td style=\"width: 25%; text-align: center;\">35<\/td>\n<td style=\"width: 25%; text-align: center;\">2<\/td>\n<td style=\"width: 25%; text-align: center;\">4.5<\/td>\n<td style=\"width: 25%; text-align: center;\">22.5<\/td>\n<\/tr>\n<tr>\n<td style=\"width: 25%; background: #ededed; border: solid 1px #fff; text-align: center;\">36<\/td>\n<td style=\"width: 25%; background: #ededed; border: solid 1px #fff; text-align: center;\">3<\/td>\n<td style=\"width: 25%; background: #ededed; border: solid 1px #fff; text-align: center;\">5.5<\/td>\n<td style=\"width: 25%; background: #ededed; border: solid 1px #fff; text-align: center;\">23<\/td>\n<\/tr>\n<tr>\n<td style=\"width: 25%; text-align: center;\">37<\/td>\n<td style=\"width: 25%; text-align: center;\">4<\/td>\n<td style=\"width: 25%; text-align: center;\">6.5<\/td>\n<td style=\"width: 25%; text-align: center;\">23.7<\/td>\n<\/tr>\n<tr>\n<td style=\"width: 25%; background: #ededed; border: solid 1px #fff; text-align: center;\">38<\/td>\n<td style=\"width: 25%; background: #ededed; border: solid 1px #fff; text-align: center;\">5<\/td>\n<td style=\"width: 25%; background: #ededed; border: solid 1px #fff; text-align: center;\">7.5<\/td>\n<td style=\"width:25%; background: #ededed; border: solid 1px #fff; text-align: center;\">24.3<\/td>\n<\/tr>\n<tr>\n<td style=\"width: 25%; text-align: center;\">39<\/td>\n<td style=\"width: 25%; text-align: center;\">6<\/td>\n<td style=\"width: 25%; text-align: center;\">8.5<\/td>\n<td style=\"width: 25%; text-align: center;\">25<\/td>\n<\/tr>\n<tr>\n<td style=\"width: 25%; background: #ededed; border: solid 1px #fff; text-align: center;\">40<\/td>\n<td style=\"width: 25%; background: #ededed; border: solid 1px #fff; text-align: center;\">7<\/td>\n<td style=\"width: 25%; background: #ededed; border: solid 1px #fff; text-align: center;\">9.5<\/td>\n<td style=\"width: 25%; background: #ededed; border: solid 1px #fff; text-align: center;\">25.6<\/td>\n<\/tr>\n<tr>\n<td style=\"width: 25%; text-align: center;\">41<\/td>\n<td style=\"width: 25%; text-align: center;\">8<\/td>\n<td style=\"width: 25%; text-align: center;\">10.5<\/td>\n<td style=\"width: 25%; text-align: center;\">26.3<\/td>\n<\/tr>\n<tr>\n<td style=\"width: 25%; background: #ededed; border: solid 1px #fff; text-align: center;\">42<\/td>\n<td style=\"width: 25%; background: #ededed; border: solid 1px #fff; text-align: center;\">9<\/td>\n<td style=\"width: 25%; background: #ededed; border: solid 1px #fff; text-align: center;\">11.5<\/td>\n<td style=\"width: 25%; background: #ededed; border: solid 1px #fff; text-align: center;\">27<\/td>\n<\/tr>\n<\/tbody>\n<\/table>\n\n\n\t\t<\/div>\n\t\t\t\t\t<\/div>\n\n\t\n\n\t<div id=\"col-1910147446\" class=\"col medium-6 small-12 large-6\"  >\n\t\t\t\t<div class=\"col-inner\"  >\n\t\t\t\n\t\t\t\n\n\n\n<table style=\"border-color: #f2f2f2; width: 100%;\">\n<tbody>\n<tr>\n<td style=\"width: 100%; text-align: center;\" colspan=\"4\">UOMO<\/td>\n<\/tr>\n<tr>\n<td style=\"width: 25%; text-align: center;\"><strong>Europa<\/strong><\/td>\n<td style=\"width: 25%; text-align: center;\"><strong>UK<\/strong><\/td>\n<td style=\"width: 25%; text-align: center;\"><strong>USA<\/strong><\/td>\n<td style=\"width: 25%; text-align: center;\"><strong>CM<\/strong><\/td>\n<\/tr>\n<tr>\n<td style=\"width: 25%; text-align: center;\">39<\/td>\n<td style=\"width: 25%; text-align: center;\">5<\/td>\n<td style=\"width: 25%; text-align: center;\">6<\/td>\n<td style=\"width: 25%; text-align: center;\">25<\/td>\n<\/tr>\n<tr>\n<td style=\"width: 25%; background: #ededed; border: solid 1px #fff; text-align: center;\">40<\/td>\n<td style=\"width: 25%; background: #ededed; border: solid 1px #fff; text-align: center;\">6<\/td>\n<td style=\"width: 25%; background: #ededed; border: solid 1px #fff; text-align: center;\">7<\/td>\n<td style=\"width: 25%; background: #ededed; border: solid 1px #fff; text-align: center;\">25.6<\/td>\n<\/tr>\n<tr>\n<td style=\"width: 25%; text-align: center;\">41<\/td>\n<td style=\"width: 25%; text-align: center;\">7<\/td>\n<td style=\"width: 25%; text-align: center;\">8<\/td>\n<td style=\"width: 25%; text-align: center;\">26.3<\/td>\n<\/tr>\n<tr>\n<td style=\"width: 25%; background: #ededed; border: solid 1px #fff; text-align: center;\">42<\/td>\n<td style=\"width: 25%; background: #ededed; border: solid 1px #fff; text-align: center;\">8<\/td>\n<td style=\"width: 25%; background: #ededed; border: solid 1px #fff; text-align: center;\">9<\/td>\n<td style=\"width: 25%; background: #ededed; border: solid 1px #fff; text-align: center;\">27<\/td>\n<\/tr>\n<tr>\n<td style=\"width: 25%; text-align: center;\">43<\/td>\n<td style=\"width: 25%; text-align: center;\">9<\/td>\n<td style=\"width: 25%; text-align: center;\">10<\/td>\n<td style=\"width: 25%; text-align: center;\">27.6<\/td>\n<\/tr>\n<tr>\n<td style=\"width: 25%; background: #ededed; border: solid 1px #fff; text-align: center;\">44<\/td>\n<td style=\"width: 25%; background: #ededed; border: solid 1px #fff; text-align: center;\">10<\/td>\n<td style=\"width: 25%; background: #ededed; border: solid 1px #fff; text-align: center;\">11<\/td>\n<td style=\"width: 25%; background: #ededed; border: solid 1px #fff; text-align: center;\">28.5<\/td>\n<\/tr>\n<tr>\n<td style=\"width: 25%; text-align: center;\">45<\/td>\n<td style=\"width: 25%; text-align: center;\">11<\/td>\n<td style=\"width: 25%; text-align: center;\">12<\/td>\n<td style=\"width: 25%; text-align: center;\">29.2<\/td>\n<\/tr>\n<tr>\n<td style=\"width: 25%; background: #ededed; border: solid 1px #fff; text-align: center;\">46<\/td>\n<td style=\"width: 25%; background: #ededed; border: solid 1px #fff; text-align: center;\">12<\/td>\n<td style=\"width: 25%; background: #ededed; border: solid 1px #fff; text-align: center;\">13<\/td>\n<td style=\"width: 25%; background: #ededed; border: solid 1px #fff; text-align: center;\">30<\/td>\n<\/tr>\n<\/tbody>\n<\/table>\n\n\n\t\t<\/div>\n\t\t\t\t\t<\/div>\n\n\t\n\n<\/div>\n\n\t\t<\/div>\n\n\t\t\n<style>\n#section_1515259716 {\n  padding-top: 30px;\n  padding-bottom: 30px;\n}\n<\/style>\n\t<\/section>\n\t\n\n","protected":false},"excerpt":{"rendered":"","protected":false},"author":3,"featured_media":0,"parent":0,"menu_order":13,"comment_status":"closed","ping_status":"closed","template":"","meta":{"footnotes":""},"class_list":["post-61698","page","type-page","status-publish","hentry"],"_links":{"self":[{"href":"https:\/\/www.beatnikshoes.com\/it\/wp-json\/wp\/v2\/pages\/61698","targetHints":{"allow":["GET"]}}],"collection":[{"href":"https:\/\/www.beatnikshoes.com\/it\/wp-json\/wp\/v2\/pages"}],"about":[{"href":"https:\/\/www.beatnikshoes.com\/it\/wp-json\/wp\/v2\/types\/page"}],"author":[{"embeddable":true,"href":"https:\/\/www.beatnikshoes.com\/it\/wp-json\/wp\/v2\/users\/3"}],"replies":[{"embeddable":true,"href":"https:\/\/www.beatnikshoes.com\/it\/wp-json\/wp\/v2\/comments?post=61698"}],"version-history":[{"count":0,"href":"https:\/\/www.beatnikshoes.com\/it\/wp-json\/wp\/v2\/pages\/61698\/revisions"}],"wp:attachment":[{"href":"https:\/\/www.beatnikshoes.com\/it\/wp-json\/wp\/v2\/media?parent=61698"}],"curies":[{"name":"wp","href":"https:\/\/api.w.org\/{rel}","templated":true}]}}