{"id":72311,"date":"2025-07-30T18:43:49","date_gmt":"2025-07-30T16:43:49","guid":{"rendered":"https:\/\/www.beatnikshoes.com\/?post_type=product&p=72311"},"modified":"2025-07-31T19:40:50","modified_gmt":"2025-07-31T17:40:50","slug":"mocassins-daim-marron","status":"publish","type":"product","link":"https:\/\/www.beatnikshoes.com\/fr\/chaussures-a-la-main\/mocassins-daim-marron\/","title":{"rendered":"Welch &#8211; Mocassins en daim marron avec \u00e9trier pour hommes \u00e9l\u00e9gants"},"content":{"rendered":"<h3 data-section-id=\"11s9ht0\" data-start=\"297\" data-end=\"357\"><strong data-start=\"301\" data-end=\"357\">Beatnik Welch &#8211; Mocassins en daim marron avec \u00e9triers<\/strong><\/h3>\n<p data-start=\"359\" data-end=\"768\"><strong data-start=\"359\" data-end=\"404\">Un style intemporel, une \u00e9l\u00e9gance sans effort.<\/strong><\/p>\n<p data-start=\"359\" data-end=\"768\"><br data-start=\"404\" data-end=\"407\"\/>Le nouveau <strong data-start=\"418\" data-end=\"435\">Beatnik Welch<\/strong> est une r\u00e9interpr\u00e9tation raffin\u00e9e du mocassin classique pour homme. Fabriqu\u00e9s \u00e0 la main en Espagne \u00e0 partir de mat\u00e9riaux de premi\u00e8re qualit\u00e9, ces <strong data-start=\"570\" data-end=\"610\">mocassins en daim marron avec \u00e9triers<\/strong> allient l&rsquo;esth\u00e9tique du style anglais traditionnel \u00e0 l&rsquo;artisanat espagnol, garantissant confort, durabilit\u00e9 et sophistication \u00e0 chaque pas. <\/p>\n<p data-start=\"770\" data-end=\"1106\">Depuis sa fondation en 2014, Beatnik Shoes s&rsquo;est engag\u00e9 dans un mod\u00e8le de production 100% national, sans interm\u00e9diaire ni boutique physique. Nous concevons et fabriquons tous nos produits en collaboration avec des ateliers locaux qui partagent notre vision : fabriquer des chaussures exceptionnelles, avec une \u00e2me, bas\u00e9es sur le respect de l&rsquo;artisanat et des ressources. <\/p>\n<h4 data-start=\"1108\" data-end=\"1146\"><strong data-start=\"1113\" data-end=\"1146\">Caract\u00e9ristiques du produit :<\/strong><\/h4>\n<ul data-start=\"1148\" data-end=\"1717\">\n<li data-start=\"1148\" data-end=\"1208\">\n<p data-start=\"1150\" data-end=\"1208\">Mocassin classique pour homme avec design de <strong data-start=\"1194\" data-end=\"1206\">Slipper<\/strong><\/p>\n<\/li>\n<li data-start=\"1209\" data-end=\"1286\">\n<p data-start=\"1211\" data-end=\"1286\">Fabriqu\u00e9 en <strong data-start=\"1224\" data-end=\"1255\">daim marron de haute qualit\u00e9<\/strong>, d&rsquo;une texture souple et douce<\/p>\n<\/li>\n<li data-start=\"1287\" data-end=\"1365\">\n<p data-start=\"1289\" data-end=\"1365\">Applique m\u00e9tallique <strong data-start=\"1306\" data-end=\"1318\">argent\u00e9e<\/strong> sur le cou-de-pied, apportant distinction et style<\/p>\n<\/li>\n<li data-start=\"1366\" data-end=\"1434\">\n<p data-start=\"1368\" data-end=\"1434\">Doublure en <strong data-start=\"1379\" data-end=\"1398\">cuir de veau<\/strong> souple, respirant et durable<\/p>\n<\/li>\n<li data-start=\"1435\" data-end=\"1504\">\n<p data-start=\"1437\" data-end=\"1504\"><strong data-start=\"1437\" data-end=\"1463\">Semelle en cuir v\u00e9ritable<\/strong>, cousue \u00e0 la main par des artisans espagnols<\/p>\n<\/li>\n<li data-start=\"1505\" data-end=\"1583\">\n<p data-start=\"1507\" data-end=\"1583\">Finition brune polyvalente, id\u00e9ale pour les looks d&rsquo;\u00e9t\u00e9 et de mi-saison.<\/p>\n<\/li>\n<li data-start=\"1584\" data-end=\"1659\">\n<p data-start=\"1586\" data-end=\"1659\">Il peut \u00eatre combin\u00e9 avec des tons clairs, du beige, du vert, du bleu marine ou m\u00eame du blanc.<\/p>\n<\/li>\n<li data-start=\"1660\" data-end=\"1717\">\n<p data-start=\"1662\" data-end=\"1717\">Production limit\u00e9e et enti\u00e8rement <strong data-start=\"1698\" data-end=\"1717\">fabriqu\u00e9e en Espagne<\/strong><\/p>\n<\/li>\n<\/ul>\n<p data-start=\"1719\" data-end=\"2018\">Ce mod\u00e8le est con\u00e7u pour l&rsquo;homme qui appr\u00e9cie le bon go\u00fbt, la qualit\u00e9 tangible et les produits qui racontent une histoire. La construction sans lacets et <strong data-start=\"1883\" data-end=\"1903\">l&rsquo;\u00e9trier en m\u00e9tal <\/strong>lui conf\u00e8rent une allure \u00e9l\u00e9gante et masculine, parfaite pour des tenues d\u00e9contract\u00e9es ou plus formelles. <\/p>\n<p data-start=\"2020\" data-end=\"2335\">Les chaussures <strong data-start=\"2020\" data-end=\"2041\">Beatnik Welch<\/strong> ne suivent pas les tendances : elles s&rsquo;int\u00e8grent dans une garde-robe qui repose sur la coh\u00e9rence, la durabilit\u00e9 et un profond respect de l&rsquo;esth\u00e9tique classique. Leur confort et leur finition en font un choix id\u00e9al pour ceux qui recherchent plus qu&rsquo;une simple chaussure : un investissement dans le style et la tradition. <\/p>\n<p data-start=\"2337\" data-end=\"2498\"><strong data-start=\"2337\" data-end=\"2354\">Beatnik Welch<\/strong> est la d\u00e9finition d&rsquo;un mocassin contemporain aux racines authentiques.<br data-start=\"2419\" data-end=\"2422\"\/>Une pi\u00e8ce essentielle pour ceux qui comprennent que le classique ne se d\u00e9mode jamais.<\/p>\n","protected":false},"excerpt":{"rendered":"<h2>Mocassins en daim marron avec \u00e9triers fabriqu\u00e9s \u00e0 la main en Espagne<\/h2>\n<p>Mati\u00e8re ext\u00e9rieure : daim marron<br \/>\nDoublure : cuir de vachette violet<br \/>\nMat\u00e9riau de la semelle : cuir naturel<br \/>\nFermeture : Pas de fermeture<br \/>\nType de talon : Bas<\/p>\n<p><strong>Dernier type : Standard, commandez votre taille habituelle<\/strong><\/p>\n","protected":false},"featured_media":75962,"comment_status":"open","ping_status":"closed","template":"","meta":[],"product_brand":[],"product_cat":[7092,7093],"product_tag":[11924,11927,11925,11931,11926,11930,11928,11929],"woo-feed-brand":[],"class_list":{"0":"post-72311","1":"product","2":"type-product","3":"status-publish","4":"has-post-thumbnail","6":"product_cat-chaussures-homme","7":"product_cat-mocassins-fr","8":"product_tag-mocassins-bruns-pour-hommes","9":"product_tag-mocassins-en-daim-marron-avec-etriers-pour-hommes","10":"product_tag-mocassins-en-daim-marron-pour-hommes","11":"product_tag-mocassins-en-daim-marron-pour-hommes-fr","12":"product_tag-mocassins-en-daim-pour-hommes-avec-etriers","13":"product_tag-pantoufle-marron-pour-homme-avec-semelle-en-cuir","14":"product_tag-pantoufles-en-daim-marron-pour-hommes","15":"product_tag-pantoufles-en-daim-marron-pour-hommes-fr","16":"pa_talla-zapato-39-fr","17":"pa_talla-zapato-40-fr","18":"pa_talla-zapato-41-fr","19":"pa_talla-zapato-42-fr","20":"pa_talla-zapato-43-fr","21":"pa_talla-zapato-44-fr","22":"pa_talla-zapato-45-fr","23":"pa_talla-zapato-46-fr","25":"first","26":"instock","27":"sale","28":"taxable","29":"shipping-taxable","30":"purchasable","31":"product-type-variable"},"_links":{"self":[{"href":"https:\/\/www.beatnikshoes.com\/fr\/wp-json\/wp\/v2\/product\/72311","targetHints":{"allow":["GET"]}}],"collection":[{"href":"https:\/\/www.beatnikshoes.com\/fr\/wp-json\/wp\/v2\/product"}],"about":[{"href":"https:\/\/www.beatnikshoes.com\/fr\/wp-json\/wp\/v2\/types\/product"}],"replies":[{"embeddable":true,"href":"https:\/\/www.beatnikshoes.com\/fr\/wp-json\/wp\/v2\/comments?post=72311"}],"wp:featuredmedia":[{"embeddable":true,"href":"https:\/\/www.beatnikshoes.com\/fr\/wp-json\/wp\/v2\/media\/75962"}],"wp:attachment":[{"href":"https:\/\/www.beatnikshoes.com\/fr\/wp-json\/wp\/v2\/media?parent=72311"}],"wp:term":[{"taxonomy":"product_brand","embeddable":true,"href":"https:\/\/www.beatnikshoes.com\/fr\/wp-json\/wp\/v2\/product_brand?post=72311"},{"taxonomy":"product_cat","embeddable":true,"href":"https:\/\/www.beatnikshoes.com\/fr\/wp-json\/wp\/v2\/product_cat?post=72311"},{"taxonomy":"product_tag","embeddable":true,"href":"https:\/\/www.beatnikshoes.com\/fr\/wp-json\/wp\/v2\/product_tag?post=72311"},{"taxonomy":"woo-feed-brand","embeddable":true,"href":"https:\/\/www.beatnikshoes.com\/fr\/wp-json\/wp\/v2\/woo-feed-brand?post=72311"}],"curies":[{"name":"wp","href":"https:\/\/api.w.org\/{rel}","templated":true}]}}