{"id":71833,"date":"2025-07-25T01:22:12","date_gmt":"2025-07-24T23:22:12","guid":{"rendered":"https:\/\/www.beatnikshoes.com\/zapatos-hechos-a-mano\/oxford-femme-bleu-ciel\/"},"modified":"2025-07-26T13:31:13","modified_gmt":"2025-07-26T11:31:13","slug":"oxford-femme-bleu-ciel","status":"publish","type":"product","link":"https:\/\/www.beatnikshoes.com\/fr\/chaussures-a-la-main\/oxford-femme-bleu-ciel\/","title":{"rendered":"Chaussures Oxford pour femmes en cuir bleu clair"},"content":{"rendered":"<h3 data-start=\"350\" data-end=\"419\"><strong data-start=\"354\" data-end=\"419\">Ethel Blue Volare \u2013 Chaussures Oxford pour femme en cuir bleu clair<\/strong><\/h3>\n<p data-start=\"421\" data-end=\"466\"><strong data-start=\"421\" data-end=\"466\">\u00c9dition limit\u00e9e \u2013 Collection capsule 2025<\/strong><\/p>\n<p data-start=\"468\" data-end=\"784\">Le mod\u00e8le <strong data-start=\"478\" data-end=\"499\">Ethel Blue Volare<\/strong> est bien plus qu&rsquo;une simple chaussure : c&rsquo;est une expression de style, de personnalit\u00e9 et d&rsquo;engagement. Il s&rsquo;agit d&rsquo;une \u00e9l\u00e9gante <strong data-start=\"607\" data-end=\"633\">chaussure Oxford pour femme<\/strong>, fabriqu\u00e9e artisanalement en Espagne, avec une s\u00e9lection rigoureuse de mat\u00e9riaux et une esth\u00e9tique qui allie le classique \u00e0 une touche fra\u00eeche et contemporaine. <\/p>\n<p data-start=\"786\" data-end=\"1130\">Cette Oxford est confectionn\u00e9e en <strong data-start=\"820\" data-end=\"851\">cuir de veau ultra-souple,<\/strong> choisi pour sa capacit\u00e9 \u00e0 s&rsquo;adapter au pied, sa l\u00e9g\u00e8ret\u00e9 et son aspect raffin\u00e9. Le design int\u00e8gre le traditionnel <strong data-start=\"971\" data-end=\"991\">motif brogue<\/strong> sur toute la tige, apportant texture, caract\u00e8re et un clin d&rsquo;\u0153il \u00e0 l&rsquo;h\u00e9ritage classique de la chaussure anglaise, r\u00e9interpr\u00e9t\u00e9 avec une sensibilit\u00e9 moderne. <\/p>\n<p data-start=\"1132\" data-end=\"1413\">La couleur <strong data-start=\"1141\" data-end=\"1155\">bleu clair <\/strong>d&rsquo;inspiration italienne apporte une touche d\u00e9licate mais vibrante, id\u00e9ale pour ceux qui cherchent \u00e0 se d\u00e9marquer avec \u00e9l\u00e9gance et personnalit\u00e9. C&rsquo;est une teinte polyvalente qui convient au printemps, \u00e0 l&rsquo;\u00e9t\u00e9 ou \u00e0 la mi-saison, se mariant avec des tons neutres, pastel, blancs, denim et plus encore. <\/p>\n<p data-start=\"1415\" data-end=\"1707\">L&rsquo;int\u00e9rieur est enti\u00e8rement <strong data-start=\"1446\" data-end=\"1476\">doubl\u00e9 de cuir de veau<\/strong>, offrant une foul\u00e9e douce, respirante et confortable. La <strong data-start=\"1538\" data-end=\"1564\">semelle en cuir v\u00e9ritable<\/strong>, cousue avec pr\u00e9cision par nos artisans, int\u00e8gre une <strong data-start=\"1625\" data-end=\"1653\">fine couche antid\u00e9rapante<\/strong>, qui apporte s\u00e9curit\u00e9 sans compromettre l&rsquo;esth\u00e9tique. <\/p>\n<p data-start=\"1709\" data-end=\"1948\"><strong data-start=\"1709\" data-end=\"1730\">Ethel Blue Volare<\/strong> fait partie de notre <strong data-start=\"1754\" data-end=\"1780\">collection capsule 2025<\/strong>, en \u00e9dition limit\u00e9e. Comme tous les mod\u00e8les Beatnik Shoes, il s&rsquo;agit d&rsquo;un design <strong data-start=\"1869\" data-end=\"1882\">intemporel<\/strong>, con\u00e7u pour rester dans votre garde-robe au-del\u00e0 des modes passag\u00e8res. <\/p>\n<p data-start=\"1950\" data-end=\"2257\">Toutes nos chaussures sont <strong data-start=\"1976\" data-end=\"2021\">enti\u00e8rement con\u00e7ues et fabriqu\u00e9es en Espagne<\/strong>, en collaboration avec des ateliers locaux qui partagent notre vision d&rsquo;une <strong data-start=\"2096\" data-end=\"2119\">\u00e9conomie durable<\/strong> et d&rsquo;une production \u00e9thique. Nous vendons exclusivement en ligne, sans interm\u00e9diaires, afin de vous offrir l<strong data-start=\"2211\" data-end=\"2256\">a meilleure qualit\u00e9 au meilleur prix possible.<\/strong> <\/p>\n<p data-start=\"2259\" data-end=\"2415\">Une chaussure con\u00e7ue pour les femmes qui appr\u00e9cient la cr\u00e9ativit\u00e9, l&rsquo;authenticit\u00e9 et la beaut\u00e9 d&rsquo;un travail bien fait.<br data-start=\"2371\" data-end=\"2374\"\/><strong data-start=\"2374\" data-end=\"2395\">Ethel Blue Volare<\/strong>, c&rsquo;est le style avec une \u00e2me.<\/p>\n","protected":false},"excerpt":{"rendered":"<h2>Oxford bleu pour femme en cuir fabriqu\u00e9 \u00e0 la main en Espagne<\/h2>\n<p>Mat\u00e9riau ext\u00e9rieur : cuir de veau<br \/>\nDoublure : cuir de vachette violet<br \/>\nMat\u00e9riau de la semelle : cuir cousu et fine couche antid\u00e9rapante inject\u00e9e<br \/>\nFermeture : lacets<br \/>\nType de talon : Bas<\/p>\n<p><strong>Type de forme : normale, commandez votre taille habituelle<\/strong><\/p>\n","protected":false},"featured_media":76947,"comment_status":"open","ping_status":"closed","template":"","meta":[],"product_brand":[],"product_cat":[7184,7127,7152],"product_tag":[11849,11850,11851,11855,11857,11856,11854,11852,11853],"woo-feed-brand":[],"class_list":{"0":"post-71833","1":"product","2":"type-product","3":"status-publish","4":"has-post-thumbnail","6":"product_cat-chaussures-blucher-pour-femmes","7":"product_cat-chaussures-femme","8":"product_cat-chaussures-oxford-pour-femme","9":"product_tag-blucher-femme-cuir-bleu-ciel","10":"product_tag-blucher-femme-cuir-bleu-clair","11":"product_tag-blucher-femme-en-cuir-bleu-ciel","12":"product_tag-chaussures-a-lacets-femme-en-cuir-bleu-ciel","13":"product_tag-chaussures-a-lacets-femme-en-cuir-bleu-ciel-fr","14":"product_tag-chaussures-a-lacets-femme-en-cuir-bleu-clair","15":"product_tag-cuir-bleu-ciel-pour-femmes-oxford-fr","16":"product_tag-cuir-bleu-ciel-pour-femmes-oxford","17":"product_tag-oxford-femme-cuir-bleu-ciel","18":"pa_talla-zapato-35-fr","19":"pa_talla-zapato-36-fr","20":"pa_talla-zapato-37-fr","21":"pa_talla-zapato-38-fr","22":"pa_talla-zapato-39-fr","23":"pa_talla-zapato-40-fr","24":"pa_talla-zapato-41-fr","25":"pa_talla-zapato-42-fr","27":"first","28":"instock","29":"sale","30":"taxable","31":"shipping-taxable","32":"purchasable","33":"product-type-variable"},"_links":{"self":[{"href":"https:\/\/www.beatnikshoes.com\/fr\/wp-json\/wp\/v2\/product\/71833","targetHints":{"allow":["GET"]}}],"collection":[{"href":"https:\/\/www.beatnikshoes.com\/fr\/wp-json\/wp\/v2\/product"}],"about":[{"href":"https:\/\/www.beatnikshoes.com\/fr\/wp-json\/wp\/v2\/types\/product"}],"replies":[{"embeddable":true,"href":"https:\/\/www.beatnikshoes.com\/fr\/wp-json\/wp\/v2\/comments?post=71833"}],"wp:featuredmedia":[{"embeddable":true,"href":"https:\/\/www.beatnikshoes.com\/fr\/wp-json\/wp\/v2\/media\/76947"}],"wp:attachment":[{"href":"https:\/\/www.beatnikshoes.com\/fr\/wp-json\/wp\/v2\/media?parent=71833"}],"wp:term":[{"taxonomy":"product_brand","embeddable":true,"href":"https:\/\/www.beatnikshoes.com\/fr\/wp-json\/wp\/v2\/product_brand?post=71833"},{"taxonomy":"product_cat","embeddable":true,"href":"https:\/\/www.beatnikshoes.com\/fr\/wp-json\/wp\/v2\/product_cat?post=71833"},{"taxonomy":"product_tag","embeddable":true,"href":"https:\/\/www.beatnikshoes.com\/fr\/wp-json\/wp\/v2\/product_tag?post=71833"},{"taxonomy":"woo-feed-brand","embeddable":true,"href":"https:\/\/www.beatnikshoes.com\/fr\/wp-json\/wp\/v2\/woo-feed-brand?post=71833"}],"curies":[{"name":"wp","href":"https:\/\/api.w.org\/{rel}","templated":true}]}}