{"id":71814,"date":"2025-07-25T01:17:47","date_gmt":"2025-07-24T23:17:47","guid":{"rendered":"https:\/\/www.beatnikshoes.com\/zapatos-hechos-a-mano\/beatnik-lucien-beige\/"},"modified":"2025-07-26T12:58:41","modified_gmt":"2025-07-26T10:58:41","slug":"beatnik-lucien-beige","status":"publish","type":"product","link":"https:\/\/www.beatnikshoes.com\/fr\/chaussures-a-la-main\/beatnik-lucien-beige\/","title":{"rendered":"Chaussures Oxford pour homme en cuir beige"},"content":{"rendered":"<h3 data-start=\"445\" data-end=\"506\"><strong data-start=\"449\" data-end=\"506\">Lucien Beige \u2013 Chaussures Oxford pour homme en cuir beige<\/strong><\/h3>\n<p data-start=\"508\" data-end=\"798\"><strong data-start=\"508\" data-end=\"552\">Design classique, artisanat contemporain<\/strong>. Le mod\u00e8le <strong data-start=\"563\" data-end=\"579\">Lucien Beige <\/strong>de Beatnik Shoes est une <strong data-start=\"603\" data-end=\"633\">chaussure Oxford de type Blucher de couleur cr\u00e8me<\/strong> pour homme, fabriqu\u00e9e enti\u00e8rement en Espagne, qui allie le style anglais le plus traditionnel \u00e0 l&rsquo;excellence du cuir de veau et au confort des chaussures faites main.<\/p>\n<h4 data-start=\"800\" data-end=\"831\"><strong data-start=\"805\" data-end=\"831\">D\u00e9tails du produit :<\/strong><\/h4>\n<ul data-start=\"833\" data-end=\"1373\">\n<li data-start=\"833\" data-end=\"919\">\n<p data-start=\"835\" data-end=\"919\"><strong data-start=\"842\" data-end=\"865\">Chaussure Oxford de type Blucher <\/strong>avec motif <strong data-start=\"877\" data-end=\"896\">Longwing Brogue,<\/strong> classique et intemporelle.<\/p>\n<\/li>\n<li data-start=\"920\" data-end=\"1004\">\n<p data-start=\"922\" data-end=\"1004\"><strong data-start=\"939\" data-end=\"974\">Fabriqu\u00e9 en cuir de veau cr\u00e8me de haute qualit\u00e9<\/strong>, souple, flexible et durable.<\/p>\n<\/li>\n<li data-start=\"1005\" data-end=\"1077\">\n<p data-start=\"1007\" data-end=\"1077\"><strong data-start=\"1007\" data-end=\"1044\">Doublure int\u00e9rieure en cuir de veau<\/strong>, pour plus de fra\u00eecheur et de confort<\/p>\n<\/li>\n<li data-start=\"1078\" data-end=\"1146\">\n<p data-start=\"1080\" data-end=\"1146\"><strong data-start=\"1080\" data-end=\"1106\">Semelle en cuir v\u00e9ritable,<\/strong> cousue \u00e0 la main par des artisans experts<\/p>\n<\/li>\n<li data-start=\"1147\" data-end=\"1215\">\n<p data-start=\"1149\" data-end=\"1215\"><strong data-start=\"1175\" data-end=\"1192\">Finition artisanale dans un ton beige naturel, polyvalent et \u00e9l\u00e9gant.<\/strong><\/p>\n<\/li>\n<li data-start=\"1216\" data-end=\"1309\">\n<p data-start=\"1218\" data-end=\"1309\"><strong data-start=\"1229\" data-end=\"1253\">Id\u00e9al pour l&rsquo;\u00e9t\u00e9 et la mi-saison, il se combine facilement avec des tons neutres, terreux ou vifs.<\/strong><\/p>\n<\/li>\n<li data-start=\"1310\" data-end=\"1373\">\n<p data-start=\"1312\" data-end=\"1373\"><strong data-start=\"1349\" data-end=\"1359\">Con\u00e7u et produit enti\u00e8rement en Espagne depuis 2014.<\/strong><\/p>\n<\/li>\n<\/ul>\n<p data-start=\"1375\" data-end=\"1655\">Cette <strong data-start=\"1380\" data-end=\"1422\">chaussure Oxford pour homme en cuir beige <\/strong>est con\u00e7ue pour ceux qui appr\u00e9cient la qualit\u00e9, le design classique et l&rsquo;engagement envers la fabrication locale. Sa construction soign\u00e9e et ses mat\u00e9riaux nobles garantissent un confort de marche et une allure distingu\u00e9e, saison apr\u00e8s saison. <\/p>\n","protected":false},"excerpt":{"rendered":"<h2>Blucher beige en cuir fabriqu\u00e9 \u00e0 la main en Espagne<\/h2>\n<p>Mat\u00e9riau ext\u00e9rieur : cuir de veau<br \/>\nDoublure : cuir de vachette violet<br \/>\nMat\u00e9riau de la semelle : cuir cousu et fine couche antid\u00e9rapante inject\u00e9e<br \/>\nFermeture : lacets<br \/>\nType de talon : Bas<\/p>\n<p><strong>Type de forme : Grande, commandez une taille en dessous de votre taille habituelle.<\/strong><\/p>\n","protected":false},"featured_media":74436,"comment_status":"open","ping_status":"closed","template":"","meta":[],"product_brand":[],"product_cat":[7282,7092,7210],"product_tag":[11835,11838,11839,11836,11834,11837],"woo-feed-brand":[],"class_list":{"0":"post-71814","1":"product","2":"type-product","3":"status-publish","4":"has-post-thumbnail","6":"product_cat-chaussures-blucher-pour-homme","7":"product_cat-chaussures-homme","8":"product_cat-oxfords-fr","9":"product_tag-blucher-en-cuir-beige-pour-homme","10":"product_tag-blucher-en-cuir-couleur-creme-pour-homme","11":"product_tag-chaussures-a-lacets-couleur-creme-pour-homme-fr","12":"product_tag-chaussures-a-lacets-couleur-creme-pour-homme","13":"product_tag-oxford-en-cuir-beige-pour-homme","14":"product_tag-oxford-en-cuir-couleur-creme-pour-homme","15":"pa_talla-zapato-39-fr","16":"pa_talla-zapato-40-fr","17":"pa_talla-zapato-41-fr","18":"pa_talla-zapato-42-fr","19":"pa_talla-zapato-43-fr","20":"pa_talla-zapato-44-fr","21":"pa_talla-zapato-45-fr","22":"pa_talla-zapato-46-fr","24":"first","25":"instock","26":"sale","27":"taxable","28":"shipping-taxable","29":"purchasable","30":"product-type-variable"},"_links":{"self":[{"href":"https:\/\/www.beatnikshoes.com\/fr\/wp-json\/wp\/v2\/product\/71814","targetHints":{"allow":["GET"]}}],"collection":[{"href":"https:\/\/www.beatnikshoes.com\/fr\/wp-json\/wp\/v2\/product"}],"about":[{"href":"https:\/\/www.beatnikshoes.com\/fr\/wp-json\/wp\/v2\/types\/product"}],"replies":[{"embeddable":true,"href":"https:\/\/www.beatnikshoes.com\/fr\/wp-json\/wp\/v2\/comments?post=71814"}],"wp:featuredmedia":[{"embeddable":true,"href":"https:\/\/www.beatnikshoes.com\/fr\/wp-json\/wp\/v2\/media\/74436"}],"wp:attachment":[{"href":"https:\/\/www.beatnikshoes.com\/fr\/wp-json\/wp\/v2\/media?parent=71814"}],"wp:term":[{"taxonomy":"product_brand","embeddable":true,"href":"https:\/\/www.beatnikshoes.com\/fr\/wp-json\/wp\/v2\/product_brand?post=71814"},{"taxonomy":"product_cat","embeddable":true,"href":"https:\/\/www.beatnikshoes.com\/fr\/wp-json\/wp\/v2\/product_cat?post=71814"},{"taxonomy":"product_tag","embeddable":true,"href":"https:\/\/www.beatnikshoes.com\/fr\/wp-json\/wp\/v2\/product_tag?post=71814"},{"taxonomy":"woo-feed-brand","embeddable":true,"href":"https:\/\/www.beatnikshoes.com\/fr\/wp-json\/wp\/v2\/woo-feed-brand?post=71814"}],"curies":[{"name":"wp","href":"https:\/\/api.w.org\/{rel}","templated":true}]}}