{"id":68723,"date":"2024-12-04T20:44:45","date_gmt":"2024-12-04T19:44:45","guid":{"rendered":"https:\/\/www.beatnikshoes.com\/?post_type=product&#038;p=68723"},"modified":"2025-09-17T00:02:11","modified_gmt":"2025-09-16T22:02:11","slug":"mocassins-a-talons-pour-femmes-beatnik-julie","status":"publish","type":"product","link":"https:\/\/www.beatnikshoes.com\/fr\/chaussures-a-la-main\/mocassins-a-talons-pour-femmes-beatnik-julie\/","title":{"rendered":"Mocassins \u00e0 talons pour femmes Beatnik Julie"},"content":{"rendered":"<p><strong>Mocassins \u00e0 talons Julie pour femmes : \u00e9l\u00e9gance, confort et style artisanal<\/strong><\/p>\n<p>D\u00e9couvrez les <strong>mocassins \u00e0 talons hauts pour femme Julie<\/strong>, une cr\u00e9ation artisanale de <strong>Beatnik Shoes<\/strong>, la marque espagnole qui allie tradition, design et mat\u00e9riaux de qualit\u00e9. Ce mod\u00e8le unique se distingue par son design classique avec une touche contemporaine, parfait pour toutes les occasions. <\/p>\n<h3><strong>L&rsquo;artisanat espagnol : une garantie de qualit\u00e9 et de durabilit\u00e9<\/strong><\/h3>\n<p>Les mocassins Julie sont un exemple de l&rsquo;exceptionnel savoir-faire espagnol. Chaque paire est fabriqu\u00e9e \u00e0 la main par des cordonniers experts, en utilisant des techniques traditionnelles qui garantissent la plus haute qualit\u00e9 dans chaque d\u00e9tail. De la s\u00e9lection de la fleur de cuir \u00e0 la couture finale, chaque \u00e9tape du processus refl\u00e8te l&rsquo;engagement de <strong>Beatnik Shoes<\/strong> en faveur de l&rsquo;excellence.  <\/p>\n<h3><strong>Principales caract\u00e9ristiques des mocassins Julie<\/strong><\/h3>\n<h4><strong>Mat\u00e9riaux de haute qualit\u00e9<\/strong><\/h4>\n<ul>\n<li><strong>Cuir de grain de premi\u00e8re qualit\u00e9 :<\/strong> les mocassins Julie sont fabriqu\u00e9s en cuir de grain, connu pour sa r\u00e9sistance, sa souplesse et sa finition \u00e9l\u00e9gante. Cette mati\u00e8re garantit la durabilit\u00e9 et un ajustement parfait au pied. <\/li>\n<li><strong>Doublure en cuir :<\/strong> L&rsquo;int\u00e9rieur est enti\u00e8rement doubl\u00e9 de cuir, ce qui assure un port confortable et respirant, id\u00e9al pour les longues journ\u00e9es.<\/li>\n<li><strong>Semelle antid\u00e9rapante et imperm\u00e9able :<\/strong> La large semelle en mat\u00e9riau antid\u00e9rapant est parfaite pour assurer la s\u00e9curit\u00e9 les jours de pluie ou sur les surfaces glissantes. De plus, son imperm\u00e9abilit\u00e9 en fait un excellent choix pour l&rsquo;hiver. <\/li>\n<\/ul>\n<h4><strong>Un design \u00e9l\u00e9gant et intemporel<\/strong><\/h4>\n<p>Le mod\u00e8le Julie se caract\u00e9rise par un design classique avec une touche sophistiqu\u00e9e et moderne gr\u00e2ce \u00e0 une combinaison de <strong>trois couleurs soigneusement s\u00e9lectionn\u00e9es<\/strong>: <\/p>\n<ul>\n<li><strong>Noir :<\/strong> Il apporte sobri\u00e9t\u00e9 et \u00e9l\u00e9gance \u00e0 la lame.<\/li>\n<li><strong>Blanc :<\/strong> \u00e9claircit la tige, cr\u00e9ant un contraste frais et raffin\u00e9.<\/li>\n<li><strong>Vert fonc\u00e9 :<\/strong> Sur le masque, il apporte une touche de distinction et d&rsquo;originalit\u00e9.<\/li>\n<\/ul>\n<h4><strong>Talon large et confortable<\/strong><\/h4>\n<p>Le talon haut de 4 cm est parfait pour celles qui veulent une chaussure alliant style et praticit\u00e9. Le design large assure stabilit\u00e9 et confort, vous permettant d&rsquo;\u00eatre impeccable tout au long de la journ\u00e9e sans sacrifier le confort. <\/p>\n<h3><strong>Avantages des mocassins \u00e0 talons Julie pour femme<\/strong><\/h3>\n<ol>\n<li><strong>Confort garanti :<\/strong> Con\u00e7us pour \u00e9pouser naturellement la forme du pied, les mocassins Julie offrent un confort exceptionnel, m\u00eame apr\u00e8s de longues heures de port.<\/li>\n<li><strong>Polyvalence totale :<\/strong> gr\u00e2ce \u00e0 leur design classique et \u00e9l\u00e9gant, ils sont parfaits pour les occasions formelles comme pour les looks plus d\u00e9contract\u00e9s.<\/li>\n<li><strong>Style intemporel :<\/strong> Le mod\u00e8le Julie s&rsquo;adapte \u00e0 toutes les tendances de la mode et vous permet d&rsquo;\u00eatre toujours \u00e0 la pointe.<\/li>\n<li><strong>S\u00e9curit\u00e9 et fonctionnalit\u00e9 :<\/strong> La semelle antid\u00e9rapante et imperm\u00e9able garantit la stabilit\u00e9 et la protection sur tous les types de terrain et dans toutes les conditions m\u00e9t\u00e9orologiques.<\/li>\n<li><strong>Qualit\u00e9 de fabrication :<\/strong> Fabriqu\u00e9e \u00e0 la main en Espagne, chaque paire est une \u0153uvre d&rsquo;art qui allie tradition et modernit\u00e9.<\/li>\n<\/ol>\n<h3><strong>Parfait pour toutes les occasions<\/strong><\/h3>\n<p>Les <strong>mocassins \u00e0 talons de Julie<\/strong> sont id\u00e9aux pour compl\u00e9ter n&rsquo;importe quel style: <\/p>\n<ul>\n<li><strong>Bureau ou r\u00e9unions formelles :<\/strong> son design classique et \u00e9l\u00e9gant ajoute une touche professionnelle \u00e0 toute tenue.<\/li>\n<li><strong>\u00c9v\u00e9nements sociaux :<\/strong> La combinaison des couleurs et le talon confortable les rendent parfaits pour les occasions sp\u00e9ciales.<\/li>\n<li><strong>Tous les jours :<\/strong> Gr\u00e2ce \u00e0 leur confort et \u00e0 leur fonctionnalit\u00e9, ils constituent un excellent choix pour un usage quotidien, m\u00eame par temps pluvieux ou froid.<\/li>\n<\/ul>\n<h3><strong>Durabilit\u00e9 et responsabilit\u00e9<\/strong><\/h3>\n<p>Chez <strong>Beatnik Shoes<\/strong>, la durabilit\u00e9 est une priorit\u00e9. La fabrication artisanale r\u00e9duit l&rsquo;impact sur l&rsquo;environnement et favorise une consommation plus consciente. <\/p>\n<h3><strong>D\u00e9tails techniques du produit<\/strong><\/h3>\n<ul>\n<li><strong>Marque :<\/strong> Beatnik Shoes.<\/li>\n<li><strong>Mod\u00e8le :<\/strong> Julie.<\/li>\n<li><strong>Mat\u00e9riau ext\u00e9rieur :<\/strong> cuir de grain de premi\u00e8re qualit\u00e9.<\/li>\n<li><strong>Doublure :<\/strong> 100% cuir.<\/li>\n<li><strong>Talon :<\/strong> 4 cm de haut, large et stable.<\/li>\n<li><strong>Semelle :<\/strong> Mat\u00e9riau antid\u00e9rapant et imperm\u00e9able.<\/li>\n<li><strong>Couleurs :<\/strong> noir (partie sup\u00e9rieure), blanc (partie sup\u00e9rieure), vert fonc\u00e9 (masque).<\/li>\n<li><strong>Fabrication :<\/strong> fait \u00e0 la main en Espagne.<\/li>\n<\/ul>\n<h3><strong>Pourquoi choisir les mocassins \u00e0 talons Julie ?<\/strong><\/h3>\n<p>Les <strong>mocassins \u00e0 talons en cuir pour femme<\/strong> sont le choix id\u00e9al pour celles qui recherchent des chaussures alliant \u00e9l\u00e9gance, confort et durabilit\u00e9. Avec leur design classique, leurs mat\u00e9riaux de premi\u00e8re qualit\u00e9 et leur fabrication artisanale, ils constituent un investissement qui rehaussera votre style en toute occasion.<\/p>\n<h3><strong>Achetez maintenant et sentez la diff\u00e9rence<\/strong><\/h3>\n<p>N&rsquo;attendez plus pour d\u00e9couvrir le luxe des <strong>mocassins color\u00e9s<\/strong> fabriqu\u00e9s \u00e0 la main en Espagne. Les mocassins Julie sont disponibles chez <strong>Beatnik Shoes<\/strong>, pr\u00eats \u00e0 vous accompagner \u00e0 chaque pas avec distinction et confort. <\/p>\n","protected":false},"excerpt":{"rendered":"<div class=\"product-short-description\">\n<div class=\"product-short-description\">\n<h2>Mocassins en cuir avec talon Fait \u00e0 la main en Espagne<\/h2>\n<p>Mat\u00e9riau ext\u00e9rieur : cro\u00fbte de cuir de vache noire, blanche et verte<br \/>\nRev\u00eatement : Cuir de vachette violet<br \/>\nMat\u00e9riau de la semelle : Mat\u00e9riau de la semelle antid\u00e9rapant<br \/>\nType de talon : Large et 4 centim\u00e8tres de haut<\/p>\n<\/div>\n<\/div>\n","protected":false},"featured_media":69789,"comment_status":"open","ping_status":"closed","template":"","meta":[],"product_brand":[],"product_cat":[8899,7127,7143],"product_tag":[11706,11697,11704,11699,11705,11702,11707,11700,11701,11703,11698],"woo-feed-brand":[],"class_list":{"0":"post-68723","1":"product","2":"type-product","3":"status-publish","4":"has-post-thumbnail","6":"product_cat-chaussures-bicolores-pour-femme","7":"product_cat-chaussures-femme","8":"product_cat-mocassins-femme-fr","9":"product_tag-couleurs-et-talons-des-penny-loafers","10":"product_tag-mocassins-a-talons-hauts-pour-femmes","11":"product_tag-mocassins-a-talons-hauts-pour-femmes-fr","12":"product_tag-mocassins-a-talons-pour-femmes","13":"product_tag-mocassins-a-talons-pour-femmes-fr","14":"product_tag-mocassins-avec-talon-en-cuir","15":"product_tag-mocassins-confortables-a-talons-en-cuir-pour-femmes","16":"product_tag-mocassins-en-cuir-colore-pour-femmes","17":"product_tag-mocassins-en-cuir-pour-femmes-fr","18":"product_tag-mocassins-en-cuir-pour-femmes-en-couleurs","19":"product_tag-mocassins-en-cuir-tricolore-pour-femmes","20":"pa_talla-zapato-35-fr","21":"pa_talla-zapato-36-fr","22":"pa_talla-zapato-37-fr","23":"pa_talla-zapato-38-fr","24":"pa_talla-zapato-39-fr","25":"pa_talla-zapato-40-fr","26":"pa_talla-zapato-41-fr","28":"first","29":"instock","30":"sale","31":"taxable","32":"shipping-taxable","33":"purchasable","34":"product-type-variable"},"_links":{"self":[{"href":"https:\/\/www.beatnikshoes.com\/fr\/wp-json\/wp\/v2\/product\/68723","targetHints":{"allow":["GET"]}}],"collection":[{"href":"https:\/\/www.beatnikshoes.com\/fr\/wp-json\/wp\/v2\/product"}],"about":[{"href":"https:\/\/www.beatnikshoes.com\/fr\/wp-json\/wp\/v2\/types\/product"}],"replies":[{"embeddable":true,"href":"https:\/\/www.beatnikshoes.com\/fr\/wp-json\/wp\/v2\/comments?post=68723"}],"wp:featuredmedia":[{"embeddable":true,"href":"https:\/\/www.beatnikshoes.com\/fr\/wp-json\/wp\/v2\/media\/69789"}],"wp:attachment":[{"href":"https:\/\/www.beatnikshoes.com\/fr\/wp-json\/wp\/v2\/media?parent=68723"}],"wp:term":[{"taxonomy":"product_brand","embeddable":true,"href":"https:\/\/www.beatnikshoes.com\/fr\/wp-json\/wp\/v2\/product_brand?post=68723"},{"taxonomy":"product_cat","embeddable":true,"href":"https:\/\/www.beatnikshoes.com\/fr\/wp-json\/wp\/v2\/product_cat?post=68723"},{"taxonomy":"product_tag","embeddable":true,"href":"https:\/\/www.beatnikshoes.com\/fr\/wp-json\/wp\/v2\/product_tag?post=68723"},{"taxonomy":"woo-feed-brand","embeddable":true,"href":"https:\/\/www.beatnikshoes.com\/fr\/wp-json\/wp\/v2\/woo-feed-brand?post=68723"}],"curies":[{"name":"wp","href":"https:\/\/api.w.org\/{rel}","templated":true}]}}