{"id":68683,"date":"2024-12-04T20:08:29","date_gmt":"2024-12-04T19:08:29","guid":{"rendered":"https:\/\/www.beatnikshoes.com\/?post_type=product&#038;p=68683"},"modified":"2025-08-22T12:37:41","modified_gmt":"2025-08-22T10:37:41","slug":"mocassins-en-cuir-trois-tons-pour-femme-bessie-3-tone","status":"publish","type":"product","link":"https:\/\/www.beatnikshoes.com\/fr\/chaussures-a-la-main\/mocassins-en-cuir-trois-tons-pour-femme-bessie-3-tone\/","title":{"rendered":"Mocassins en cuir trois tons pour femme Bessie 3 Tone"},"content":{"rendered":"<p><strong>Mocassins Bessie 3 Tone en cuir tricolore pour femme : El\u00e9gance, Qualit\u00e9 et Confort Made in Spain<\/strong><\/p>\n<p>D\u00e9couvrez les nouveaux <strong>mocassins pour femme Bessie 3 Tone en cuir tricolore<\/strong>, une cr\u00e9ation artisanale de <strong>Beatnik Shoes<\/strong>, une marque espagnole r\u00e9put\u00e9e pour son engagement en mati\u00e8re de qualit\u00e9, d&rsquo;\u00e9l\u00e9gance et de confort. Ces mocassins se distinguent par leur design classique et polyvalent, ce qui en fait le choix id\u00e9al pour toutes les occasions, qu&rsquo;il s&rsquo;agisse d&rsquo;une journ\u00e9e de travail, d&rsquo;une sortie d\u00e9contract\u00e9e ou d&rsquo;un \u00e9v\u00e9nement sp\u00e9cial. <\/p>\n<p><strong>Artisanat espagnol : tradition et excellence<\/strong><\/p>\n<p>Les mocassins Bessie 3 Tone sont enti\u00e8rement fabriqu\u00e9s en Espagne, selon un processus artisanal qui garantit le plus grand soin dans les moindres d\u00e9tails. Fabriqu\u00e9e \u00e0 la main par des cordonniers experts, chaque paire refl\u00e8te la tradition et le savoir-faire de la maroquinerie espagnole, r\u00e9put\u00e9e pour son excellence dans la fabrication de chaussures de haute qualit\u00e9. <\/p>\n<p><strong>Mat\u00e9riaux de qualit\u00e9 sup\u00e9rieure<\/strong><\/p>\n<ul>\n<li><strong>Cuir fleuri haut de gamme :<\/strong> le mod\u00e8le Bessie 3 Tone est fabriqu\u00e9 en cuir fleuri, la couche la plus noble du cuir, connue pour sa douceur, sa r\u00e9sistance et sa beaut\u00e9 naturelle. Ce choix de mat\u00e9riau garantit non seulement une finition impeccable, mais aussi une grande durabilit\u00e9. <\/li>\n<li><strong>Semelle en cuir avec protection antid\u00e9rapante :<\/strong> la semelle en cuir cousue avec pr\u00e9cision offre souplesse et confort de marche. En outre, une couche de mat\u00e9riau antid\u00e9rapant a \u00e9t\u00e9 ajout\u00e9e pour garantir la s\u00e9curit\u00e9 et la stabilit\u00e9 sur n&rsquo;importe quelle surface. <\/li>\n<li><strong>Doublure 100% cuir :<\/strong> L&rsquo;int\u00e9rieur des mocassins est enti\u00e8rement doubl\u00e9 de cuir, pour un confort exceptionnel qui s&rsquo;adapte parfaitement \u00e0 votre pied au fil du temps.<\/li>\n<\/ul>\n<p><strong>Design exclusif et \u00e9l\u00e9gant<\/strong><\/p>\n<p>Le design des mocassins Bessie 3 Tone combine <strong>trois couleurs soigneusement s\u00e9lectionn\u00e9es<\/strong> qui cr\u00e9ent l&rsquo;\u00e9quilibre parfait entre sophistication et style :<\/p>\n<ul>\n<li><strong>Noir :<\/strong> protagoniste de la lame, il apporte sobri\u00e9t\u00e9 et \u00e9l\u00e9gance.<\/li>\n<li><strong>Blanc :<\/strong> Sur la tige, il illumine le design et apporte une touche de fra\u00eecheur et de modernit\u00e9.<\/li>\n<li><strong>Rouge :<\/strong> dans le masque, il introduit un d\u00e9tail distinctif qui refl\u00e8te la personnalit\u00e9 et le caract\u00e8re.<\/li>\n<\/ul>\n<p>Ce jeu de couleurs fait des mocassins Bessie 3 Tone une pi\u00e8ce unique et intemporelle, id\u00e9ale pour les femmes qui cherchent \u00e0 se d\u00e9marquer avec un style classique revisit\u00e9.<\/p>\n<p><strong>Le confort au quotidien<\/strong><\/p>\n<p>Ces mocassins ont \u00e9t\u00e9 con\u00e7us dans un souci de confort pour les longues journ\u00e9es. Gr\u00e2ce \u00e0 leur fabrication artisanale et \u00e0 l&rsquo;utilisation de mat\u00e9riaux de premi\u00e8re qualit\u00e9, ils \u00e9pousent le pied comme une seconde peau, \u00e9vitant toute g\u00eane m\u00eame apr\u00e8s une utilisation prolong\u00e9e. <\/p>\n<p><strong>Polyvalence pour toutes les occasions<\/strong><\/p>\n<p>Les mocassins Bessie 3 Tone pour femmes sont les chaussures id\u00e9ales pour celles qui recherchent un \u00e9quilibre entre \u00e9l\u00e9gance et fonctionnalit\u00e9. Leur design classique et leurs couleurs combinables les rendent parfaits pour : <\/p>\n<ul>\n<li>Compl\u00e9tez un look de bureau formel.<\/li>\n<li>Associez-le \u00e0 une tenue d\u00e9contract\u00e9e pour le week-end.<\/li>\n<li>Ajoutez une touche de distinction \u00e0 tout \u00e9v\u00e9nement ou sortie sp\u00e9ciale.<\/li>\n<\/ul>\n<p><strong>Durabilit\u00e9 et p\u00e9rennit\u00e9<\/strong><\/p>\n<p>Chez Beatnik Shoes, la durabilit\u00e9 est une priorit\u00e9. La fabrication artisanale r\u00e9duit l&rsquo;impact sur l&rsquo;environnement et garantit un produit non seulement beau et fonctionnel, mais aussi responsable. En outre, les mat\u00e9riaux de haute qualit\u00e9 et la confection experte garantissent que les mocassins Bessie 3 Tone constituent un investissement \u00e0 long terme.  <\/p>\n<p><strong>Pourquoi choisir les mocassins Bessie 3 Tone en cuir trois tons de Beatnik Shoes ?<\/strong><\/p>\n<ul>\n<li><strong>Qualit\u00e9 incomparable :<\/strong> Fabriqu\u00e9 \u00e0 partir des mat\u00e9riaux les plus nobles, du cuir pleine fleur \u00e0 la semelle en cuir surpiqu\u00e9.<\/li>\n<li><strong>Design intemporel :<\/strong> un mod\u00e8le classique qui ne se d\u00e9mode jamais.<\/li>\n<li><strong>Fabriqu\u00e9 en Espagne :<\/strong> tradition et artisanat dans chaque paire.<\/li>\n<li><strong>Confort garanti :<\/strong> Con\u00e7ue pour s&rsquo;adapter au pied pour un confort tout au long de la journ\u00e9e.<\/li>\n<li><strong>Polyvalence :<\/strong> parfait pour toutes les occasions, alliant \u00e9l\u00e9gance et fonctionnalit\u00e9.<\/li>\n<\/ul>\n<p>Ne faites pas de compromis sur la qualit\u00e9 ou le style. Les mocassins <strong>Bessie 3 Tone<\/strong> pour femme sont plus que de simples chaussures, ils sont une exp\u00e9rience de luxe qui accompagnera vos pas avec distinction et confort. <\/p>\n<p><strong>D\u00e9tails techniques du produit :<\/strong><\/p>\n<ul>\n<li><strong>Marque :<\/strong> Beatnik Shoes.<\/li>\n<li><strong>Mod\u00e8le :<\/strong> Bessie 3 Tone.<\/li>\n<li><strong>Mat\u00e9riau ext\u00e9rieur :<\/strong> cuir de grain de haute qualit\u00e9.<\/li>\n<li><strong>Doublure :<\/strong> 100% cuir.<\/li>\n<li><strong>Semelle ext\u00e9rieure :<\/strong> cuir avec rev\u00eatement antid\u00e9rapant.<\/li>\n<li><strong>Couleurs :<\/strong> noir (empeigne), blanc (tige), rouge (masque).<\/li>\n<li><strong>Origine :<\/strong> Fabriqu\u00e9 \u00e0 la main en Espagne.<\/li>\n<\/ul>\n<p><strong>Achetez maintenant et rehaussez votre style<\/strong><\/p>\n<p>D\u00e9couvrez la diff\u00e9rence que font des chaussures de qualit\u00e9 sup\u00e9rieure. Les mocassins <strong>Bessie 3 Tone<\/strong> sont disponibles d\u00e8s maintenant chez Beatnik Shoes. Commandez d\u00e8s aujourd&rsquo;hui et profitez d&rsquo;une combinaison parfaite de style, de confort et de savoir-faire traditionnel.  <\/p>\n","protected":false},"excerpt":{"rendered":"<div class=\"product-short-description\">\n<div class=\"product-short-description\">\n<h2>Mocassins pour femmes en cuir Faits \u00e0 la main en Espagne<\/h2>\n<p>Mat\u00e9riau ext\u00e9rieur : cuir de grain en noir, blanc et rouge<br \/>\nRev\u00eatement : Cuir de vachette violet<br \/>\nMat\u00e9riau de la semelle : semelle en cuir et fine couche ext\u00e9rieure antid\u00e9rapante<br \/>\nType de talon : Bas<\/p>\n<\/div>\n<\/div>\n","protected":false},"featured_media":75976,"comment_status":"open","ping_status":"closed","template":"","meta":[],"product_brand":[],"product_cat":[8899,7127,7143],"product_tag":[11653,11649,11655,11650,11652,11647,11654,11648,11651,11646],"woo-feed-brand":[],"class_list":{"0":"post-68683","1":"product","2":"type-product","3":"status-publish","4":"has-post-thumbnail","6":"product_cat-chaussures-bicolores-pour-femme","7":"product_cat-chaussures-femme","8":"product_cat-mocassins-femme-fr","9":"product_tag-beaux-mocassins-en-cuir-pour-femmes","10":"product_tag-des-mocassins-confortables-et-colores","11":"product_tag-mocassin-confortable-et-elegant-en-cuir-pour-femme","12":"product_tag-mocassins-confortables-en-cuir-pour-femmes","13":"product_tag-mocassins-en-cuir-confortables-et-feminins","14":"product_tag-mocassins-en-cuir-tricolore","15":"product_tag-mocassins-pour-femmes-en-cuir-tricolore-fr","16":"product_tag-mocassins-pour-femmes-en-cuir-tricolore","17":"product_tag-mocassins-pour-femmes-fabriques-en-espagne","18":"product_tag-mocassins-tricolores-pour-femmes","19":"pa_talla-zapato-35-fr","20":"pa_talla-zapato-36-fr","21":"pa_talla-zapato-37-fr","22":"pa_talla-zapato-38-fr","23":"pa_talla-zapato-39-fr","24":"pa_talla-zapato-40-fr","25":"pa_talla-zapato-41-fr","27":"first","28":"instock","29":"sale","30":"taxable","31":"shipping-taxable","32":"purchasable","33":"product-type-variable"},"_links":{"self":[{"href":"https:\/\/www.beatnikshoes.com\/fr\/wp-json\/wp\/v2\/product\/68683","targetHints":{"allow":["GET"]}}],"collection":[{"href":"https:\/\/www.beatnikshoes.com\/fr\/wp-json\/wp\/v2\/product"}],"about":[{"href":"https:\/\/www.beatnikshoes.com\/fr\/wp-json\/wp\/v2\/types\/product"}],"replies":[{"embeddable":true,"href":"https:\/\/www.beatnikshoes.com\/fr\/wp-json\/wp\/v2\/comments?post=68683"}],"wp:featuredmedia":[{"embeddable":true,"href":"https:\/\/www.beatnikshoes.com\/fr\/wp-json\/wp\/v2\/media\/75976"}],"wp:attachment":[{"href":"https:\/\/www.beatnikshoes.com\/fr\/wp-json\/wp\/v2\/media?parent=68683"}],"wp:term":[{"taxonomy":"product_brand","embeddable":true,"href":"https:\/\/www.beatnikshoes.com\/fr\/wp-json\/wp\/v2\/product_brand?post=68683"},{"taxonomy":"product_cat","embeddable":true,"href":"https:\/\/www.beatnikshoes.com\/fr\/wp-json\/wp\/v2\/product_cat?post=68683"},{"taxonomy":"product_tag","embeddable":true,"href":"https:\/\/www.beatnikshoes.com\/fr\/wp-json\/wp\/v2\/product_tag?post=68683"},{"taxonomy":"woo-feed-brand","embeddable":true,"href":"https:\/\/www.beatnikshoes.com\/fr\/wp-json\/wp\/v2\/woo-feed-brand?post=68683"}],"curies":[{"name":"wp","href":"https:\/\/api.w.org\/{rel}","templated":true}]}}