{"id":67450,"date":"2024-10-25T19:45:31","date_gmt":"2024-10-25T17:45:31","guid":{"rendered":"https:\/\/www.beatnikshoes.com\/zapatos-hechos-a-mano\/mocassins-pour-hommes-en-cuir-noir-avec-etrivieres\/"},"modified":"2025-08-25T13:29:15","modified_gmt":"2025-08-25T11:29:15","slug":"mocassins-pour-hommes-en-cuir-noir-avec-etrivieres","status":"publish","type":"product","link":"https:\/\/www.beatnikshoes.com\/fr\/chaussures-a-la-main\/mocassins-pour-hommes-en-cuir-noir-avec-etrivieres\/","title":{"rendered":"Mocassins en cuir avec \u00e9triers Beatnik Snyder Noir Mocassins en cuir avec \u00e9triers Beatnik Snyder Noir"},"content":{"rendered":"<h2><strong>Lancement des nouveaux mocassins en cuir noir pour hommes de Beatnik Shoes : \u00e9l\u00e9gance, confort et savoir-faire en une seule paire<\/strong><\/h2>\n<p>Chez <strong>Beatnik Shoes<\/strong>, nous avons le plaisir de vous pr\u00e9senter nos nouveaux mocassins<strong>en cuir noir pour homme avec \u00e9trier<\/strong>, une chaussure qui allie l&rsquo;\u00e9l\u00e9gance intemporelle au confort maximal. Chaque paire est <strong>fabriqu\u00e9e \u00e0 la main en Espagne <\/strong>selon les meilleures techniques traditionnelles de cordonnerie, ce qui garantit un produit d&rsquo;une qualit\u00e9 exceptionnelle. <\/p>\n<p><strong>Design inspir\u00e9 des mocassins italiens classiques<\/strong><\/p>\n<p>Le design de ces mocassins s&rsquo;inspire des <strong>mocassins italiens classiques<\/strong>, connus pour leur style raffin\u00e9 et intemporel. L&rsquo;un des \u00e9l\u00e9ments les plus frappants de ce mod\u00e8le est l&rsquo;<strong>\u00e9trier m\u00e9tallique argent\u00e9<\/strong> sur le dessus de la tige, \u00e9galement appel\u00e9 <strong>mors de cheval<\/strong>. Ce d\u00e9tail ajoute une touche de sophistication qui rehausse le style de la chaussure, ce qui en fait un choix id\u00e9al pour ceux qui recherchent une chaussure \u00e9l\u00e9gante et diff\u00e9rente.  <\/p>\n<p><strong>Cuir grain\u00e9 : souplesse et durabilit\u00e9<\/strong><\/p>\n<p>L&rsquo;une des caract\u00e9ristiques les plus importantes de ces mocassins est le <strong>cuir fleuri<\/strong> dont ils sont faits. Le cuir fleuri est connu pour sa souplesse, sa r\u00e9sistance et sa durabilit\u00e9. Non seulement il est extr\u00eamement confortable, mais il s&rsquo;adapte \u00e9galement \u00e0 la forme du pied, offrant ainsi un ajustement parfait d\u00e8s le d\u00e9part. Ce type de cuir s&rsquo;am\u00e9liore avec le temps, ce qui rend les chaussures encore plus confortables au fur et \u00e0 mesure que vous les portez.   <\/p>\n<p><strong>Semelle antid\u00e9rapante tout temps<\/strong><\/p>\n<p>L&rsquo;un des aspects les plus pratiques de ces mocassins est leur <strong>semelle antid\u00e9rapante<\/strong>. Elle est fabriqu\u00e9e dans un mat\u00e9riau durable qui assure une excellente traction m\u00eame sur les surfaces humides, ce qui rend ces mocassins parfaits pour les jours de <strong>pluie<\/strong> ou pour les promenades par <strong>temps froid<\/strong>. La semelle est \u00e9galement <strong>cousue<\/strong> au corps de la chaussure, ce qui garantit sa durabilit\u00e9 et sa tenue dans le temps.  <\/p>\n<p><strong>Un confort in\u00e9gal\u00e9 : une forme qui \u00e9pouse le pied<\/strong><\/p>\n<p>Chez Beatnik Shoes, nous savons qu&rsquo;une chaussure doit \u00eatre non seulement belle, mais aussi confortable. C&rsquo;est pourquoi nous avons con\u00e7u ces mocassins avec une <strong>forme large et confortable <\/strong>qui <strong>\u00e9pouse naturellement le pied<\/strong>. Gr\u00e2ce \u00e0 cet ajustement parfait, ces mocassins ressemblent presque \u00e0 des <strong>pantoufles<\/strong>, vous permettant de les porter des heures durant sans ressentir d&rsquo;inconfort.  <\/p>\n<p><strong>Polyvalence : du costume formel au look d\u00e9contract\u00e9<\/strong><\/p>\n<p>L&rsquo;un des principaux avantages de ces <strong>mocassins en cuir noir pour homme avec \u00e9trier<\/strong> est leur <strong>polyvalence<\/strong>. Ils sont parfaits pour les occasions formelles comme pour les looks plus d\u00e9contract\u00e9s. Si vous les associez \u00e0 un <strong>costume complet<\/strong>, ils sont id\u00e9aux pour les r\u00e9unions d&rsquo;affaires ou les \u00e9v\u00e9nements importants, apportant une touche d&rsquo;\u00e9l\u00e9gance sobre et sophistiqu\u00e9e. En revanche, si vous d\u00e9cidez de les porter avec un <strong>jean<\/strong> ou un <strong>pantalon chino<\/strong>, ils vous donneront une allure plus d\u00e9contract\u00e9e mais tout aussi \u00e9l\u00e9gante.   <\/p>\n<p><strong>Le noir : un choix classique qui ne se trompe jamais<\/strong><\/p>\n<p>Le <strong>noir est une couleur<\/strong> classique qui ne se d\u00e9mode jamais. Ces mocassins en cuir noir sont le choix id\u00e9al pour ceux qui recherchent une chaussure qui s&rsquo;accorde avec presque tout. Le noir est une couleur polyvalente qui s&rsquo;adapte \u00e0 un large \u00e9ventail de couleurs et de styles, des costumes dans les <strong>tons bleus<\/strong>, <strong>gris<\/strong> ou <strong>noirs<\/strong> aux combinaisons plus d\u00e9contract\u00e9es avec des <strong>jeans<\/strong> ou des <strong>chinos<\/strong>.  <\/p>\n<p><strong>Fabriqu\u00e9 \u00e0 la main en Espagne : tradition et qualit\u00e9<\/strong><\/p>\n<p>Chaque paire de mocassins Beatnik Shoes est <strong>fabriqu\u00e9e \u00e0 la main en Espagne<\/strong> par des artisans experts qui utilisent les meilleures techniques de cordonnerie traditionnelles. Cette approche garantit que chaque paire est unique et fabriqu\u00e9e avec une attention exceptionnelle aux d\u00e9tails. Le <strong>savoir-faire<\/strong> est synonyme de qualit\u00e9, et ces mocassins ne font pas exception \u00e0 la r\u00e8gle.  <\/p>\n<p><strong>Durabilit\u00e9 garantie<\/strong><\/p>\n<p>La <strong>durabilit\u00e9<\/strong> est l&rsquo;une des principales caract\u00e9ristiques des mocassins Beatnik Shoes. Gr\u00e2ce \u00e0 la combinaison de mat\u00e9riaux de haute qualit\u00e9, tels que le <strong>cuir grain\u00e9<\/strong> et les <strong>semelles cousues<\/strong>, ces chaussures sont con\u00e7ues pour durer des ann\u00e9es avec un entretien ad\u00e9quat. Vous n&rsquo;aurez pas \u00e0 vous soucier de les remplacer apr\u00e8s quelques utilisations, car leur fabrication artisanale garantit qu&rsquo;elles r\u00e9sisteront \u00e0 l&rsquo;\u00e9preuve du temps.  <\/p>\n<p><strong>Pourquoi choisir les mocassins en cuir noir de Beatnik Shoes ?<\/strong><\/p>\n<p>Si vous recherchez une paire de chaussures alliant <strong>\u00e9l\u00e9gance<\/strong>, <strong>confort<\/strong> et <strong>durabilit\u00e9<\/strong>, ces <strong>nouveaux mocassins \u00e9triers en cuir noir pour homme<\/strong> de Beatnik Shoes sont le choix id\u00e9al. Leur design classique, rehauss\u00e9 d&rsquo;une touche moderne gr\u00e2ce \u00e0<strong> l&rsquo;\u00e9trier en m\u00e9tal,<\/strong> leur conf\u00e8re une allure sophistiqu\u00e9e, un incontournable de la garde-robe masculine. <\/p>\n<p>Ces mocassins sont parfaits pour les occasions formelles comme d\u00e9contract\u00e9es, gr\u00e2ce \u00e0 leur <strong>polyvalence<\/strong> et leur <strong>confort sup\u00e9rieur<\/strong>. De plus, leur <strong>semelle antid\u00e9rapante<\/strong> et leur construction durable vous permettent de les porter en toute situation, quelles que soient la m\u00e9t\u00e9o et l&rsquo;occasion. <\/p>\n","protected":false},"excerpt":{"rendered":"<h2>Mocassins en cuir pour hommes faits \u00e0 la main<\/h2>\n<p>Mat\u00e9riau ext\u00e9rieur : cuir de vachette pleine fleur noir<br \/>\nDoublure : cuir de veau<br \/>\nMat\u00e9riau de la semelle : Mat\u00e9riau antid\u00e9rapant cousu<br \/>\nFermeture : Non<br \/>\nType de talon : Bas<\/p>\n","protected":false},"featured_media":69621,"comment_status":"open","ping_status":"closed","template":"","meta":[],"product_brand":[],"product_cat":[7092,7093],"product_tag":[11480,11485,11483,11486,11479,11484,11481,11482],"woo-feed-brand":[],"class_list":{"0":"post-67450","1":"product","2":"type-product","3":"status-publish","4":"has-post-thumbnail","6":"product_cat-chaussures-homme","7":"product_cat-mocassins-fr","8":"product_tag-mocassins-beatniks-noirs","9":"product_tag-mocassins-classiques-en-cuir-noir-pour-hommes","10":"product_tag-mocassins-en-cuir-noir-pour-hommes","11":"product_tag-mocassins-habilles-en-cuir-noir-pour-hommes","12":"product_tag-mocassins-noirs","13":"product_tag-mocassins-noirs-avec-garniture-metallique","14":"product_tag-mocassins-noirs-chaussures-beatnik","15":"product_tag-mocassins-noirs-pour-hommes","16":"pa_talla-zapato-39-fr","17":"pa_talla-zapato-40-fr","18":"pa_talla-zapato-41-fr","19":"pa_talla-zapato-42-fr","20":"pa_talla-zapato-43-fr","21":"pa_talla-zapato-44-fr","22":"pa_talla-zapato-45-fr","23":"pa_talla-zapato-46-fr","25":"first","26":"instock","27":"sale","28":"taxable","29":"shipping-taxable","30":"purchasable","31":"product-type-variable"},"_links":{"self":[{"href":"https:\/\/www.beatnikshoes.com\/fr\/wp-json\/wp\/v2\/product\/67450","targetHints":{"allow":["GET"]}}],"collection":[{"href":"https:\/\/www.beatnikshoes.com\/fr\/wp-json\/wp\/v2\/product"}],"about":[{"href":"https:\/\/www.beatnikshoes.com\/fr\/wp-json\/wp\/v2\/types\/product"}],"replies":[{"embeddable":true,"href":"https:\/\/www.beatnikshoes.com\/fr\/wp-json\/wp\/v2\/comments?post=67450"}],"wp:featuredmedia":[{"embeddable":true,"href":"https:\/\/www.beatnikshoes.com\/fr\/wp-json\/wp\/v2\/media\/69621"}],"wp:attachment":[{"href":"https:\/\/www.beatnikshoes.com\/fr\/wp-json\/wp\/v2\/media?parent=67450"}],"wp:term":[{"taxonomy":"product_brand","embeddable":true,"href":"https:\/\/www.beatnikshoes.com\/fr\/wp-json\/wp\/v2\/product_brand?post=67450"},{"taxonomy":"product_cat","embeddable":true,"href":"https:\/\/www.beatnikshoes.com\/fr\/wp-json\/wp\/v2\/product_cat?post=67450"},{"taxonomy":"product_tag","embeddable":true,"href":"https:\/\/www.beatnikshoes.com\/fr\/wp-json\/wp\/v2\/product_tag?post=67450"},{"taxonomy":"woo-feed-brand","embeddable":true,"href":"https:\/\/www.beatnikshoes.com\/fr\/wp-json\/wp\/v2\/woo-feed-brand?post=67450"}],"curies":[{"name":"wp","href":"https:\/\/api.w.org\/{rel}","templated":true}]}}