{"id":67409,"date":"2024-10-25T22:22:44","date_gmt":"2024-10-25T20:22:44","guid":{"rendered":"https:\/\/www.beatnikshoes.com\/?post_type=product&#038;p=67409"},"modified":"2025-08-23T21:11:17","modified_gmt":"2025-08-23T19:11:17","slug":"burgundy-womens-leather-loafers-with-stirrup","status":"publish","type":"product","link":"https:\/\/www.beatnikshoes.com\/fr\/chaussures-a-la-main\/burgundy-womens-leather-loafers-with-stirrup\/","title":{"rendered":"Mocassins en cuir bordeaux avec \u00e9triers Beatnik Nina Rouge"},"content":{"rendered":"<h2><strong>Nouveaux mocassins en cuir bordeaux fonc\u00e9 pour femmes de Beatnik Shoes<\/strong><\/h2>\n<p>Chez <strong>Beatnik Shoes<\/strong>, nous sommes fiers de lancer une nouvelle pi\u00e8ce alliant tradition, savoir-faire et style : nos <strong>mocassins pour femme en cuir bordeaux <\/strong>avec \u00e9trier en m\u00e9tal argent\u00e9. Con\u00e7us avec soin et fabriqu\u00e9s \u00e0 la main en Espagne, ces mocassins utilisent des mat\u00e9riaux haut de gamme et une attention m\u00e9ticuleuse aux d\u00e9tails pour un style \u00e9l\u00e9gant et un confort exceptionnel \u00e0 chaque pas. <\/p>\n<p>Dans cet article, nous vous expliquerons pourquoi ces mocassins sont le choix parfait pour toute femme \u00e0 la recherche d&rsquo;une chaussure polyvalente, \u00e9l\u00e9gante et durable.<\/p>\n<p><strong>El\u00e9gance intemporelle dans une couleur bordeaux sophistiqu\u00e9e<\/strong><\/p>\n<p>La <strong>couleur bordeaux fonc\u00e9<\/strong> est l&rsquo;une des caract\u00e9ristiques les plus remarquables de ces mocassins. Cette teinte riche et profonde apporte non seulement une touche de sophistication, mais elle est aussi incroyablement polyvalente. Les <strong>mocassins bourgogne<\/strong> s&rsquo;accordent parfaitement avec une grande vari\u00e9t\u00e9 de couleurs et de styles. Qu&rsquo;il s&rsquo;agisse de nuances de <strong>bleu<\/strong>, de <strong>gris<\/strong>, de <strong>camel<\/strong> ou de <strong>noir<\/strong>, de costumes formels ou de jeans d\u00e9contract\u00e9s, ces chaussures ajouteront toujours une dose d&rsquo;\u00e9l\u00e9gance \u00e0 votre ensemble.   <\/p>\n<p><strong>Inspir\u00e9 des mocassins italiens classiques : design avec \u00e9triers en m\u00e9tal<\/strong><\/p>\n<p>Le design de ces mocassins s&rsquo;inspire des <strong>mocassins italiens classiques<\/strong>, connus pour leur style raffin\u00e9 et discret. L&rsquo;un des d\u00e9tails les plus frappants est l&rsquo;<strong>\u00e9trier en m\u00e9tal argent\u00e9<\/strong>, \u00e9galement appel\u00e9 mors, qui orne le haut de la tige. Ce d\u00e9tail ajoute une touche tr\u00e8s sp\u00e9ciale et conf\u00e8re au <strong>mocassin classique<\/strong> une touche de modernit\u00e9 sans perdre son essence traditionnelle.  <\/p>\n<p><strong>Fabriqu\u00e9 \u00e0 la main en Espagne : la qualit\u00e9 qui fait la diff\u00e9rence<\/strong><\/p>\n<p>Les <strong>mocassins Beatnik Shoes<\/strong> sont <strong>fabriqu\u00e9s \u00e0 la main en Espagne<\/strong> par des artisans exp\u00e9riment\u00e9s, ce qui garantit une qualit\u00e9 sup\u00e9rieure pour chaque paire. Le processus de fabrication artisanale garantit une <strong>attention aux d\u00e9tails<\/strong> qui ne peut \u00eatre reproduite dans la production de masse, ce qui fait que chaque chaussure est unique. <\/p>\n<p><strong>Doublure int\u00e9grale et semelle antid\u00e9rapante : confort \u00e0 chaque pas<\/strong><\/p>\n<p>L&rsquo;un des points forts de ces <strong>mocassins en cuir bordeaux pour femme<\/strong> est leur <strong>doublure enti\u00e8rement en cuir<\/strong>, qui vous assure une sensation de confort absolu d\u00e8s que vous les enfilez. Ce type de doublure n&rsquo;offre pas seulement un confort in\u00e9gal\u00e9, mais permet \u00e9galement \u00e0 vos pieds de mieux respirer, \u00e9vitant ainsi l&rsquo;accumulation d&rsquo;humidit\u00e9 m\u00eame pendant de longues journ\u00e9es de port. <\/p>\n<p><strong>Forme confortable qui \u00e9pouse le pied comme un gant<\/strong><\/p>\n<p>Le <strong>confort de la forme<\/strong> est l&rsquo;un des aspects les plus importants de ces mocassins. Chez Beatnik Shoes, nous savons qu&rsquo;il n&rsquo;est pas seulement important qu&rsquo;une chaussure soit belle, mais aussi qu&rsquo;elle soit confortable. La forme de ces mocassins a \u00e9t\u00e9 con\u00e7ue de mani\u00e8re \u00e0 ce que vous puissiez vous sentir \u00e0 l&rsquo;aise et \u00e0 l&rsquo;aise, comme si vous portiez des <strong>pantoufles<\/strong>.  <\/p>\n<p><strong>Polyvalence : du bureau au style d\u00e9contract\u00e9<\/strong><\/p>\n<p>Ces <strong>mocassins en cuir bordeaux pour femme<\/strong> sont non seulement \u00e9l\u00e9gants, mais aussi incroyablement polyvalents. Leur <strong>design intemporel<\/strong> leur permet de s&rsquo;adapter \u00e0 un grand nombre d&rsquo;occasions. Ils sont parfaits pour \u00eatre associ\u00e9s \u00e0 un <strong>costume complet<\/strong> pour le bureau ou une r\u00e9union d&rsquo;affaires, mais ils sont \u00e9galement parfaits avec un <strong>jean<\/strong> ou un <strong>pantalon chino<\/strong> pour un look plus d\u00e9contract\u00e9 et d\u00e9contract\u00e9.  <\/p>\n<p><strong>Durabilit\u00e9 : un investissement \u00e0 long terme<\/strong><\/p>\n<p>L&rsquo;un des grands avantages de ces mocassins est leur<strong> long\u00e9vit\u00e9<\/strong>. Leur <strong>cuir pleine fleu<\/strong>r de haute qualit\u00e9 et leur <strong>semelle cousue<\/strong> leur conf\u00e8rent non seulement un bel aspect, un confort optimal, mais aussi une durabilit\u00e9 exceptionnelle. Avec un entretien appropri\u00e9, ces chaussures dureront des ann\u00e9es, pr\u00e9servant leur beaut\u00e9 et leur fonctionnalit\u00e9.  <\/p>\n<p>En investissant dans des mocassins Beatnik Shoes, vous achetez bien plus qu&rsquo;une simple paire de chaussures. Vous investissez dans un <strong>savoir-faire <\/strong>de qualit\u00e9, un <strong>design intemporel<\/strong> et des chaussures qui vous accompagneront longtemps. Ces mocassins sont con\u00e7us pour r\u00e9sister \u00e0 l&rsquo;\u00e9preuve du temps, tant en termes de style que de durabilit\u00e9.  <\/p>\n<p><strong>Pourquoi choisir les mocassins en cuir bordeaux fonc\u00e9 de Beatnik Shoes ?<\/strong><\/p>\n<p>Les <strong>mocassins \u00e9triers en cuir bordeaux <\/strong>de Beatnik Shoes sont bien plus que de simples chaussures. Ils sont une v\u00e9ritable d\u00e9claration de style, reflet du savoir-faire traditionnel espagnol et t\u00e9moignent de notre engagement envers la <strong>qualit\u00e9 et le confort.<\/strong> Avec leur design inspir\u00e9 des mocassins italiens classiques, leurs<strong> \u00e9triers en m\u00e9tal<\/strong> et leur <strong>coupe confortable<\/strong>, ces chaussures offrent tout ce dont vous avez besoin pour vous sentir \u00e9l\u00e9gante et \u00e0 l&rsquo;aise en toute occasion.  <\/p>\n<p>Que vous les portiez avec un <strong>costume habill\u00e9<\/strong> ou avec un <strong>jea<\/strong>n pour un look plus d\u00e9contract\u00e9, ces mocassins deviendront vite vos pr\u00e9f\u00e9r\u00e9s. Gr\u00e2ce \u00e0 leur <strong>design intempore<\/strong>l et \u00e0 leur <strong>durabilit\u00e9 exceptionnelle,<\/strong> vous avez la garantie d&rsquo;investir dans une paire qui durera des ann\u00e9es. <\/p>\n","protected":false},"excerpt":{"rendered":"<h2>Mocassins Bordeaux Nina, fait \u00e0 la main en Espagne<\/h2>\n<p>Mat\u00e9riau ext\u00e9rieur : cuir de grain<br \/>\nDoublure : cuir de vachette violet<br \/>\nMat\u00e9riau de la semelle : Mat\u00e9riau antid\u00e9rapant cousu<br \/>\nFermeture : Non<br \/>\nType de talon : Bas<\/p>\n","protected":false},"featured_media":76152,"comment_status":"open","ping_status":"closed","template":"","meta":[],"product_brand":[],"product_cat":[7127,7143],"product_tag":[11436,11437,11435,11431,11432,11433,11434,11440,11439,11438],"woo-feed-brand":[],"class_list":{"0":"post-67409","1":"product","2":"type-product","3":"status-publish","4":"has-post-thumbnail","6":"product_cat-chaussures-femme","7":"product_cat-mocassins-femme-fr","8":"product_tag-mocassins-a-litalienne-bordeaux-pour-femmes","9":"product_tag-mocassins-bordeaux-pour-femmes-avec-etriers","10":"product_tag-mocassins-en-cuir-bordeaux-avec-mors-de-cheval","11":"product_tag-mocassins-en-cuir-bordeaux-pour-femmes","12":"product_tag-mocassins-en-cuir-bordeaux-pour-femmes-fr","13":"product_tag-mocassins-faits-main-en-cuir-bordeaux","14":"product_tag-mocassins-pour-femmes-en-cuir-bordeaux","15":"product_tag-pantoufles-a-mors-rouge-pour-femmes","16":"product_tag-pantoufles-pour-femmes-en-cuir-bordeaux-avec-etriers","17":"product_tag-pantoufles-rouges-avec-etrier-pour-femmes","18":"pa_talla-zapato-35-fr","19":"pa_talla-zapato-36-fr","20":"pa_talla-zapato-37-fr","21":"pa_talla-zapato-38-fr","22":"pa_talla-zapato-39-fr","23":"pa_talla-zapato-40-fr","24":"pa_talla-zapato-41-fr","26":"first","27":"instock","28":"sale","29":"taxable","30":"shipping-taxable","31":"purchasable","32":"product-type-variable"},"_links":{"self":[{"href":"https:\/\/www.beatnikshoes.com\/fr\/wp-json\/wp\/v2\/product\/67409","targetHints":{"allow":["GET"]}}],"collection":[{"href":"https:\/\/www.beatnikshoes.com\/fr\/wp-json\/wp\/v2\/product"}],"about":[{"href":"https:\/\/www.beatnikshoes.com\/fr\/wp-json\/wp\/v2\/types\/product"}],"replies":[{"embeddable":true,"href":"https:\/\/www.beatnikshoes.com\/fr\/wp-json\/wp\/v2\/comments?post=67409"}],"wp:featuredmedia":[{"embeddable":true,"href":"https:\/\/www.beatnikshoes.com\/fr\/wp-json\/wp\/v2\/media\/76152"}],"wp:attachment":[{"href":"https:\/\/www.beatnikshoes.com\/fr\/wp-json\/wp\/v2\/media?parent=67409"}],"wp:term":[{"taxonomy":"product_brand","embeddable":true,"href":"https:\/\/www.beatnikshoes.com\/fr\/wp-json\/wp\/v2\/product_brand?post=67409"},{"taxonomy":"product_cat","embeddable":true,"href":"https:\/\/www.beatnikshoes.com\/fr\/wp-json\/wp\/v2\/product_cat?post=67409"},{"taxonomy":"product_tag","embeddable":true,"href":"https:\/\/www.beatnikshoes.com\/fr\/wp-json\/wp\/v2\/product_tag?post=67409"},{"taxonomy":"woo-feed-brand","embeddable":true,"href":"https:\/\/www.beatnikshoes.com\/fr\/wp-json\/wp\/v2\/woo-feed-brand?post=67409"}],"curies":[{"name":"wp","href":"https:\/\/api.w.org\/{rel}","templated":true}]}}