{"id":67361,"date":"2024-10-25T22:24:14","date_gmt":"2024-10-25T20:24:14","guid":{"rendered":"https:\/\/www.beatnikshoes.com\/?post_type=product&#038;p=67361"},"modified":"2025-08-22T21:41:46","modified_gmt":"2025-08-22T19:41:46","slug":"femmes-mocassins-en-cuir-noir-avec-beret-noir","status":"publish","type":"product","link":"https:\/\/www.beatnikshoes.com\/fr\/chaussures-a-la-main\/femmes-mocassins-en-cuir-noir-avec-beret-noir\/","title":{"rendered":"Mocassins en cuir noir avec \u00e9triers Beatnik Nina Noir"},"content":{"rendered":"<div>\n<h2><b>Nouveaux mocassins en cuir noir pour femmes de Beatnik Shoes : Artisanat, \u00e9l\u00e9gance et confort \u00e0 chaque pas.<\/b><\/h2>\n<\/div>\n<div>\n<p>Chez <b>Beatnik Shoes<\/b>, nous sommes fiers de vous pr\u00e9senter nos nouveaux <b>mocassins en cuir noir pour femme avec \u00e9trier<\/b>, une pi\u00e8ce qui allie style classique et confort moderne. Fabriqu\u00e9s \u00e0 la main en Espagne selon des techniques de cordonnerie traditionnelles, ces mocassins sont un hommage \u00e0 l&rsquo;artisanat de qualit\u00e9, alliant \u00e9l\u00e9gance, polyvalence et durabilit\u00e9. <\/p>\n<\/div>\n<div>\n<p><b>L&rsquo;\u00e9l\u00e9gance intemporelle en noir<\/b><\/p>\n<\/div>\n<div>\n<p>Le <b>noir<\/b> est un classique intemporel qui ne se d\u00e9mode jamais. Ces mocassins en cuir noir sont la d\u00e9finition m\u00eame de la polyvalence, car ils se marient parfaitement avec un large \u00e9ventail de couleurs et de styles. Que vous les portiez avec un <b>costume formel pour le bureau<\/b> ou avec un <b>jean ou un pantalon chino<\/b> pour un look plus d\u00e9contract\u00e9, ces mocassins seront toujours \u00e9l\u00e9gants et sophistiqu\u00e9s.  <\/p>\n<\/div>\n<div>\n<p>Le noir est une couleur qui \u00e9voque l&rsquo;autorit\u00e9, le style et le professionnalisme, ce qui en fait un excellent choix pour le quotidien et les occasions sp\u00e9ciales.<\/p>\n<\/div>\n<div>\n<p><b>Inspir\u00e9 des mocassins italiens classiques : une touche moderne avec des \u00e9triers en m\u00e9tal<\/b><\/p>\n<\/div>\n<div>\n<p>Le design de ces mocassins s&rsquo;inspire des <b>mocassins italiens classiques<\/b>, connus pour leur design raffin\u00e9 et leur sophistication. L&rsquo;un des d\u00e9tails qui distingue cette chaussure est l&rsquo;<b>\u00e9trier m\u00e9tallique argent\u00e9<\/b> qui orne le haut de la tige, \u00e9galement appel\u00e9 <b>mors de cheval<\/b>. Cet \u00e9l\u00e9ment ajoute une touche distinctive et moderne au design classique des mocassins, ce qui en fait une pi\u00e8ce intemporelle qui ne passera pas inaper\u00e7ue.  <\/p>\n<\/div>\n<div>\n<p><b>Fabriqu\u00e9 \u00e0 la main en Espagne : la qualit\u00e9 dans les moindres d\u00e9tails<\/b><\/p>\n<\/div>\n<div>\n<p>Chez <b>Beatnik Shoes<\/b>, la qualit\u00e9 est notre priorit\u00e9, et cela se refl\u00e8te dans chaque paire de mocassins que nous cr\u00e9ons. Ces <b>mocassins en cuir noir pour femme avec \u00e9triers<\/b> ont \u00e9t\u00e9 soigneusement <b>fabriqu\u00e9s \u00e0 la main en Espagne<\/b>, en utilisant des techniques traditionnelles qui garantissent une finition de qualit\u00e9 sup\u00e9rieure. Chaque paire est un \u00e9chantillon de l&rsquo;art de la cordonnerie artisanale, o\u00f9 chaque d\u00e9tail, de la s\u00e9lection du cuir \u00e0 la couture de la semelle, est soign\u00e9 \u00e0 l&rsquo;extr\u00eame.  <\/p>\n<\/div>\n<div>\n<p>Les chaussures <b>fabriqu\u00e9es \u00e0 la main<\/b> sont synonymes de durabilit\u00e9, et ces mocassins ne font pas exception. Le processus de fabrication \u00e0 la main garantit que chaque chaussure est unique, avec une attention particuli\u00e8re port\u00e9e aux finitions, pour un produit final \u00e0 la fois durable et esth\u00e9tiquement impeccable. <\/p>\n<\/div>\n<div>\n<p><b>Confort sup\u00e9rieur : forme \u00e9pousant le pied<\/b><\/p>\n<\/div>\n<div>\n<p>Chez <b>Beatnik Shoes<\/b>, nous savons que le <b>confort<\/b> est essentiel lorsqu&rsquo;il s&rsquo;agit de chaussures. C&rsquo;est pourquoi nous avons con\u00e7u une <b>forme qui<\/b>s&rsquo;adapte \u00e0 la forme naturelle du pied. La forme est large et con\u00e7ue pour <b>\u00e9pouser le pied comme une pantoufle<\/b>, ce qui garantit un ajustement confortable et naturel d\u00e8s la premi\u00e8re utilisation. <\/p>\n<\/div>\n<div>\n<p><b>Polyvalence : du travail \u00e0 la d\u00e9tente<\/b><\/p>\n<\/div>\n<div>\n<p>L&rsquo;un des principaux avantages de ces <b>mocassins noirs en cuir pour femmes<\/b> est leur <b>polyvalence<\/b>. Ils sont parfaits pour une grande vari\u00e9t\u00e9 d&rsquo;occasions et de styles, de l&rsquo;environnement formel du bureau \u00e0 un <b>look d\u00e9contract\u00e9<\/b> pour une soir\u00e9e entre amis. Leur design classique avec la touche moderne de l&rsquo;\u00e9trier en m\u00e9tal les rend adapt\u00e9s \u00e0 tous les types de tenues, qu&rsquo;il s&rsquo;agisse d&rsquo;un <b>costume complet<\/b> ou d&rsquo;un <b>jean<\/b> et d&rsquo;un pantalon <b>chino<\/b>.  <\/p>\n<\/div>\n<div>\n<p><b>Le noir : une couleur classique qui va avec tout<\/b><\/p>\n<\/div>\n<div>\n<p>Le <b>noir<\/b> est un choix classique et intemporel dans le monde de la chaussure, et ces mocassins ne font pas exception. La polyvalence du noir permet d&rsquo;associer facilement ces chaussures \u00e0 un large \u00e9ventail de couleurs et de styles. Des <b>nuances de bleu<\/b>, de <b>gris<\/b>, de <b>noir<\/b> et de <b>camel<\/b> aux combinaisons plus audacieuses, les mocassins noirs sont la chaussure id\u00e9ale pour toutes les situations.  <\/p>\n<\/div>\n<div>\n<p><b>Longue dur\u00e9e de vie : un investissement intelligent<\/b><\/p>\n<\/div>\n<div>\n<p>En achetant une paire de mocassins chez <b>Beatnik Shoes<\/b>, vous obtenez non seulement une paire de chaussures \u00e9l\u00e9gante et confortable, mais aussi une chaussure <b>tr\u00e8s r\u00e9sistante<\/b>. Gr\u00e2ce au <b>cuir de veau de<\/b> haute qualit\u00e9, \u00e0 la <b>semelle cousue<\/b> et au <b>savoir-faire artisanal<\/b>, ces mocassins sont con\u00e7us pour r\u00e9sister \u00e0 l&rsquo;\u00e9preuve du temps. <\/p>\n<\/div>\n<div>\n<p><b>Pourquoi choisir les mocassins en cuir noir de Beatnik Shoes ?<\/b><\/p>\n<\/div>\n<div>\n<p>Les nouveaux <b>mocassins en cuir noir pour femmes<\/b> de Beatnik Shoes sont la combinaison parfaite de l&rsquo;<b>\u00e9l\u00e9gance<\/b>, du <b>confort<\/b> et de la <b>durabilit\u00e9<\/b>. Leur design d&rsquo;<b>inspiration italienne<\/b>, leur <b>\u00e9trier m\u00e9tallique<\/b> et leur <b>cuir pleine fleur de<\/b> qualit\u00e9 en font un incontournable de votre garde-robe. <\/p>\n<\/div>\n<div>\n<p>Que vous les portiez avec un costume formel ou un look d\u00e9contract\u00e9, ces mocassins ajouteront une touche de classe \u00e0 votre style. De plus, leur <b>confort<\/b> sup\u00e9rieur et leur <b>semelle antid\u00e9rapante<\/b> les rendent parfaits pour toutes les occasions et par tous les temps. <\/p>\n<\/div>\n","protected":false},"excerpt":{"rendered":"<h2>Beatnik Nina, fait \u00e0 la main en Espagne<\/h2>\n<p>Mat\u00e9riau ext\u00e9rieur : cuir de grain<br \/>\nDoublure : cuir de vachette violet<br \/>\nMat\u00e9riau de la semelle : Mat\u00e9riau antid\u00e9rapant cousu<br \/>\nFermeture : Non<br \/>\nType de talon : Bas<\/p>\n","protected":false},"featured_media":69934,"comment_status":"open","ping_status":"closed","template":"","meta":[],"product_brand":[],"product_cat":[7127,7143],"product_tag":[11368,11369,11371,11366,11376,11367,11370,11373,11372,11374,11375],"woo-feed-brand":[],"class_list":{"0":"post-67361","1":"product","2":"type-product","3":"status-publish","4":"has-post-thumbnail","6":"product_cat-chaussures-femme","7":"product_cat-mocassins-femme-fr","8":"product_tag-mocassins-en-cuir-noir-avec-etriers","9":"product_tag-mocassins-en-cuir-noir-avec-garniture-metallique","10":"product_tag-mocassins-en-cuir-noir-avec-garniture-metallique-argentee","11":"product_tag-mocassins-en-cuir-noir-pour-femmes","12":"product_tag-mocassins-en-cuir-noir-pour-femmes-avec-mors-de-cheval","13":"product_tag-mocassins-en-cuir-pour-femmes","14":"product_tag-mocassins-noirs-avec-etriers-pour-femmes","15":"product_tag-mocassins-noirs-pour-femmes-avec-etriers","16":"product_tag-mocassins-pour-femmes-avec-embellissement-argente","17":"product_tag-pantoufles-en-cuir-avec-etriers-pour-femmes","18":"product_tag-pantoufles-noires-pour-femmes-en-cuir-avec-mors-de-cheval","19":"pa_talla-zapato-35-fr","20":"pa_talla-zapato-36-fr","21":"pa_talla-zapato-37-fr","22":"pa_talla-zapato-38-fr","23":"pa_talla-zapato-39-fr","24":"pa_talla-zapato-40-fr","25":"pa_talla-zapato-41-fr","27":"first","28":"instock","29":"sale","30":"taxable","31":"shipping-taxable","32":"purchasable","33":"product-type-variable"},"_links":{"self":[{"href":"https:\/\/www.beatnikshoes.com\/fr\/wp-json\/wp\/v2\/product\/67361","targetHints":{"allow":["GET"]}}],"collection":[{"href":"https:\/\/www.beatnikshoes.com\/fr\/wp-json\/wp\/v2\/product"}],"about":[{"href":"https:\/\/www.beatnikshoes.com\/fr\/wp-json\/wp\/v2\/types\/product"}],"replies":[{"embeddable":true,"href":"https:\/\/www.beatnikshoes.com\/fr\/wp-json\/wp\/v2\/comments?post=67361"}],"wp:featuredmedia":[{"embeddable":true,"href":"https:\/\/www.beatnikshoes.com\/fr\/wp-json\/wp\/v2\/media\/69934"}],"wp:attachment":[{"href":"https:\/\/www.beatnikshoes.com\/fr\/wp-json\/wp\/v2\/media?parent=67361"}],"wp:term":[{"taxonomy":"product_brand","embeddable":true,"href":"https:\/\/www.beatnikshoes.com\/fr\/wp-json\/wp\/v2\/product_brand?post=67361"},{"taxonomy":"product_cat","embeddable":true,"href":"https:\/\/www.beatnikshoes.com\/fr\/wp-json\/wp\/v2\/product_cat?post=67361"},{"taxonomy":"product_tag","embeddable":true,"href":"https:\/\/www.beatnikshoes.com\/fr\/wp-json\/wp\/v2\/product_tag?post=67361"},{"taxonomy":"woo-feed-brand","embeddable":true,"href":"https:\/\/www.beatnikshoes.com\/fr\/wp-json\/wp\/v2\/woo-feed-brand?post=67361"}],"curies":[{"name":"wp","href":"https:\/\/api.w.org\/{rel}","templated":true}]}}