{"id":67325,"date":"2024-10-25T22:25:49","date_gmt":"2024-10-25T20:25:49","guid":{"rendered":"https:\/\/www.beatnikshoes.com\/?post_type=product&#038;p=67325"},"modified":"2025-09-21T19:48:53","modified_gmt":"2025-09-21T17:48:53","slug":"mocassins-avec-stirrup-en-bourgogne-cuir-pour-homme","status":"publish","type":"product","link":"https:\/\/www.beatnikshoes.com\/fr\/chaussures-a-la-main\/mocassins-avec-stirrup-en-bourgogne-cuir-pour-homme\/","title":{"rendered":"Mocassins \u00e0 \u00e9trier en cuir bordeaux pour hommes Beatnik Snyder"},"content":{"rendered":"<h2><strong>Nouveaux mocassins en cuir bordeaux fonc\u00e9 pour hommes, faits \u00e0 la main en Espagne par Beatnik<\/strong><\/h2>\n<p>Chez Beatnik Shoes, nous sommes heureux de vous annoncer le lancement de notre derni\u00e8re cr\u00e9ation : <strong>des mocassins \u00e0 \u00e9trier en cuir bordeaux pour hommes<\/strong>. Il s&rsquo;agit d&rsquo;un mod\u00e8le \u00e9l\u00e9gant et intemporel, fabriqu\u00e9 \u00e0 la main en Espagne, con\u00e7u pour ceux qui recherchent des chaussures de haute qualit\u00e9 alliant style et confort. Ces mocassins se caract\u00e9risent par leur douceur, leur durabilit\u00e9 et leur polyvalence, parfaits pour toutes les occasions, du bureau aux \u00e9v\u00e9nements plus d\u00e9contract\u00e9s.  <\/p>\n<p><strong>Mocassins \u00e0 \u00e9trier en cuir bordeaux pour hommes &#8211; un choix sophistiqu\u00e9 et polyvalent<\/strong><\/p>\n<p>La <strong>couleur bordeaux<\/strong> fonc\u00e9 de ces mocassins est l&rsquo;un de leurs principaux atouts. Cette teinte apporte une touche de sophistication et est incroyablement polyvalente. Elle s&rsquo;accorde parfaitement avec une large gamme de couleurs et de v\u00eatements, ce qui en fait un choix id\u00e9al pour les <strong>costumes formels<\/strong> comme pour les <strong>looks plus d\u00e9contract\u00e9s<\/strong>.  <\/p>\n<p>Imaginez leur \u00e9clat avec un costume bleu, gris ou noir, ou m\u00eame avec un jean ou un chino pour un look plus d\u00e9contract\u00e9 mais tout aussi \u00e9l\u00e9gant. Cette couleur intemporelle apporte de la personnalit\u00e9 \u00e0 votre tenue sans \u00eatre trop marqu\u00e9e, ce qui en fait le compagnon id\u00e9al en toute occasion. <\/p>\n<p><strong>Design classique inspir\u00e9 des mocassins italiens<\/strong><\/p>\n<p>Le design de ces mocassins s&rsquo;inspire des <strong>mocassins italiens classiques<\/strong>, c\u00e9l\u00e8bres pour leur style raffin\u00e9 et leur \u00e9l\u00e9gance intemporelle. La partie sup\u00e9rieure de l&#8217;empeigne est orn\u00e9e d&rsquo;un <strong>\u00e9trier m\u00e9tallique de couleur argent\u00e9e<\/strong>, qui ajoute une touche de distinction et de modernit\u00e9, tout en conservant l&rsquo;essence des mod\u00e8les classiques. <\/p>\n<p><strong>Fabriqu\u00e9 \u00e0 la main en Espagne : la qualit\u00e9 dans les moindres d\u00e9tails<\/strong><\/p>\n<p>Le <strong>savoir-faire artisanal<\/strong> est la marque de fabrique de Beatnik Shoes. Ces mocassins ont \u00e9t\u00e9 soigneusement fabriqu\u00e9s \u00e0 la main en Espagne par des artisans qualifi\u00e9s, garantissant ainsi un produit de qualit\u00e9 sup\u00e9rieure. <\/p>\n<p>L&rsquo;utilisation de <strong>cuir pleine fleur de premi\u00e8re qualit\u00e9 <\/strong>garantit une souplesse exceptionnelle et une grande durabilit\u00e9. Ce type de cuir est reconnu pour sa souplesse et sa durabilit\u00e9. Vos mocassins s&rsquo;adapteront ainsi \u00e0 la forme de votre pied au fil du temps, am\u00e9liorant ainsi votre confort et votre esth\u00e9tique. <\/p>\n<p><strong>Confort garanti : forme parfaite et cuir souple<\/strong><\/p>\n<p>Chez Beatnik Shoes, nous savons que le <strong>confort<\/strong> est aussi important que l&rsquo;esth\u00e9tique, et ces mocassins ne font pas exception. L&rsquo;un de leurs points forts est le <strong>confort de la forme<\/strong>, qui a \u00e9t\u00e9 con\u00e7ue pour s&rsquo;adapter naturellement au pied masculin. Cela garantit un ajustement confortable d\u00e8s la premi\u00e8re utilisation, en \u00e9vitant les p\u00e9riodes d&rsquo;adaptation typiques et inconfortables que d&rsquo;autres chaussures peuvent n\u00e9cessiter.  <\/p>\n<p><strong>Semelle antid\u00e9rapante &#8211; parfaite pour la pluie et le froid<\/strong><\/p>\n<p>Uno de los elementos m\u00e1s innovadores de estos mocasines es su <strong>suela exterior antideslizante<\/strong>, que ha sido especialmente dise\u00f1ada para resistir la lluvia y el fr\u00edo. Si vives en una zona donde el clima puede ser impredecible, estos mocasines son ideales para ti. <\/p>\n<p>De plus, la <strong>semelle est cousue<\/strong>, ce qui garantit une durabilit\u00e9 et une r\u00e9sistance accrues \u00e0 l&rsquo;usure. Cette technique de fabrication renforce la structure de la chaussure, lui permettant de conserver sa forme et sa fonctionnalit\u00e9 longtemps, m\u00eame en cas d&rsquo;utilisation fr\u00e9quente. <\/p>\n<p><strong>Une chaussure pour toutes les occasions &#8211; formelles et d\u00e9contract\u00e9es<\/strong><\/p>\n<p>S&rsquo;il y a bien une chose qui caract\u00e9rise ces <strong>mocassins en cuir bordeaux pour homme<\/strong>, c&rsquo;est leur <strong>polyvalence<\/strong>. Ils conviennent parfaitement aux \u00e9v\u00e9nements formels comme aux situations plus d\u00e9contract\u00e9es. Leur design \u00e9l\u00e9gant et classique en fait un excellent choix pour les <strong>costumes complets<\/strong> au bureau ou les r\u00e9unions d&rsquo;affaires, mais ils sont \u00e9galement parfaits avec des <strong>jeans ou des chinos<\/strong>, cr\u00e9ant un look plus d\u00e9contract\u00e9 sans perdre le style.  <\/p>\n<p><strong>Une durabilit\u00e9 exceptionnelle : un investissement \u00e0 long terme<\/strong><\/p>\n<p>Un autre grand avantage de ces mocassins est leur <strong>durabilit\u00e9<\/strong>. Gr\u00e2ce \u00e0 leur <strong>cuir pleine fleur<\/strong> de haute qualit\u00e9 et \u00e0 leur fabrication artisanale, ces chaussures sont con\u00e7ues pour r\u00e9sister \u00e0 l&rsquo;\u00e9preuve du temps sans perdre leur forme ni leur style. Avec un entretien appropri\u00e9, le cuir restera souple et doux, tandis que la <strong>semelle cousue<\/strong> garantit une utilisation quotidienne sans probl\u00e8me.  <\/p>\n<p>Lorsque vous investissez dans une paire de mocassins Beatnik Shoes, vous achetez non seulement des chaussures \u00e9l\u00e9gantes et confortables, mais \u00e9galement une paire qui durera des ann\u00e9es, conservant sa beaut\u00e9 et sa fonctionnalit\u00e9 au fil du temps.<\/p>\n<p><strong>Pourquoi choisir les mocassins en cuir bordeaux fonc\u00e9 de Beatnik Shoes ?<\/strong><\/p>\n<p>Les nouveaux <strong>mocassins \u00e0 \u00e9trier en cuir bordeaux<\/strong> de Beatnik Shoes sont l&rsquo;accessoire parfait pour tout homme \u00e0 la recherche de <strong>chaussures de qualit\u00e9<\/strong> au <strong>design intemporel,<\/strong> <strong>confortables et durables<\/strong>. La <strong>couleur bordeaux<\/strong> est polyvalente et peut \u00eatre facilement assortie \u00e0 un large \u00e9ventail de tenues, ce qui en fait un must-have pour toute garde-robe. <\/p>\n","protected":false},"excerpt":{"rendered":"<h2>Mocassins pour hommes en cuir bordeaux fabriqu\u00e9s \u00e0 la main en Espagne<\/h2>\n<p>Mat\u00e9riau ext\u00e9rieur : cuir de grain<br \/>\nDoublure : cuir de vachette violet<br \/>\nMat\u00e9riau de la semelle : Mat\u00e9riau antid\u00e9rapant cousu<br \/>\nFermeture : Non<br \/>\nType de talon : Bas<\/p>\n","protected":false},"featured_media":69567,"comment_status":"open","ping_status":"closed","template":"","meta":[],"product_brand":[],"product_cat":[7092,7093],"product_tag":[11338,11341,11339,11344,11340,11343,11342],"woo-feed-brand":[],"class_list":{"0":"post-67325","1":"product","2":"type-product","3":"status-publish","4":"has-post-thumbnail","6":"product_cat-chaussures-homme","7":"product_cat-mocassins-fr","8":"product_tag-mocassins-bordeaux-pour-hommes","9":"product_tag-mocassins-bordeaux-pour-hommes-avec-etriers-en-metal","10":"product_tag-mocassins-en-cuir-bordeaux-pour-hommes","11":"product_tag-mocassins-en-cuir-bordeaux-pour-hommes-fr","12":"product_tag-mocassins-pour-hommes-en-cuir-bordeaux-avec-application-metallique","13":"product_tag-mocassins-pour-hommes-en-cuir-bordeaux-avec-etrier-metallique","14":"product_tag-mocassins-pour-hommes-en-cuir-bordeaux-avec-etriers-argentes","15":"pa_talla-zapato-39-fr","16":"pa_talla-zapato-40-fr","17":"pa_talla-zapato-41-fr","18":"pa_talla-zapato-42-fr","19":"pa_talla-zapato-43-fr","20":"pa_talla-zapato-44-fr","21":"pa_talla-zapato-45-fr","22":"pa_talla-zapato-46-fr","24":"first","25":"instock","26":"sale","27":"taxable","28":"shipping-taxable","29":"purchasable","30":"product-type-variable"},"_links":{"self":[{"href":"https:\/\/www.beatnikshoes.com\/fr\/wp-json\/wp\/v2\/product\/67325","targetHints":{"allow":["GET"]}}],"collection":[{"href":"https:\/\/www.beatnikshoes.com\/fr\/wp-json\/wp\/v2\/product"}],"about":[{"href":"https:\/\/www.beatnikshoes.com\/fr\/wp-json\/wp\/v2\/types\/product"}],"replies":[{"embeddable":true,"href":"https:\/\/www.beatnikshoes.com\/fr\/wp-json\/wp\/v2\/comments?post=67325"}],"wp:featuredmedia":[{"embeddable":true,"href":"https:\/\/www.beatnikshoes.com\/fr\/wp-json\/wp\/v2\/media\/69567"}],"wp:attachment":[{"href":"https:\/\/www.beatnikshoes.com\/fr\/wp-json\/wp\/v2\/media?parent=67325"}],"wp:term":[{"taxonomy":"product_brand","embeddable":true,"href":"https:\/\/www.beatnikshoes.com\/fr\/wp-json\/wp\/v2\/product_brand?post=67325"},{"taxonomy":"product_cat","embeddable":true,"href":"https:\/\/www.beatnikshoes.com\/fr\/wp-json\/wp\/v2\/product_cat?post=67325"},{"taxonomy":"product_tag","embeddable":true,"href":"https:\/\/www.beatnikshoes.com\/fr\/wp-json\/wp\/v2\/product_tag?post=67325"},{"taxonomy":"woo-feed-brand","embeddable":true,"href":"https:\/\/www.beatnikshoes.com\/fr\/wp-json\/wp\/v2\/woo-feed-brand?post=67325"}],"curies":[{"name":"wp","href":"https:\/\/api.w.org\/{rel}","templated":true}]}}