{"id":65486,"date":"2024-05-28T12:56:24","date_gmt":"2024-05-28T10:56:24","guid":{"rendered":"https:\/\/www.beatnikshoes.com\/?post_type=product&#038;p=65486"},"modified":"2025-06-19T22:43:44","modified_gmt":"2025-06-19T20:43:44","slug":"red-jane-rouge-salon-shoe","status":"publish","type":"product","link":"https:\/\/www.beatnikshoes.com\/fr\/chaussures-a-la-main\/red-jane-rouge-salon-shoe\/","title":{"rendered":"Escarpins Red Jane Rouge"},"content":{"rendered":"<h2>D\u00e9couvrez l&rsquo;\u00e9l\u00e9gance passionn\u00e9e avec notre chaussure \u00e0 talon Jane Rouge<\/h2>\n<p>Chez <strong>Beatnik Shoes<\/strong>, nous avons le plaisir de vous pr\u00e9senter la derni\u00e8re et la plus audacieuse de nos collections : la Jane Rouge. Cet escarpin <strong>rouge<\/strong> \u00e9blouissant a \u00e9t\u00e9 soigneusement con\u00e7u pour insuffler passion et style \u00e0 chacun de vos pas.<\/p>\n<h3>L&rsquo;\u00e9l\u00e9gance classique avec une touche d&rsquo;audace<\/h3>\n<p>Notre Jane Rouge est la fusion parfaite de l&rsquo;\u00e9l\u00e9gance classique et du style contemporain. Le mod\u00e8le \u00e0 talon bas, avec une empeigne d&rsquo;une seule pi\u00e8ce et un talon bas, offre un look sophistiqu\u00e9 mais audacieux qui ne manquera pas de faire tourner les t\u00eates. L&rsquo;intensit\u00e9 de la couleur rouge ajoute une touche de drame, ce qui en fait l&rsquo;accessoire id\u00e9al pour ceux qui veulent se d\u00e9marquer en toute occasion.<\/p>\n<h3>Confort in\u00e9gal\u00e9 tout au long de la journ\u00e9e<\/h3>\n<p>Malgr\u00e9 son apparence frappante, la Jane Rouge ne sacrifie pas le confort. Fabriqu\u00e9s avec les meilleurs mat\u00e9riaux et le soin qui nous caract\u00e9rise, ces <strong>escarpins ballerines rouges<\/strong> vous garantissent un ajustement parfait et une sensation de confort d\u00e8s le premier instant. Le cuir de veau souple s&rsquo;adapte \u00e0 la forme du pied, tandis que l&rsquo;assise plantaire rembourr\u00e9e et la semelle antid\u00e9rapante offrent une stabilit\u00e9 et un soutien tout au long de la journ\u00e9e.<\/p>\n<h3>Polyvalence pour toutes les occasions<\/h3>\n<p>Notre Jane Rouge est aussi polyvalente que s\u00e9duisante. Du bureau \u00e0 la soir\u00e9e en ville, cette <strong>chaussure de salon plate rouge<\/strong> est le choix id\u00e9al pour toutes les occasions. Associez-le \u00e0 un costume \u00e9l\u00e9gant pour un look professionnel, ou utilisez-le pour ajouter une touche de couleur \u00e0 une tenue plus d\u00e9contract\u00e9e. Quel que soit votre style, la Jane Rouge vous aidera \u00e0 vous exprimer avec assurance et style.<\/p>\n<h3>Rejoignez la r\u00e9volution du style avec les chaussures Beatnik<\/h3>\n<p>Ne manquez pas votre chance de faire partie de la r\u00e9volution du style avec la Jane Rouge de Beatnik Shoes. Procurez-vous le v\u00f4tre et ajoutez une touche de passion \u00e0 votre collection personnelle. Comme toujours, chez Beatnik Shoes, notre engagement est de vous rendre heureux, et cette <strong>chaussure de salon plate rouge<\/strong> est le moyen d&rsquo;y parvenir.<\/p>\n<h3>Explorez d&rsquo;autres options de notre collection<\/h3>\n<p>Outre la Jane Rouge, notre collection comprend \u00e9galement des sandales habill\u00e9es et \u00e9l\u00e9gantes \u00e0 talon haut, telles que nos <a href=\"https:\/\/www.beatnikshoes.com\/fr\/collection\/chaussures-femme\/sandales\/\"><br \/>\n  <strong>sandales en crabe Fran\u00e7oise<\/strong><br \/>\n<\/a>parfaites pour tout \u00e9v\u00e9nement formel. Si vous cherchez quelque chose d&rsquo;un peu plus audacieux, nos <a href=\"https:\/\/www.beatnikshoes.com\/fr\/collection\/chaussures-femme\/escarpins\/\">ballerines<\/a> sont le moyen id\u00e9al de vous d\u00e9marquer. Et pour une touche de sophistication d\u00e9contract\u00e9e, ne manquez pas nos <strong>ballerines rouges<\/strong>, qui allient confort et style en un seul geste.<\/p>\n<p>D\u00e9couvrez toutes nos options et trouvez la paire parfaite pour compl\u00e9ter votre style unique. Chez Beatnik Shoes, nous nous engageons toujours pour votre satisfaction et votre style.<\/p>\n","protected":false},"excerpt":{"rendered":"<h2>Jane Rouge chaussures habill\u00e9es en cuir rouge \u00e0 petit talon fabriqu\u00e9es \u00e0 la main en Espagne<\/h2>\n<p>Mati\u00e8re ext\u00e9rieure : cuir de veau rouge<br \/>\nDoublure : cuir de vachette violet<br \/>\nMat\u00e9riau de la semelle : Mat\u00e9riau antid\u00e9rapant<br \/>\nFermeture : Boucles<br \/>\nType de talon : bas<br \/>\nComposition : 100% cuir<\/p>\n","protected":false},"featured_media":65526,"comment_status":"open","ping_status":"closed","template":"","meta":[],"product_brand":[],"product_cat":[7127,8932,7176],"product_tag":[11279,11276,11275,11277,11278],"woo-feed-brand":[],"class_list":{"0":"post-65486","1":"product","2":"type-product","3":"status-publish","4":"has-post-thumbnail","6":"product_cat-chaussures-femme","7":"product_cat-escarpins","8":"product_cat-outlet-fr","9":"product_tag-escarpins-a-talons-bas-beatnik-jane-rouge","10":"product_tag-escarpins-rouges-beatnik-jane","11":"product_tag-jane-rouge-fr","12":"product_tag-sandale-a-talon-jane-rouge","13":"product_tag-sandale-a-talon-rouge-jane","14":"pa_talla-zapato-36-fr","15":"pa_talla-zapato-37-fr","16":"pa_talla-zapato-38-fr","17":"pa_talla-zapato-39-fr","18":"pa_talla-zapato-40-fr","19":"pa_talla-zapato-41-fr","20":"pa_talla-zapato-42-fr","22":"first","23":"instock","24":"sale","25":"taxable","26":"shipping-taxable","27":"purchasable","28":"product-type-variable"},"_links":{"self":[{"href":"https:\/\/www.beatnikshoes.com\/fr\/wp-json\/wp\/v2\/product\/65486","targetHints":{"allow":["GET"]}}],"collection":[{"href":"https:\/\/www.beatnikshoes.com\/fr\/wp-json\/wp\/v2\/product"}],"about":[{"href":"https:\/\/www.beatnikshoes.com\/fr\/wp-json\/wp\/v2\/types\/product"}],"replies":[{"embeddable":true,"href":"https:\/\/www.beatnikshoes.com\/fr\/wp-json\/wp\/v2\/comments?post=65486"}],"wp:featuredmedia":[{"embeddable":true,"href":"https:\/\/www.beatnikshoes.com\/fr\/wp-json\/wp\/v2\/media\/65526"}],"wp:attachment":[{"href":"https:\/\/www.beatnikshoes.com\/fr\/wp-json\/wp\/v2\/media?parent=65486"}],"wp:term":[{"taxonomy":"product_brand","embeddable":true,"href":"https:\/\/www.beatnikshoes.com\/fr\/wp-json\/wp\/v2\/product_brand?post=65486"},{"taxonomy":"product_cat","embeddable":true,"href":"https:\/\/www.beatnikshoes.com\/fr\/wp-json\/wp\/v2\/product_cat?post=65486"},{"taxonomy":"product_tag","embeddable":true,"href":"https:\/\/www.beatnikshoes.com\/fr\/wp-json\/wp\/v2\/product_tag?post=65486"},{"taxonomy":"woo-feed-brand","embeddable":true,"href":"https:\/\/www.beatnikshoes.com\/fr\/wp-json\/wp\/v2\/woo-feed-brand?post=65486"}],"curies":[{"name":"wp","href":"https:\/\/api.w.org\/{rel}","templated":true}]}}