{"id":52489,"date":"2023-05-14T20:15:39","date_gmt":"2023-05-14T18:15:39","guid":{"rendered":"https:\/\/www.beatnikshoes.com\/?post_type=product&#038;p=52489"},"modified":"2025-08-25T21:54:34","modified_gmt":"2025-08-25T19:54:34","slug":"chaussure-en-cuir-marron-boucle-pour-femme","status":"publish","type":"product","link":"https:\/\/www.beatnikshoes.com\/fr\/chaussures-a-la-main\/chaussure-en-cuir-marron-boucle-pour-femme\/","title":{"rendered":"Martha Brown chaussures \u00e0 boucle en cuir marron pour femmes"},"content":{"rendered":"<h2>CHAUSSURES \u00c0 TALON BAS \u00c0 BOUCLE MARRON POUR FEMMES BEATNIK<\/h2>\n<p>Les chaussures \u00e0 boucle sont l&rsquo;un de vos mod\u00e8les Beatnik pr\u00e9f\u00e9r\u00e9s. Et chaque ann\u00e9e, nous essayons de vous pr\u00e9senter une nouvelle chaussure de moine.<\/p>\n<p>Cette ann\u00e9e, nous vous pr\u00e9sentons nos nouvelles <strong>chaussures \u00e0 boucle marron pour femmes en cuir Beatnik<\/strong>. La forme utilis\u00e9e est la m\u00eame que pour toutes nos chaussures Oxford. Un dernier mod\u00e8le au confort \u00e9prouv\u00e9 qui a parcouru les cinq continents.<\/p>\n<p>Cette <strong>chaussure \u00e0 boucle marron<\/strong> est un mod\u00e8le classique, mais la forme de la fermeture \u00e0 boucle en fait presque une Mary Jane formelle et \u00e9l\u00e9gante. Le talon de 3 centim\u00e8tres garantit un grand confort et en fait une chaussure tr\u00e8s pratique pour le travail.<br \/>\nLa semelle est en cuir v\u00e9ritable et, comme tous les mod\u00e8les de notre collection, elle est doubl\u00e9e \u00e0 l&rsquo;int\u00e9rieur de cuir violet. L&#8217;empeigne est d\u00e9cor\u00e9e du motif Brogue classique, ajoutant une touche de classicisme \u00e0 votre ligne. La fermeture est assur\u00e9e par une simple boucle en argent.<\/p>\n<p>Comme sur tous nos mod\u00e8les, le cuir de veau utilis\u00e9 pour ce mod\u00e8le est le plus doux et le plus souple du march\u00e9, ce qui ajoute une touche de confort au design de l&#8217;empeigne. Le ton marron se marie parfaitement avec les tons de terre, les bleus et les gris, ce qui en fait un mod\u00e8le tout temps pour presque toutes les situations.<\/p>\n<h3>UNE CHAUSSURE \u00c0 BOUCLE CLASSIQUE POUR LES MOINS CLASSIQUES<\/h3>\n<p>Pour toutes ces raisons, cette <strong>chaussure de moine marron avec boucles<\/strong> se porte parfaitement avec un pantalon et un costume classique, mais en m\u00eame temps, sa ligne de fermeture lui permet \u00e9galement d&rsquo;\u00eatre port\u00e9e avec une jupe et une robe.<\/p>\n<p>Avec un jean de n&rsquo;importe quelle couleur ou une jupe longue, ces <strong>chaussures Monk Strap ou Beatnik \u00e0 boucle brune<\/strong> sont le signe d&rsquo;un style parfait. Tout cela sans perdre le confort et le style classique.<\/p>\n<p>Ne manquez donc pas l&rsquo;occasion de porter ces <strong>chaussures MonkStrap ou \u00e0 boucle de couleur marron de<\/strong> style Beatnik.<\/p>\n","protected":false},"excerpt":{"rendered":"<h2>Chaussures \u00e0 boucles brunes faites \u00e0 la main<\/h2>\n<p>Mati\u00e8re ext\u00e9rieure : cuir de veau brun acajou<br \/>\nDoublure : cuir de veau<br \/>\nMat\u00e9riau de la semelle : cuir surpiqu\u00e9 plus une couche de mat\u00e9riau antid\u00e9rapant<br \/>\nFermeture : Boucles<br \/>\nType de talon : Bas<\/p>\n","protected":false},"featured_media":70135,"comment_status":"open","ping_status":"closed","template":"","meta":[],"product_brand":[],"product_cat":[7127,7153],"product_tag":[],"woo-feed-brand":[],"class_list":{"0":"post-52489","1":"product","2":"type-product","3":"status-publish","4":"has-post-thumbnail","6":"product_cat-chaussures-femme","7":"product_cat-chaussure-avec-boucles-fr","8":"pa_talla-zapato-35-fr","9":"pa_talla-zapato-36-fr","10":"pa_talla-zapato-37-fr","11":"pa_talla-zapato-38-fr","12":"pa_talla-zapato-39-fr","13":"pa_talla-zapato-40-fr","14":"pa_talla-zapato-41-fr","15":"pa_talla-zapato-42-fr","17":"first","18":"instock","19":"sale","20":"featured","21":"taxable","22":"shipping-taxable","23":"purchasable","24":"product-type-variable"},"_links":{"self":[{"href":"https:\/\/www.beatnikshoes.com\/fr\/wp-json\/wp\/v2\/product\/52489","targetHints":{"allow":["GET"]}}],"collection":[{"href":"https:\/\/www.beatnikshoes.com\/fr\/wp-json\/wp\/v2\/product"}],"about":[{"href":"https:\/\/www.beatnikshoes.com\/fr\/wp-json\/wp\/v2\/types\/product"}],"replies":[{"embeddable":true,"href":"https:\/\/www.beatnikshoes.com\/fr\/wp-json\/wp\/v2\/comments?post=52489"}],"wp:featuredmedia":[{"embeddable":true,"href":"https:\/\/www.beatnikshoes.com\/fr\/wp-json\/wp\/v2\/media\/70135"}],"wp:attachment":[{"href":"https:\/\/www.beatnikshoes.com\/fr\/wp-json\/wp\/v2\/media?parent=52489"}],"wp:term":[{"taxonomy":"product_brand","embeddable":true,"href":"https:\/\/www.beatnikshoes.com\/fr\/wp-json\/wp\/v2\/product_brand?post=52489"},{"taxonomy":"product_cat","embeddable":true,"href":"https:\/\/www.beatnikshoes.com\/fr\/wp-json\/wp\/v2\/product_cat?post=52489"},{"taxonomy":"product_tag","embeddable":true,"href":"https:\/\/www.beatnikshoes.com\/fr\/wp-json\/wp\/v2\/product_tag?post=52489"},{"taxonomy":"woo-feed-brand","embeddable":true,"href":"https:\/\/www.beatnikshoes.com\/fr\/wp-json\/wp\/v2\/woo-feed-brand?post=52489"}],"curies":[{"name":"wp","href":"https:\/\/api.w.org\/{rel}","templated":true}]}}