{"id":51589,"date":"2023-06-01T12:29:27","date_gmt":"2023-06-01T10:29:27","guid":{"rendered":"https:\/\/www.beatnikshoes.com\/?post_type=product&#038;p=51589"},"modified":"2025-06-19T22:49:01","modified_gmt":"2025-06-19T20:49:01","slug":"noir-salon-chaussure-a-talon-bas-talon-talon-talon-talon-talon-talon-talon-talon-talon-talon-talon-talon-talon-talon-talon-talon-talon-talon","status":"publish","type":"product","link":"https:\/\/www.beatnikshoes.com\/fr\/chaussures-a-la-main\/noir-salon-chaussure-a-talon-bas-talon-talon-talon-talon-talon-talon-talon-talon-talon-talon-talon-talon-talon-talon-talon-talon-talon-talon\/","title":{"rendered":"Jane Black Low Heeled Heeled Pump Jane Black"},"content":{"rendered":"<h2>\u00c9L\u00c9GANCE ET CONFORT SUPR\u00caMES AVEC CES ESCARPINS NOIRS \u00c0 TALONS BAS<\/h2>\n<p>Il arrive que les bonnes id\u00e9es restent longtemps dans les esprits. Et la v\u00e9rit\u00e9, c&rsquo;est qu&rsquo;un <strong>escarpin noir \u00e0 petit tal<\/strong>on est une excellente solution pour s&rsquo;habiller parfaitement \u00e0 tout moment.<\/p>\n<p>Les combinaisons possibles de nos escarpins Jane <strong>noirs<\/strong> sont infinies.<\/p>\n<p>L&rsquo;\u00e9l\u00e9gante tige d&rsquo;une seule pi\u00e8ce, le talon bas et la forme classique en font la chaussure id\u00e9ale pour le lieu de travail. A porter avec des pantalons de toutes largeurs, des vestes de costume, des chinos ou m\u00eame un vendredi d\u00e9contract\u00e9, avec un jean. Et en portant ces <strong>escarpins noirs \u00e0 talon ouvert<\/strong> avec une robe ou un tailleur avec une jupe, le r\u00e9sultat est parfait.<\/p>\n<p>Pour les occasions o\u00f9 un style classique est requis, ces escarpins noirs \u00e0 petit talon deviennent une chaussure habill\u00e9e \u00e0 la fois \u00e9l\u00e9gante et fonctionnelle. Sa coupe et son design sont parfaits avec une robe ou un tailleur, apportant une touche tr\u00e8s f\u00e9minine au style choisi.<\/p>\n<p>Le noir est un basique qui convient \u00e0 tous les temps et \u00e0 tous les styles pour une chaussure de soir\u00e9e. Il n&rsquo;y aura pas une saison o\u00f9 ils ne seront pas parfaitement habill\u00e9s. Et la combinaison facile avec toutes sortes de palettes de couleurs, en particulier dans des contextes plus formels.<\/p>\n<h3>CHAUSSURES DE D\u00c9TENTE \u00c0 TALONS BAS ET ULTRA CONFORTABLES<\/h3>\n<p>Le design intemporel de ces <strong>escarpins noirs \u00e0 petit talon<\/strong> est associ\u00e9 au confort de l&#8217;empeigne, au design de la forme et \u00e0 la facilit\u00e9 de fermeture de la bride arri\u00e8re. Le tout est couronn\u00e9 par un talon bas et carr\u00e9, parfait pour les longues promenades ou les longues journ\u00e9es de travail.<\/p>\n<p>Le cuir choisi pour ce mod\u00e8le est du veau souple, enti\u00e8rement doubl\u00e9 de cuir souple avec un minimum de coutures, une semelle int\u00e9rieure en cuir et une semelle ext\u00e9rieure antid\u00e9rapante. Seul le meilleur cuir garantit un confort total, un style \u00e9pur\u00e9 et une tr\u00e8s longue dur\u00e9e de vie de cette pi\u00e8ce, en parfait \u00e9tat.<\/p>\n<p>Les souliers de cour ou \u00ab\u00a0court<strong>room shoes<\/strong>\u00a0\u00bb ou<strong>\u00ab\u00a0souliers de court<\/strong>\u00ab\u00a0, comme on les appelle en fran\u00e7ais ou en anglais, ont une origine qui remonte \u00e0 la reine fran\u00e7aise Ali\u00e9nor d&rsquo;Aquitaine, puis, beaucoup plus pr\u00e8s de leur apparition actuelle, au XVIIIe si\u00e8cle en France. Et comme son nom l&rsquo;indique, il s&rsquo;agit d&rsquo;une chaussure utilis\u00e9e sp\u00e9cifiquement pour la salle de bal.<\/p>\n<p>Bien plus confortable que de danser avec des bottes, qui \u00e9taient largement utilis\u00e9es comme chaussures d&rsquo;ext\u00e9rieur. Il existait un autre mod\u00e8le avec lequel elles coexistaient en termes de temps et de lieu, en tant que chaussures confortables pour marcher dans la maison, les pantoufles ou les chaussons provenant de l&rsquo;Empire ottoman. Et c&rsquo;est ce qu&rsquo;ils ont fait, pour le confort. Si nous combinons ces deux mod\u00e8les avec le talon bas d&rsquo;une ballerine, ainsi que la forme la plus confortable de notre atelier, vous avez l&rsquo;origine de notre Jane.<\/p>\n<p>Pour toutes ces raisons, c&rsquo;est le moment de porter les meilleurs escarpins <strong>noirs \u00e0 petits<\/strong> talons.<\/p>\n","protected":false},"excerpt":{"rendered":"<h2>Ballerines en cuir fabriqu\u00e9es \u00e0 la main en Espagne<\/h2>\n<p>Mati\u00e8re ext\u00e9rieure : cuir de veau noir<br \/>\nDoublure : cuir de vachette violet<br \/>\nMat\u00e9riau de la semelle : Mat\u00e9riau antid\u00e9rapant<br \/>\nFermeture : Boucles<br \/>\nType de talon : bas<br \/>\nComposition : 100% cuir<\/p>\n","protected":false},"featured_media":51614,"comment_status":"open","ping_status":"closed","template":"","meta":[],"product_brand":[],"product_cat":[7127,8932,7176],"product_tag":[],"woo-feed-brand":[],"class_list":{"0":"post-51589","1":"product","2":"type-product","3":"status-publish","4":"has-post-thumbnail","6":"product_cat-chaussures-femme","7":"product_cat-escarpins","8":"product_cat-outlet-fr","9":"pa_talla-zapato-36-fr","10":"pa_talla-zapato-37-fr","11":"pa_talla-zapato-38-fr","12":"pa_talla-zapato-39-fr","13":"pa_talla-zapato-40-fr","14":"pa_talla-zapato-41-fr","15":"pa_talla-zapato-42-fr","17":"first","18":"instock","19":"sale","20":"taxable","21":"shipping-taxable","22":"purchasable","23":"product-type-variable"},"_links":{"self":[{"href":"https:\/\/www.beatnikshoes.com\/fr\/wp-json\/wp\/v2\/product\/51589","targetHints":{"allow":["GET"]}}],"collection":[{"href":"https:\/\/www.beatnikshoes.com\/fr\/wp-json\/wp\/v2\/product"}],"about":[{"href":"https:\/\/www.beatnikshoes.com\/fr\/wp-json\/wp\/v2\/types\/product"}],"replies":[{"embeddable":true,"href":"https:\/\/www.beatnikshoes.com\/fr\/wp-json\/wp\/v2\/comments?post=51589"}],"wp:featuredmedia":[{"embeddable":true,"href":"https:\/\/www.beatnikshoes.com\/fr\/wp-json\/wp\/v2\/media\/51614"}],"wp:attachment":[{"href":"https:\/\/www.beatnikshoes.com\/fr\/wp-json\/wp\/v2\/media?parent=51589"}],"wp:term":[{"taxonomy":"product_brand","embeddable":true,"href":"https:\/\/www.beatnikshoes.com\/fr\/wp-json\/wp\/v2\/product_brand?post=51589"},{"taxonomy":"product_cat","embeddable":true,"href":"https:\/\/www.beatnikshoes.com\/fr\/wp-json\/wp\/v2\/product_cat?post=51589"},{"taxonomy":"product_tag","embeddable":true,"href":"https:\/\/www.beatnikshoes.com\/fr\/wp-json\/wp\/v2\/product_tag?post=51589"},{"taxonomy":"woo-feed-brand","embeddable":true,"href":"https:\/\/www.beatnikshoes.com\/fr\/wp-json\/wp\/v2\/woo-feed-brand?post=51589"}],"curies":[{"name":"wp","href":"https:\/\/api.w.org\/{rel}","templated":true}]}}