{"id":51583,"date":"2023-05-14T17:28:57","date_gmt":"2023-05-14T15:28:57","guid":{"rendered":"https:\/\/www.beatnikshoes.com\/?post_type=product&#038;p=51583"},"modified":"2025-08-25T22:15:39","modified_gmt":"2025-08-25T20:15:39","slug":"chaussures-de-salon-avec-talon-bas-chaussures-de-robe-en-cuir-moutarde-jane-moutarde","status":"publish","type":"product","link":"https:\/\/www.beatnikshoes.com\/fr\/chaussures-a-la-main\/chaussures-de-salon-avec-talon-bas-chaussures-de-robe-en-cuir-moutarde-jane-moutarde\/","title":{"rendered":"Mustard Jane Chaussures habill\u00e9es en cuir moutarde \u00e0 petits talons"},"content":{"rendered":"<h2>LES MEILLEURS ESCARPINS \u00c0 TALON BAS EN CUIR MOUTARDE DE LA SAISON POUR LES CHAUSSURES HABILL\u00c9ES<\/h2>\n<p>La plupart du temps, tout ce qui a de la valeur doit attendre. Et avec vos nouveaux<strong> escarpins \u00e0 talon bas en cuir moutarde de Jane Mustard<\/strong>, cette maxime est remplie \u00e0 la perfection. Des premiers prototypes \u00e0 aujourd&rsquo;hui, une \u00e9ternit\u00e9 s&rsquo;est \u00e9coul\u00e9e. Mais le r\u00e9sultat de toute cette attente est \u00e9vident.<\/p>\n<p>Le design de cet <strong>escarpin en cuir moutarde<\/strong> est tout \u00e0 fait classique. D&rsquo;une part, la finition l\u00e9g\u00e8rement pointue rappelle les ann\u00e9es 1950. Le talon bas et le contre-talon \u00e0 talon ont un style 60&rsquo;s tr\u00e8s marqu\u00e9. Et l&rsquo;ensemble, sans d\u00e9coration superflue, nous met au diapason des designs les plus minimalistes et les plus actuels.<\/p>\n<p>This <strong>mustard low-heeled leather pump<\/strong> looks great with almost any color combination. Avec toutes les palettes de bleu, de terre, de pastel, de camel et de gris, il s&rsquo;int\u00e8gre parfaitement. Et avec les autres couleurs, \u00e9tant donn\u00e9 son ton presque nude, il est tr\u00e8s facile \u00e0 porter.<\/p>\n<p>Les occasions de porter un <strong>escarpin \u00e0 talon bas<\/strong> sont presque infinies. Il s&rsquo;agit d&rsquo;une chaussure \u00e9l\u00e9gante et confortable, qui conf\u00e8re \u00e0 votre style d\u00e9contract\u00e9 une touche d&rsquo;\u00e9l\u00e9gance. D&rsquo;autre part, nous avons une chaussure de ville qui peut \u00eatre port\u00e9e toute la journ\u00e9e pour le travail ou pour une occasion formelle, sans perdre de son confort. Le style classique de ces chaussures est parfait avec un jean et une veste de costume. Et il n&rsquo;y a pas beaucoup de mod\u00e8les qui soient aussi polyvalents lorsqu&rsquo;il s&rsquo;agit de les combiner.<\/p>\n<h3>DES CHAUSSURES DE D\u00c9TENTE \u00c9L\u00c9GANTES, CON\u00c7UES POUR DURER<\/h3>\n<p>En ce qui concerne la construction de ces pi\u00e8ces, le cuir choisi est le veau. Le plus doux et le plus confortable pour les chaussures de ville. Comme toute notre collection, ils sont \u00e9galement doubl\u00e9s de cuir violet \u00e0 l&rsquo;int\u00e9rieur. La semelle est en mat\u00e9riau antid\u00e9rapant et la semelle int\u00e9rieure est en cuir. Tout ce qui nous entoure devrait avoir la texture la plus confortable, et avec les mat\u00e9riaux utilis\u00e9s par Beatnik, cette maxime est toujours vraie. Outre la forme l\u00e9g\u00e8rement plus large que les escarpins habituels, une bride arri\u00e8re en cuir a \u00e9t\u00e9 incluse pour am\u00e9liorer le maintien de la chaussure. Outre la fonctionnalit\u00e9, le style que cette pi\u00e8ce ajoute au talon est incontestable.<\/p>\n<p>Comme vous pouvez le constater, le r\u00e9sultat final de toute cette attente en valait la peine. Il ne vous reste plus qu&rsquo;\u00e0 prendre autant de plaisir \u00e0 porter ces <strong>escarpins \u00e0 talons bas en cuir moutarde<\/strong> que nous en avons eu \u00e0 les cr\u00e9er.<\/p>\n","protected":false},"excerpt":{"rendered":"<h2>Mustard Jane Chaussures habill\u00e9es en cuir moutarde \u00e0 petit talon fabriqu\u00e9es \u00e0 la main en Espagne<\/h2>\n<p>Mati\u00e8re ext\u00e9rieure : cuir de veau de couleur moutarde<br \/>\nDoublure : cuir de vachette violet<br \/>\nMat\u00e9riau de la semelle : Mat\u00e9riau antid\u00e9rapant<br \/>\nFermeture : Boucles<br \/>\nType de talon : bas<br \/>\nComposition : 100% cuir<\/p>\n","protected":false},"featured_media":51555,"comment_status":"open","ping_status":"closed","template":"","meta":[],"product_brand":[],"product_cat":[7127,8932,7176],"product_tag":[],"woo-feed-brand":[],"class_list":{"0":"post-51583","1":"product","2":"type-product","3":"status-publish","4":"has-post-thumbnail","6":"product_cat-chaussures-femme","7":"product_cat-escarpins","8":"product_cat-outlet-fr","9":"pa_talla-zapato-36-fr","10":"pa_talla-zapato-37-fr","11":"pa_talla-zapato-38-fr","12":"pa_talla-zapato-39-fr","13":"pa_talla-zapato-40-fr","14":"pa_talla-zapato-41-fr","15":"pa_talla-zapato-42-fr","17":"first","18":"instock","19":"sale","20":"taxable","21":"shipping-taxable","22":"purchasable","23":"product-type-variable"},"_links":{"self":[{"href":"https:\/\/www.beatnikshoes.com\/fr\/wp-json\/wp\/v2\/product\/51583","targetHints":{"allow":["GET"]}}],"collection":[{"href":"https:\/\/www.beatnikshoes.com\/fr\/wp-json\/wp\/v2\/product"}],"about":[{"href":"https:\/\/www.beatnikshoes.com\/fr\/wp-json\/wp\/v2\/types\/product"}],"replies":[{"embeddable":true,"href":"https:\/\/www.beatnikshoes.com\/fr\/wp-json\/wp\/v2\/comments?post=51583"}],"wp:featuredmedia":[{"embeddable":true,"href":"https:\/\/www.beatnikshoes.com\/fr\/wp-json\/wp\/v2\/media\/51555"}],"wp:attachment":[{"href":"https:\/\/www.beatnikshoes.com\/fr\/wp-json\/wp\/v2\/media?parent=51583"}],"wp:term":[{"taxonomy":"product_brand","embeddable":true,"href":"https:\/\/www.beatnikshoes.com\/fr\/wp-json\/wp\/v2\/product_brand?post=51583"},{"taxonomy":"product_cat","embeddable":true,"href":"https:\/\/www.beatnikshoes.com\/fr\/wp-json\/wp\/v2\/product_cat?post=51583"},{"taxonomy":"product_tag","embeddable":true,"href":"https:\/\/www.beatnikshoes.com\/fr\/wp-json\/wp\/v2\/product_tag?post=51583"},{"taxonomy":"woo-feed-brand","embeddable":true,"href":"https:\/\/www.beatnikshoes.com\/fr\/wp-json\/wp\/v2\/woo-feed-brand?post=51583"}],"curies":[{"name":"wp","href":"https:\/\/api.w.org\/{rel}","templated":true}]}}