{"id":49528,"date":"2022-11-10T19:22:49","date_gmt":"2022-11-10T18:22:49","guid":{"rendered":"https:\/\/www.beatnikshoes.com\/?post_type=product&#038;p=49528"},"modified":"2025-08-25T22:56:01","modified_gmt":"2025-08-25T20:56:01","slug":"robe-bottes-en-cuir-brun-avec-lacets-pour-homme","status":"publish","type":"product","link":"https:\/\/www.beatnikshoes.com\/fr\/chaussures-a-la-main\/robe-bottes-en-cuir-brun-avec-lacets-pour-homme\/","title":{"rendered":"Men&rsquo;s Brown Leather Lace-Up Dress Boots &#8211; Williams Beatnik Shoes"},"content":{"rendered":"<h2>OBTENEZ LE LOOK PARFAIT AVEC DES BOTTES OXFORD \u00c0 LACETS EN CUIR MARRON POUR HOMMES.<\/h2>\n<p>Les <strong>nouvelles bottes habill\u00e9es Williams pour homme en cuir marron \u00e0 lacets sont l&rsquo;un des mod\u00e8les les plus attendus<\/strong> par tous les amis des Beatniks. Dot\u00e9es d&rsquo;une d\u00e9coration classique en forme de bout d&rsquo;aile sur l&#8217;empeigne, ces bottes brogue allient \u00e9l\u00e9gance et chaleur gr\u00e2ce \u00e0 leur forme confortable et \u00e0 leur doublure en cuir de veau souple.<\/p>\n<p>Fabriqu\u00e9es en cuir de veau marron de qualit\u00e9 sup\u00e9rieure, ces bottes sont uniques en leur genre, avec des nuances et des tons diff\u00e9rents gr\u00e2ce \u00e0 l&rsquo;antiquisation sp\u00e9ciale de la tige.<\/p>\n<p>Sa fermeture \u00e0 lacets classique, sans zip ni \u00e9l\u00e9ments contemporains pour distraire de son style distinct, est compl\u00e9t\u00e9e par une semelle en cuir et une petite couche antid\u00e9rapante pour plus de confort.<\/p>\n<p>Parfaites pour \u00eatre associ\u00e9es aux teintes classiques de la saison telles que le bleu, le gris et les tons de terre, ces <strong>bottes Oxford \u00e0 lacets marron pour homme<\/strong> sont un compl\u00e9ment id\u00e9al aux styles plus formels. Mais ils sont \u00e9galement parfaits avec un jean ou un pantalon chino pour un look d\u00e9contract\u00e9 mais \u00e9l\u00e9gant.<\/p>\n<p>En r\u00e9sum\u00e9, les <strong>bottes habill\u00e9es en cuir marron avec lacets pour hommes<\/strong> sont une valeur s\u00fbre pour ceux qui recherchent l&rsquo;\u00e9quilibre parfait entre <strong>classicisme, confort et \u00e9l\u00e9gance<\/strong>. Achetez-les et obtenez le look<\/p>\n","protected":false},"excerpt":{"rendered":"<h2>Botte brogue marron pour homme, faite \u00e0 la main en Espagne<\/h2>\n<p>Mat\u00e9riau ext\u00e9rieur : cuir de veau<br \/>\nDoublure : cuir de veau<br \/>\nMat\u00e9riau de la semelle : Semelle technique antid\u00e9rapante<br \/>\nFermeture : lacets<br \/>\nType de talon : Bas<\/p>\n","protected":false},"featured_media":76454,"comment_status":"open","ping_status":"closed","template":"","meta":[],"product_brand":[],"product_cat":[7092,7124,7123],"product_tag":[],"woo-feed-brand":[],"class_list":{"0":"post-49528","1":"product","2":"type-product","3":"status-publish","4":"has-post-thumbnail","6":"product_cat-chaussures-homme","7":"product_cat-bottes-fr","8":"product_cat-bottes-a-lacets-fr","9":"pa_talla-zapato-39-fr","10":"pa_talla-zapato-40-fr","11":"pa_talla-zapato-41-fr","12":"pa_talla-zapato-42-fr","13":"pa_talla-zapato-43-fr","14":"pa_talla-zapato-44-fr","15":"pa_talla-zapato-45-fr","16":"pa_talla-zapato-46-fr","18":"first","19":"instock","20":"sale","21":"taxable","22":"shipping-taxable","23":"purchasable","24":"product-type-variable"},"_links":{"self":[{"href":"https:\/\/www.beatnikshoes.com\/fr\/wp-json\/wp\/v2\/product\/49528","targetHints":{"allow":["GET"]}}],"collection":[{"href":"https:\/\/www.beatnikshoes.com\/fr\/wp-json\/wp\/v2\/product"}],"about":[{"href":"https:\/\/www.beatnikshoes.com\/fr\/wp-json\/wp\/v2\/types\/product"}],"replies":[{"embeddable":true,"href":"https:\/\/www.beatnikshoes.com\/fr\/wp-json\/wp\/v2\/comments?post=49528"}],"wp:featuredmedia":[{"embeddable":true,"href":"https:\/\/www.beatnikshoes.com\/fr\/wp-json\/wp\/v2\/media\/76454"}],"wp:attachment":[{"href":"https:\/\/www.beatnikshoes.com\/fr\/wp-json\/wp\/v2\/media?parent=49528"}],"wp:term":[{"taxonomy":"product_brand","embeddable":true,"href":"https:\/\/www.beatnikshoes.com\/fr\/wp-json\/wp\/v2\/product_brand?post=49528"},{"taxonomy":"product_cat","embeddable":true,"href":"https:\/\/www.beatnikshoes.com\/fr\/wp-json\/wp\/v2\/product_cat?post=49528"},{"taxonomy":"product_tag","embeddable":true,"href":"https:\/\/www.beatnikshoes.com\/fr\/wp-json\/wp\/v2\/product_tag?post=49528"},{"taxonomy":"woo-feed-brand","embeddable":true,"href":"https:\/\/www.beatnikshoes.com\/fr\/wp-json\/wp\/v2\/woo-feed-brand?post=49528"}],"curies":[{"name":"wp","href":"https:\/\/api.w.org\/{rel}","templated":true}]}}