{"id":48102,"date":"2022-05-26T13:21:32","date_gmt":"2022-05-26T11:21:32","guid":{"rendered":"https:\/\/www.beatnikshoes.com\/?post_type=product&#038;p=48102"},"modified":"2026-01-16T18:03:48","modified_gmt":"2026-01-16T17:03:48","slug":"chaussures-de-ville-en-cuir-bleu-bleu-pour-hommes-et-femmes-beatnik-harper-blue","status":"publish","type":"product","link":"https:\/\/www.beatnikshoes.com\/fr\/chaussures-a-la-main\/chaussures-de-ville-en-cuir-bleu-bleu-pour-hommes-et-femmes-beatnik-harper-blue\/","title":{"rendered":"Chaussures habill\u00e9es en cuir bleu pour hommes et femmes Beatnik Harper Blue"},"content":{"rendered":"<h2>BASKETS EN CUIR BLEU POUR HOMMES ET FEMMES BEATNIK HARPER BLUE<\/h2>\n<p>C&rsquo;est notre cadeau pour cette nouvelle saison. Les <strong>baskets bleues Harper<\/strong> en cuir de veau tr\u00e8s doux et au design minimaliste sont de retour chez Beatnik Shoes.<\/p>\n<p>Nos <strong>baskets habill\u00e9es en cuir Harper<\/strong>, avec leur design classique, sont l&rsquo;une de nos lignes les plus populaires. Et ces baskets habill\u00e9es en <strong>cuir bleu en \u00e9dition limit\u00e9e pour hommes et femmes<\/strong> sont notre r\u00e9ponse.<\/p>\n<p>Nous aimons les chaussures color\u00e9es, et cette combinaison de cuir bleu et de semelle bleue assortie, semblable \u00e0 celle de notre ligne de chaussures oxfords, est un pari gagnant.<\/p>\n<p>Le bleu est l&rsquo;une des couleurs les plus universelles et facile \u00e0 combiner en toute saison. Et le contraste minimal avec la semelle ext\u00e9rieure rehausse totalement l&rsquo;ensemble. Les lignes pures et nettes de son design, sans aucune d\u00e9coration, se combinent parfaitement avec tous les styles.<\/p>\n<p>Le cuir de veau de cette<strong> chaussure de sport unisexe en cuir bleu<\/strong> est le cuir le plus doux et le plus souple que nous ayons jamais demand\u00e9. Vous n&rsquo;oublierez pas de sit\u00f4t le confort du cuir de nos <strong>chaussures en cuir bleu Beatnik Harper pour hommes et femmes<\/strong>.<\/p>\n<p>L&rsquo;ensemble de la pi\u00e8ce est fabriqu\u00e9 \u00e0 la main en Espagne, en prenant soin de chaque d\u00e9tail. La derni\u00e8re a \u00e9t\u00e9 con\u00e7ue avec une largeur parfaite pour offrir un confort total et peut \u00eatre port\u00e9e comme une paire de <strong>baskets de marche bleues<\/strong>. Ou comme une paire de <strong>baskets habill\u00e9es bleues<\/strong>.<\/p>\n<p>La semelle antid\u00e9rapante offre une adh\u00e9rence parfaite. La semelle int\u00e9rieure en cuir est con\u00e7ue de mani\u00e8re ergonomique pour am\u00e9liorer la sensation de confort. De plus, il est amovible et renouvelable, ce qui vous permet de le remplacer et de le changer aussi souvent que vous le souhaitez. Comme toute la collection Beatnik, l&rsquo;int\u00e9rieur de cette <strong>chaussure classique en cuir bleu<\/strong> est doubl\u00e9 de cuir de veau violet.<\/p>\n<h3>STYLE, \u00c9L\u00c9GANCE ET CONFORT<\/h3>\n<p>Le design classique de ces <strong>chaussures habill\u00e9es en cuir bleu pour hommes et femmes <\/strong>est parfait pour un environnement professionnel d\u00e9contract\u00e9. Il s&rsquo;agit d&rsquo;une chaussure <strong>de sport en cuir bleu<\/strong> au design \u00e9pur\u00e9 et minimaliste. En m\u00eame temps, ce sont des <strong>baskets en cuir bleu<\/strong> qui leur donnent une touche d\u00e9contract\u00e9e.<\/p>\n<p>Sans oublier que dans le nouveau contexte de travail, o\u00f9 les fronti\u00e8res vers des styles moins formels ont \u00e9t\u00e9 ouvertes, ces <strong>chaussures de ville en cuir bleu super \u00e9l\u00e9gantes<\/strong>, avec une qualit\u00e9 extr\u00eame et une ligne plus d\u00e9contract\u00e9e, seront un succ\u00e8s certain. En fin de compte, il s&rsquo;agit \u00e9galement de <strong>baskets bleues<\/strong>, mais fabriqu\u00e9es dans un cuir de qualit\u00e9 sup\u00e9rieure.<\/p>\n<p>Il est vrai que le bleu est l&rsquo;une des couleurs les plus utilis\u00e9es au travail et que sa combinaison avec toutes les palettes de couleurs est tr\u00e8s facile, quelle que soit la saison de l&rsquo;ann\u00e9e.<\/p>\n<p>Ces <strong>baskets en cuir bleu<\/strong>, nous savons qu&rsquo;elles deviendront vos chaussures habill\u00e9es en cuir bleu pr\u00e9f\u00e9r\u00e9es. Et ils le seront encore longtemps.<\/p>\n","protected":false},"excerpt":{"rendered":"<h2>Chaussure de sport bleue pour hommes et femmes, fabriqu\u00e9e \u00e0 la main en cuir de veau.<\/h2>\n<p>Mat\u00e9riau ext\u00e9rieur : cuir de vachette bleu.<br \/>\nDoublure : cuir de vachette.<br \/>\nSemelle int\u00e9rieure amovible.<br \/>\nMat\u00e9riau de la semelle : Compos\u00e9 antid\u00e9rapant blanc.<\/p>\n","protected":false},"featured_media":52247,"comment_status":"open","ping_status":"closed","template":"","meta":[],"product_brand":[],"product_cat":[8087,7127,7092,7176,8088],"product_tag":[],"woo-feed-brand":[],"class_list":{"0":"post-48102","1":"product","2":"type-product","3":"status-publish","4":"has-post-thumbnail","6":"product_cat-sneakers-cuir-fr","7":"product_cat-chaussures-femme","8":"product_cat-chaussures-homme","9":"product_cat-outlet-fr","10":"product_cat-sneakers-cuir","11":"pa_talla-zapato-35-fr","12":"pa_talla-zapato-36-fr","13":"pa_talla-zapato-37-fr","14":"pa_talla-zapato-38-fr","15":"pa_talla-zapato-39-fr","16":"pa_talla-zapato-40-fr","17":"pa_talla-zapato-41-fr","18":"pa_talla-zapato-42-fr","19":"pa_talla-zapato-43-fr","20":"pa_talla-zapato-44-fr","21":"pa_talla-zapato-45-fr","22":"pa_talla-zapato-46-fr","24":"first","25":"instock","26":"sale","27":"taxable","28":"shipping-taxable","29":"purchasable","30":"product-type-variable"},"_links":{"self":[{"href":"https:\/\/www.beatnikshoes.com\/fr\/wp-json\/wp\/v2\/product\/48102","targetHints":{"allow":["GET"]}}],"collection":[{"href":"https:\/\/www.beatnikshoes.com\/fr\/wp-json\/wp\/v2\/product"}],"about":[{"href":"https:\/\/www.beatnikshoes.com\/fr\/wp-json\/wp\/v2\/types\/product"}],"replies":[{"embeddable":true,"href":"https:\/\/www.beatnikshoes.com\/fr\/wp-json\/wp\/v2\/comments?post=48102"}],"wp:featuredmedia":[{"embeddable":true,"href":"https:\/\/www.beatnikshoes.com\/fr\/wp-json\/wp\/v2\/media\/52247"}],"wp:attachment":[{"href":"https:\/\/www.beatnikshoes.com\/fr\/wp-json\/wp\/v2\/media?parent=48102"}],"wp:term":[{"taxonomy":"product_brand","embeddable":true,"href":"https:\/\/www.beatnikshoes.com\/fr\/wp-json\/wp\/v2\/product_brand?post=48102"},{"taxonomy":"product_cat","embeddable":true,"href":"https:\/\/www.beatnikshoes.com\/fr\/wp-json\/wp\/v2\/product_cat?post=48102"},{"taxonomy":"product_tag","embeddable":true,"href":"https:\/\/www.beatnikshoes.com\/fr\/wp-json\/wp\/v2\/product_tag?post=48102"},{"taxonomy":"woo-feed-brand","embeddable":true,"href":"https:\/\/www.beatnikshoes.com\/fr\/wp-json\/wp\/v2\/woo-feed-brand?post=48102"}],"curies":[{"name":"wp","href":"https:\/\/api.w.org\/{rel}","templated":true}]}}