{"id":47853,"date":"2022-04-27T11:39:35","date_gmt":"2022-04-27T09:39:35","guid":{"rendered":"https:\/\/www.beatnikshoes.com\/?post_type=product&#038;p=47853"},"modified":"2026-03-20T09:36:26","modified_gmt":"2026-03-20T08:36:26","slug":"hommes-brown-loafers-in-leather-beatnik-allen-chesnut","status":"publish","type":"product","link":"https:\/\/www.beatnikshoes.com\/fr\/chaussures-a-la-main\/hommes-brown-loafers-in-leather-beatnik-allen-chesnut\/","title":{"rendered":"Mocassins en cuir brun pour hommes Beatnik Allen Chesnut"},"content":{"rendered":"<h2>LES MOCASSINS BRUNS POUR HOMMES LES PLUS CONFORTABLES ET LES PLUS \u00c9L\u00c9GANTS QUE VOUS PUISSIEZ TROUVER<\/h2>\n<p>Voici nos mocassins marron pour homme en cuir Beatnik Allen Chesnut. Une des nouveaut\u00e9s les plus demand\u00e9es depuis longtemps par beaucoup de nos amis.<\/p>\n<p>Chez Beatnik, nous aimons la couleur. Et lorsque nous avons enfin trouv\u00e9 le patchwork parfait, avec la bonne combinaison de tons, de souplesse et de texture, nous avons d\u00e9cid\u00e9 qu&rsquo;il \u00e9tait temps d&rsquo;inclure ce mocassin marron pour homme avec une d\u00e9coration en forme de masque oculaire dans notre catalogue.<\/p>\n<p>Le dernier de nos mocassins pour hommes a \u00e9t\u00e9 test\u00e9 et am\u00e9lior\u00e9 pendant plusieurs ann\u00e9es. C&rsquo;est une garantie de succ\u00e8s. Des proportions parfaites, une largeur suffisante et l&rsquo;utilisation du meilleur cuir garantissent un confort incroyable. Le cuir utilis\u00e9 pour ces mocassins Allen Chesnut marron pour homme allie r\u00e9sistance et \u00e9lasticit\u00e9 de mani\u00e8re optimale. Ils r\u00e9sistent aux temp\u00e9ratures froides et peuvent \u00eatre port\u00e9s confortablement pendant les saisons plus chaudes.<\/p>\n<p>En outre, le design classique de ces Penny Loafers marron Beatnik Allen Chesnut pour hommes convient parfaitement \u00e0 tous les styles et \u00e0 tous les \u00e2ges. Avec un jean bleu ou un pantalon chino dans les tons marine ou terre, ce mod\u00e8le devient un \u00e9l\u00e9ment de style \u00e9l\u00e9gant et classique. De m\u00eame, il se marie parfaitement avec une veste et une cravate. Toujours \u00e9l\u00e9gante et classique, elle est tr\u00e8s facile \u00e0 combiner \u00e0 tout moment. Un v\u00e9ritable incontournable de la garde-robe, quelle que soit la saison.<\/p>\n<h3>LES MOCASSINS BRUNS CLASSIQUES POUR HOMMES, AVEC UNE TOUCHE D&rsquo;ORIGINALIT\u00c9, QUE VOUS RECHERCHIEZ.<\/h3>\n<p>Ces mocassins en cuir marron pour homme ajoutent une touche de couleur particuli\u00e8rement attrayante \u00e0 tous les styles. Contrairement \u00e0 l&rsquo;uniformit\u00e9 du noir, ces mocassins en cuir marron pour homme dans un ton marron clair permettent au classicisme de leur design d&rsquo;avoir un aspect moins formel.<\/p>\n<p>Et il s&rsquo;habille parfaitement sur les clientes de tous \u00e2ges. Ces mocassins en cuir marron pour homme ont \u00e9t\u00e9 con\u00e7us pour habiller \u00e9l\u00e9gamment les hommes les plus jeunes. Et pour donner une touche diff\u00e9rente aux classiques.<\/p>\n<p>C&rsquo;est pourquoi nous savons que les mocassins pour hommes Beatnik Allen Chesnut en cuir marron deviendront vos prochaines chaussures pr\u00e9f\u00e9r\u00e9es.<\/p>\n","protected":false},"excerpt":{"rendered":"<h2><strong>Mocassins marrons faits \u00e0 la main en Espagne<\/strong><\/h2>\n<p>Mat\u00e9riau ext\u00e9rieur : cuir de veau<br \/>\nDoublure : cuir de veau<br \/>\nMat\u00e9riau de la semelle : cuir surpiqu\u00e9 plus une couche de mat\u00e9riau antid\u00e9rapant<br \/>\nFermeture : Ajustement<br \/>\nType de talon : Bas<\/p>\n","protected":false},"featured_media":49040,"comment_status":"open","ping_status":"closed","template":"","meta":[],"product_brand":[],"product_cat":[7092,7093,7176],"product_tag":[],"woo-feed-brand":[],"class_list":{"0":"post-47853","1":"product","2":"type-product","3":"status-publish","4":"has-post-thumbnail","6":"product_cat-chaussures-homme","7":"product_cat-mocassins-fr","8":"product_cat-outlet-fr","9":"pa_talla-zapato-40-fr","10":"pa_talla-zapato-41-fr","11":"pa_talla-zapato-42-fr","12":"pa_talla-zapato-43-fr","13":"pa_talla-zapato-44-fr","14":"pa_talla-zapato-45-fr","15":"pa_talla-zapato-46-fr","17":"first","18":"instock","19":"sale","20":"taxable","21":"shipping-taxable","22":"purchasable","23":"product-type-variable"},"_links":{"self":[{"href":"https:\/\/www.beatnikshoes.com\/fr\/wp-json\/wp\/v2\/product\/47853","targetHints":{"allow":["GET"]}}],"collection":[{"href":"https:\/\/www.beatnikshoes.com\/fr\/wp-json\/wp\/v2\/product"}],"about":[{"href":"https:\/\/www.beatnikshoes.com\/fr\/wp-json\/wp\/v2\/types\/product"}],"replies":[{"embeddable":true,"href":"https:\/\/www.beatnikshoes.com\/fr\/wp-json\/wp\/v2\/comments?post=47853"}],"wp:featuredmedia":[{"embeddable":true,"href":"https:\/\/www.beatnikshoes.com\/fr\/wp-json\/wp\/v2\/media\/49040"}],"wp:attachment":[{"href":"https:\/\/www.beatnikshoes.com\/fr\/wp-json\/wp\/v2\/media?parent=47853"}],"wp:term":[{"taxonomy":"product_brand","embeddable":true,"href":"https:\/\/www.beatnikshoes.com\/fr\/wp-json\/wp\/v2\/product_brand?post=47853"},{"taxonomy":"product_cat","embeddable":true,"href":"https:\/\/www.beatnikshoes.com\/fr\/wp-json\/wp\/v2\/product_cat?post=47853"},{"taxonomy":"product_tag","embeddable":true,"href":"https:\/\/www.beatnikshoes.com\/fr\/wp-json\/wp\/v2\/product_tag?post=47853"},{"taxonomy":"woo-feed-brand","embeddable":true,"href":"https:\/\/www.beatnikshoes.com\/fr\/wp-json\/wp\/v2\/woo-feed-brand?post=47853"}],"curies":[{"name":"wp","href":"https:\/\/api.w.org\/{rel}","templated":true}]}}