{"id":47232,"date":"2021-12-09T19:43:33","date_gmt":"2021-12-09T18:43:33","guid":{"rendered":"https:\/\/www.beatnikshoes.com\/?post_type=product&#038;p=47232"},"modified":"2025-08-26T21:14:52","modified_gmt":"2025-08-26T19:14:52","slug":"femmes-noirs-mocassins-en-cuir-signe-noirs","status":"publish","type":"product","link":"https:\/\/www.beatnikshoes.com\/fr\/chaussures-a-la-main\/femmes-noirs-mocassins-en-cuir-signe-noirs\/","title":{"rendered":"Irma All Black Mocassins en cuir pour femmes Irma All Black"},"content":{"rendered":"<h2>MOCASSINS NOIRS CLASSIQUES POUR FEMMES, EN CUIR DE QUALIT\u00c9 SUP\u00c9RIEURE<\/h2>\n<p>Les nouveaux <strong>mocassins en cuir pour femmes Irma All Black<\/strong> sont l&rsquo;un des mod\u00e8les qui, nous le savons, vous procureront beaucoup de joie. D&rsquo;une part, la tige de tous nos <strong>mocassins est faite d&rsquo;un masque,<\/strong> ce qui stylise compl\u00e8tement le pied. D&rsquo;autre part, le cuir noir souple, couleur joker de toutes les garde-robes. Et pour couronner le tout, le cuir de grain de la plus haute qualit\u00e9 sur le march\u00e9. Un style totalement gagnant. Pendant les saisons froides, le gris, le noir et le blanc sont les couleurs les plus courantes. Et ces <strong>mocassins en cuir noir pour femme<\/strong> ne pourraient pas \u00eatre mieux assortis \u00e0 cette palette de couleurs et \u00e0 toutes les autres.<\/p>\n<p>Le cuir fleuri de la tige de ce mocassin noir pour femme est un v\u00e9ritable d\u00e9lice. Cela est d\u00fb \u00e0 la fois \u00e0 la brillance qu&rsquo;il apporte et \u00e0 l&rsquo;adaptation parfaite qu&rsquo;il a au pied. La lame est cousue en une seule pi\u00e8ce, afin d&rsquo;\u00e9viter au maximum les coutures. L&rsquo;int\u00e9rieur du mocassin noir Irma pour femme est doubl\u00e9 de cuir de veau souple violet. La peau en contact avec le pied est ainsi infiniment douce et chaude. La semelle est mont\u00e9e sur une semelle int\u00e9rieure en cuir. La semelle ext\u00e9rieure est en spandex l\u00e9ger et antid\u00e9rapant pour isoler le porteur du froid et de l&rsquo;humidit\u00e9 ext\u00e9rieurs.<\/p>\n<h3>L&rsquo;\u00c9L\u00c9GANCE INTEMPORELLE DU PENNY LOAFER NOIR POUR FEMME<\/h3>\n<p>Ces <strong>mocassins en cuir noir pour femme<\/strong> puisent dans les sources de style les plus classiques. Le confort de leur conception fait que, depuis les ann\u00e9es cinquante du si\u00e8cle dernier, les mocassins sont l&rsquo;un des mod\u00e8les les plus accept\u00e9s dans les v\u00eatements de travail. Les<strong>\u00ab\u00a0women&rsquo;s black penny loafers<\/strong>\u00a0\u00bb sont parfaits avec un tailleur, impeccables avec un pantalon, confortables avec une jupe ou une robe, il s&rsquo;agit d&rsquo;un mod\u00e8le qui ne peut manquer dans la garde-robe d&rsquo;une professionnelle. Mais aussi dans un style beaucoup plus d\u00e9contract\u00e9, associ\u00e9 \u00e0 un pantalon chino ou \u00e0 un jean, pour une allure \u00e9l\u00e9gante lors des journ\u00e9es de loisirs. Peu de mod\u00e8les servent de mod\u00e8le universel \u00e0 porter tous les jours de la semaine, quel que soit le contexte.<\/p>\n<p>Ainsi, en plus de nos mocassins pleins de couleurs et de combinaisons, vous avez maintenant \u00e0 votre disposition le plus classique et le plus polyvalent des <strong>mocassins noirs pour femmes<\/strong>.<\/p>\n","protected":false},"excerpt":{"rendered":"<h2>Mocassins noirs faits \u00e0 la main en Espagne<\/h2>\n<p>Mat\u00e9riau ext\u00e9rieur : cuir de grain<br \/>\nRev\u00eatement : Cuir de vachette violet<br \/>\nMat\u00e9riau de la semelle : Semelle technique isolante et antid\u00e9rapante<br \/>\nType de talon : Bas<\/p>\n","protected":false},"featured_media":48959,"comment_status":"open","ping_status":"closed","template":"","meta":[],"product_brand":[],"product_cat":[7127,7143,7176],"product_tag":[],"woo-feed-brand":[],"class_list":{"0":"post-47232","1":"product","2":"type-product","3":"status-publish","4":"has-post-thumbnail","6":"product_cat-chaussures-femme","7":"product_cat-mocassins-femme-fr","8":"product_cat-outlet-fr","9":"pa_talla-zapato-36-fr","10":"pa_talla-zapato-37-fr","11":"pa_talla-zapato-38-fr","12":"pa_talla-zapato-39-fr","13":"pa_talla-zapato-40-fr","14":"pa_talla-zapato-41-fr","16":"first","17":"instock","18":"sale","19":"taxable","20":"shipping-taxable","21":"purchasable","22":"product-type-variable"},"_links":{"self":[{"href":"https:\/\/www.beatnikshoes.com\/fr\/wp-json\/wp\/v2\/product\/47232","targetHints":{"allow":["GET"]}}],"collection":[{"href":"https:\/\/www.beatnikshoes.com\/fr\/wp-json\/wp\/v2\/product"}],"about":[{"href":"https:\/\/www.beatnikshoes.com\/fr\/wp-json\/wp\/v2\/types\/product"}],"replies":[{"embeddable":true,"href":"https:\/\/www.beatnikshoes.com\/fr\/wp-json\/wp\/v2\/comments?post=47232"}],"wp:featuredmedia":[{"embeddable":true,"href":"https:\/\/www.beatnikshoes.com\/fr\/wp-json\/wp\/v2\/media\/48959"}],"wp:attachment":[{"href":"https:\/\/www.beatnikshoes.com\/fr\/wp-json\/wp\/v2\/media?parent=47232"}],"wp:term":[{"taxonomy":"product_brand","embeddable":true,"href":"https:\/\/www.beatnikshoes.com\/fr\/wp-json\/wp\/v2\/product_brand?post=47232"},{"taxonomy":"product_cat","embeddable":true,"href":"https:\/\/www.beatnikshoes.com\/fr\/wp-json\/wp\/v2\/product_cat?post=47232"},{"taxonomy":"product_tag","embeddable":true,"href":"https:\/\/www.beatnikshoes.com\/fr\/wp-json\/wp\/v2\/product_tag?post=47232"},{"taxonomy":"woo-feed-brand","embeddable":true,"href":"https:\/\/www.beatnikshoes.com\/fr\/wp-json\/wp\/v2\/woo-feed-brand?post=47232"}],"curies":[{"name":"wp","href":"https:\/\/api.w.org\/{rel}","templated":true}]}}