{"id":46854,"date":"2021-11-10T18:02:46","date_gmt":"2021-11-10T17:02:46","guid":{"rendered":"https:\/\/www.beatnikshoes.com\/?post_type=product&#038;p=46854"},"modified":"2025-08-26T21:19:35","modified_gmt":"2025-08-26T19:19:35","slug":"black-double-buckle-womens-june-black-brogue-shoes","status":"publish","type":"product","link":"https:\/\/www.beatnikshoes.com\/fr\/chaussures-a-la-main\/black-double-buckle-womens-june-black-brogue-shoes\/","title":{"rendered":"June Noir Brogue Femmes Double Boucle Noir Chaussures"},"content":{"rendered":"<h2>LES CHAUSSURES NOIRES \u00c0 DOUBLE BOUCLE POUR FEMMES QUE VOUS ATTENDIEZ<\/h2>\n<p>Cette saison, les amateurs de <strong>chaussures \u00e0 double boucle noires pour femmes<\/strong> vont \u00eatre combl\u00e9s. En fait, c&rsquo;est le cas chaque ann\u00e9e. Les <strong>chaussures noires \u00e0 deux boucles pour femmes<\/strong> sont toujours un mod\u00e8le parfait pour le travail. Et aussi pour les loisirs et les tenues \u00e9l\u00e9gantes.<\/p>\n<p>C&rsquo;est pourquoi nous pr\u00e9sentons cette saison l&rsquo;une de nos nouveaut\u00e9s les plus attendues.<\/p>\n<p>Nous respectons toujours la tradition et le classicisme comme base de d\u00e9veloppement des innovations. Et ce n&rsquo;est qu&rsquo;en connaissant les r\u00e8gles que l&rsquo;on peut les combattre et les vaincre. Ou au moins les am\u00e9liorer. C&rsquo;est pourquoi, \u00e0 c\u00f4t\u00e9 de l&rsquo;une de vos chaussures pr\u00e9f\u00e9r\u00e9es de notre collection, la June Black <strong>Monkstrap<\/strong>, sans aucune d\u00e9coration, cette nouvelle version va appara\u00eetre.<\/p>\n<h3>UNE VERSION COMPL\u00c9MENTAIRE ET DIFF\u00c9RENTE DE LA CHAUSSURE \u00c0 DEUX BOUCLES<\/h3>\n<p>Ainsi, pour cette <strong>chaussure femme noire \u00e0 deux boucles<\/strong>, nous avons utilis\u00e9 notre forme la plus confortable, la base de notre conception <strong>Monkstrap June<\/strong>, et y avons ajout\u00e9 un certain nombre de modifications.<\/p>\n<p>D\u00e9coration brogue sur toute la longueur de la tige, comme les Oxfords classiques. Et pour la base, au lieu de la traditionnelle semelle en cuir, nous avons mont\u00e9 des semelles en mat\u00e9riau technique antid\u00e9rapant. Cela cr\u00e9e un profil compl\u00e8tement diff\u00e9rent, qui all\u00e8ge aussi consid\u00e9rablement le poids de la pi\u00e8ce.<\/p>\n<p>Le r\u00e9sultat final a \u00e9t\u00e9 tout \u00e0 fait surprenant. Un mod\u00e8le qui habille parfaitement les femmes les plus classiques par temps froid ou pluvieux et qui s&rsquo;associe pour donner une touche classique \u00e0 toutes celles qui portent un style plus audacieux.<\/p>\n<p>Ces chaussures <strong>monk \u00e0 double boucle pour femmes<\/strong> sont un vrai r\u00e9gal pour la vie de tous les jours. Son design s&rsquo;int\u00e8gre parfaitement \u00e0 l&rsquo;environnement de travail. D&rsquo;autre part, avec un style plus d\u00e9contract\u00e9, m\u00eame avec un jean, elles ne peuvent pas \u00eatre plus \u00e9l\u00e9gantes.<\/p>\n<p>La couleur noire de son cuir de veau s&rsquo;associe facilement \u00e0 toutes les palettes hivernales. Les couleurs sombres et plus s\u00e9rieuses qui peuplent g\u00e9n\u00e9ralement nos garde-robes en automne-hiver s&rsquo;accordent parfaitement avec la couleur de sa peau douce.<\/p>\n<p>Chaudes et confortables, enti\u00e8rement doubl\u00e9es en cuir de veau souple violet et dot\u00e9es d&rsquo;une semelle int\u00e9rieure en cuir matelass\u00e9, elles sont id\u00e9ales pour se promener.<\/p>\n<h4>CLASSIQUE, MAIS PAS TRADITIONNEL<\/h4>\n<p>En somme, ces<strong> chaussures noires \u00e0 double boucle pour femme<\/strong> sont un alli\u00e9 pr\u00e9cieux cette saison. Style classique, confort, chaleur et une touche l\u00e9g\u00e8rement diff\u00e9rente dans sa d\u00e9coration, qui rompt avec les r\u00e8gles de la tradition.<\/p>\n","protected":false},"excerpt":{"rendered":"<h2>Chaussures noires de type brogue \u00e0 double boucle, fabriqu\u00e9es \u00e0 la main en Espagne<\/h2>\n<p>Mati\u00e8re ext\u00e9rieure : cuir de veau noir<br \/>\nRev\u00eatement : Cuir de vachette violet<br \/>\nMat\u00e9riau de la semelle : Semelle technique isolante et antid\u00e9rapante<br \/>\nType de talon : Bas<\/p>\n","protected":false},"featured_media":76497,"comment_status":"open","ping_status":"closed","template":"","meta":[],"product_brand":[],"product_cat":[7127,7153],"product_tag":[],"woo-feed-brand":[],"class_list":{"0":"post-46854","1":"product","2":"type-product","3":"status-publish","4":"has-post-thumbnail","6":"product_cat-chaussures-femme","7":"product_cat-chaussure-avec-boucles-fr","8":"pa_talla-zapato-35-fr","9":"pa_talla-zapato-36-fr","10":"pa_talla-zapato-37-fr","11":"pa_talla-zapato-38-fr","12":"pa_talla-zapato-39-fr","13":"pa_talla-zapato-40-fr","14":"pa_talla-zapato-41-fr","15":"pa_talla-zapato-42-fr","17":"first","18":"instock","19":"sale","20":"taxable","21":"shipping-taxable","22":"purchasable","23":"product-type-variable"},"_links":{"self":[{"href":"https:\/\/www.beatnikshoes.com\/fr\/wp-json\/wp\/v2\/product\/46854","targetHints":{"allow":["GET"]}}],"collection":[{"href":"https:\/\/www.beatnikshoes.com\/fr\/wp-json\/wp\/v2\/product"}],"about":[{"href":"https:\/\/www.beatnikshoes.com\/fr\/wp-json\/wp\/v2\/types\/product"}],"replies":[{"embeddable":true,"href":"https:\/\/www.beatnikshoes.com\/fr\/wp-json\/wp\/v2\/comments?post=46854"}],"wp:featuredmedia":[{"embeddable":true,"href":"https:\/\/www.beatnikshoes.com\/fr\/wp-json\/wp\/v2\/media\/76497"}],"wp:attachment":[{"href":"https:\/\/www.beatnikshoes.com\/fr\/wp-json\/wp\/v2\/media?parent=46854"}],"wp:term":[{"taxonomy":"product_brand","embeddable":true,"href":"https:\/\/www.beatnikshoes.com\/fr\/wp-json\/wp\/v2\/product_brand?post=46854"},{"taxonomy":"product_cat","embeddable":true,"href":"https:\/\/www.beatnikshoes.com\/fr\/wp-json\/wp\/v2\/product_cat?post=46854"},{"taxonomy":"product_tag","embeddable":true,"href":"https:\/\/www.beatnikshoes.com\/fr\/wp-json\/wp\/v2\/product_tag?post=46854"},{"taxonomy":"woo-feed-brand","embeddable":true,"href":"https:\/\/www.beatnikshoes.com\/fr\/wp-json\/wp\/v2\/woo-feed-brand?post=46854"}],"curies":[{"name":"wp","href":"https:\/\/api.w.org\/{rel}","templated":true}]}}