{"id":46852,"date":"2021-11-10T17:45:09","date_gmt":"2021-11-10T16:45:09","guid":{"rendered":"https:\/\/www.beatnikshoes.com\/?post_type=product&#038;p=46852"},"modified":"2025-08-26T21:24:58","modified_gmt":"2025-08-26T19:24:58","slug":"chaussures-boucles-doubles-marron-june-marron-brogue","status":"publish","type":"product","link":"https:\/\/www.beatnikshoes.com\/fr\/chaussures-a-la-main\/chaussures-boucles-doubles-marron-june-marron-brogue\/","title":{"rendered":"June Brown Brogue Double Buckle Brown Shoes"},"content":{"rendered":"<h2>LES CHAUSSURES MARRON \u00c0 DEUX BOUCLES AVEC D\u00c9CORATION BROGUE POUR FEMMES SONT ARRIV\u00c9ES<\/h2>\n<p>Le <strong>June<\/strong> <strong>Brown Brogue<\/strong> est l\u00e0 pour rester dans la collection Beatnik. L&rsquo;une des nouveaut\u00e9s les plus attendues du catalogue de cette ann\u00e9e. Les <strong>chaussures June Brown Brogue \u00e0 double boucle pour femmes<\/strong> sont un \u00e9l\u00e9ment essentiel de toute garde-robe d&rsquo;automne-hiver. Un mod\u00e8le de chaussure classique qui se porte parfaitement comme une chaussure de ville. Mais elle peut \u00e9galement servir de chaussure plus d\u00e9contract\u00e9e. Et \u00e0 laquelle, dans ce cas, a \u00e9t\u00e9 ajout\u00e9e une d\u00e9coration au design classique de type \u00ab\u00a0brogue\u00a0\u00bb. Et pour compl\u00e9ter le design, une semelle technique extra large, assortie \u00e0 la couleur de la pi\u00e8ce.<\/p>\n<p>La couleur brune de son cuir de veau se marie parfaitement avec tous les bleus et les gris. Et bien s\u00fbr avec toutes les gammes de pastels et de couleurs terreuses. Les chaussures en cuir marron sont l&rsquo;un des choix les plus courants lorsqu&rsquo;il s&rsquo;agit de porter des chaussures de ville. Ils nous permettent \u00e9galement d&rsquo;ajouter une note de couleur plus chaude \u00e0 notre garde-robe formelle, par opposition au noir plus classique. Les diff\u00e9rentes nuances de cuir de ces <strong>chaussures \u00e0 double boucle marron pour femme<\/strong> sont parfaites pour \u00eatre associ\u00e9es \u00e0 des couleurs plus froides et plus s\u00e9rieuses. Faciles \u00e0 porter dans le cadre d&rsquo;une activit\u00e9 professionnelle, ces chaussures \u00e0 double boucle marron pour femme brillent \u00e9galement dans des contextes beaucoup plus d\u00e9contract\u00e9s.<\/p>\n<h3>TECHNIQUE TRADITIONNELLE. DESIGN CONTEMPORAIN<\/h3>\n<p>Pour une journ\u00e9e de mauvais temps, de froid ou de pluie, rien de tel que de compter sur ces <strong>chaussures Monkstrap marron \u00e0 deux boucles pour femmes<\/strong>. Pour plus de chaleur, elles sont mont\u00e9es sur une semelle en mat\u00e9riau technique antid\u00e9rapant. Ce type de semelle, en plus d&rsquo;une incroyable adh\u00e9rence, offre une parfaite isolation contre le froid et l&rsquo;humidit\u00e9. Cette semelle extra large \u00e9loigne le sol froid de la semelle du propri\u00e9taire. Et sur cette pi\u00e8ce isolante et ultra-l\u00e9g\u00e8re, nous avons plac\u00e9 une semelle int\u00e9rieure en cuir matelass\u00e9e. Enfin, l&rsquo;int\u00e9rieur de la chaussure est entour\u00e9 d&rsquo;une peau de veau qui tapisse l&rsquo;ensemble de la chaussure.<\/p>\n<p>Chaque pi\u00e8ce de ces <strong>chaussures marron \u00e0 double boucle<\/strong> est cousue ensemble. Selon les techniques les plus traditionnelles des ateliers espagnols de fabrication de chaussures. Ainsi, en alliant la qualit\u00e9 des mat\u00e9riaux utilis\u00e9s, les meilleures peaux de vache, la conception d&rsquo;une forme ultra-confortable et le savoir-faire des meilleurs artisans, on obtient une pi\u00e8ce aussi \u00e9l\u00e9gante qu&rsquo;ultra-confortable.<\/p>\n<p>Pour cette saison et de nombreuses autres \u00e0 venir.<\/p>\n","protected":false},"excerpt":{"rendered":"<h2>Chaussures brunes \u00e0 double boucle, fabriqu\u00e9es \u00e0 la main en Espagne<\/h2>\n<p>Mati\u00e8re ext\u00e9rieure : cuir de veau brun<br \/>\nRev\u00eatement : Cuir de vachette violet<br \/>\nMat\u00e9riau de la semelle : Semelle technique isolante et antid\u00e9rapante<br \/>\nType de talon : Bas<\/p>\n","protected":false},"featured_media":48829,"comment_status":"open","ping_status":"closed","template":"","meta":[],"product_brand":[],"product_cat":[7127,7153],"product_tag":[],"woo-feed-brand":[],"class_list":{"0":"post-46852","1":"product","2":"type-product","3":"status-publish","4":"has-post-thumbnail","6":"product_cat-chaussures-femme","7":"product_cat-chaussure-avec-boucles-fr","8":"pa_talla-zapato-36-fr","9":"pa_talla-zapato-37-fr","10":"pa_talla-zapato-38-fr","11":"pa_talla-zapato-39-fr","12":"pa_talla-zapato-40-fr","13":"pa_talla-zapato-41-fr","15":"first","16":"instock","17":"sale","18":"taxable","19":"shipping-taxable","20":"purchasable","21":"product-type-variable"},"_links":{"self":[{"href":"https:\/\/www.beatnikshoes.com\/fr\/wp-json\/wp\/v2\/product\/46852","targetHints":{"allow":["GET"]}}],"collection":[{"href":"https:\/\/www.beatnikshoes.com\/fr\/wp-json\/wp\/v2\/product"}],"about":[{"href":"https:\/\/www.beatnikshoes.com\/fr\/wp-json\/wp\/v2\/types\/product"}],"replies":[{"embeddable":true,"href":"https:\/\/www.beatnikshoes.com\/fr\/wp-json\/wp\/v2\/comments?post=46852"}],"wp:featuredmedia":[{"embeddable":true,"href":"https:\/\/www.beatnikshoes.com\/fr\/wp-json\/wp\/v2\/media\/48829"}],"wp:attachment":[{"href":"https:\/\/www.beatnikshoes.com\/fr\/wp-json\/wp\/v2\/media?parent=46852"}],"wp:term":[{"taxonomy":"product_brand","embeddable":true,"href":"https:\/\/www.beatnikshoes.com\/fr\/wp-json\/wp\/v2\/product_brand?post=46852"},{"taxonomy":"product_cat","embeddable":true,"href":"https:\/\/www.beatnikshoes.com\/fr\/wp-json\/wp\/v2\/product_cat?post=46852"},{"taxonomy":"product_tag","embeddable":true,"href":"https:\/\/www.beatnikshoes.com\/fr\/wp-json\/wp\/v2\/product_tag?post=46852"},{"taxonomy":"woo-feed-brand","embeddable":true,"href":"https:\/\/www.beatnikshoes.com\/fr\/wp-json\/wp\/v2\/woo-feed-brand?post=46852"}],"curies":[{"name":"wp","href":"https:\/\/api.w.org\/{rel}","templated":true}]}}