{"id":45989,"date":"2021-04-28T13:36:40","date_gmt":"2021-04-28T11:36:40","guid":{"rendered":"https:\/\/www.beatnikshoes.com\/?post_type=product&#038;p=45989"},"modified":"2025-08-26T21:32:47","modified_gmt":"2025-08-26T19:32:47","slug":"blue-lace-up-oxford-style-oxford-womens-ethel-aqua-shoes","status":"publish","type":"product","link":"https:\/\/www.beatnikshoes.com\/fr\/chaussures-a-la-main\/blue-lace-up-oxford-style-oxford-womens-ethel-aqua-shoes\/","title":{"rendered":"Chaussures oxford \u00e0 lacets bleues Ethel Aqua pour femme"},"content":{"rendered":"<h2>LES BLUCHERS BLEU AIGUE-MARINE QUE VOUS ATTENDIEZ<\/h2>\n<p>Pour cette nouvelle saison, quoi de mieux que d&rsquo;\u00e9largir notre collection avec l&rsquo;un de vos mod\u00e8les pr\u00e9f\u00e9r\u00e9s. L&rsquo;Ethel Blucher, avec son design britannique classique, la discr\u00e8te d\u00e9coration <strong>brogue<\/strong> faite \u00e0 la main sur l&#8217;empeigne, et le confort total de son talon confortable.<\/p>\n<p>En cette ann\u00e9e particuli\u00e8re, nous avons d\u00e9cid\u00e9 d&rsquo;accueillir une couleur pleine d&rsquo;espoir. Et de la joie pour tout le bien \u00e0 venir. L&rsquo;aigue-marine. Bienvenue dans cette \u00e9dition limit\u00e9e des chaussures \u00e0 lacets <strong>bleues <\/strong>Ethel Aqua pour femmes.<\/p>\n<h3>UN BLUCHER AUX FORMES CLASSIQUES EN CUIR SOUPLE ET AUX COULEURS PLEINES DE FORCE ET DE PERSONNALIT\u00c9.<\/h3>\n<p>La longue empeigne et la couleur garantissent que vous serez la plus chic de votre groupe d&rsquo;amies cet \u00e9t\u00e9. Le choix de ce ton aigue-marine, d&rsquo;une part loin des couleurs les plus habituelles et d&rsquo;autre part facilement combinable avec toutes sortes de couleurs pastel, permet de combiner facilement ce Blucher avec votre garde-robe estivale cet \u00e9t\u00e9.<\/p>\n<p>Comme toute notre collection d&rsquo;<strong>Oxfords et de Bluchers<\/strong>, la forme est ultra-confortable, et le cuir de veau souple, en plus du confort, garantit que le pied sera entour\u00e9 d&rsquo;une mati\u00e8re respirante qui permet au pied de s&rsquo;adapter parfaitement \u00e0 la temp\u00e9rature ambiante.<\/p>\n<p>Nous les aimons avec des pantalons en coton, des chinos et des shorts, avec une longue robe d&rsquo;\u00e9t\u00e9 ou une jupe classique. Notre couleur pour cette saison est le bleu aquamarine (ou est-ce le vert ?) de notre <strong>Derby Ethel Aqua<\/strong>.<\/p>\n","protected":false},"excerpt":{"rendered":"<h2>Chaussures de style oxford bleu pour femmes, fabriqu\u00e9es \u00e0 la main en Espagne<\/h2>\n<p>Mat\u00e9riau ext\u00e9rieur : cuir de veau<br \/>\nRev\u00eatement : Cuir de vachette violet<br \/>\nMat\u00e9riau de la semelle : Semelle technique isolante et antid\u00e9rapante<br \/>\nType de talon : Bas<\/p>\n","protected":false},"featured_media":70498,"comment_status":"open","ping_status":"closed","template":"","meta":[],"product_brand":[],"product_cat":[7127,7184,7152],"product_tag":[],"woo-feed-brand":[],"class_list":{"0":"post-45989","1":"product","2":"type-product","3":"status-publish","4":"has-post-thumbnail","6":"product_cat-chaussures-femme","7":"product_cat-chaussures-blucher-pour-femmes","8":"product_cat-chaussures-oxford-pour-femme","9":"pa_talla-zapato-35-fr","10":"pa_talla-zapato-36-fr","11":"pa_talla-zapato-37-fr","12":"pa_talla-zapato-38-fr","13":"pa_talla-zapato-39-fr","14":"pa_talla-zapato-40-fr","15":"pa_talla-zapato-41-fr","17":"first","18":"instock","19":"sale","20":"taxable","21":"shipping-taxable","22":"purchasable","23":"product-type-variable"},"_links":{"self":[{"href":"https:\/\/www.beatnikshoes.com\/fr\/wp-json\/wp\/v2\/product\/45989","targetHints":{"allow":["GET"]}}],"collection":[{"href":"https:\/\/www.beatnikshoes.com\/fr\/wp-json\/wp\/v2\/product"}],"about":[{"href":"https:\/\/www.beatnikshoes.com\/fr\/wp-json\/wp\/v2\/types\/product"}],"replies":[{"embeddable":true,"href":"https:\/\/www.beatnikshoes.com\/fr\/wp-json\/wp\/v2\/comments?post=45989"}],"wp:featuredmedia":[{"embeddable":true,"href":"https:\/\/www.beatnikshoes.com\/fr\/wp-json\/wp\/v2\/media\/70498"}],"wp:attachment":[{"href":"https:\/\/www.beatnikshoes.com\/fr\/wp-json\/wp\/v2\/media?parent=45989"}],"wp:term":[{"taxonomy":"product_brand","embeddable":true,"href":"https:\/\/www.beatnikshoes.com\/fr\/wp-json\/wp\/v2\/product_brand?post=45989"},{"taxonomy":"product_cat","embeddable":true,"href":"https:\/\/www.beatnikshoes.com\/fr\/wp-json\/wp\/v2\/product_cat?post=45989"},{"taxonomy":"product_tag","embeddable":true,"href":"https:\/\/www.beatnikshoes.com\/fr\/wp-json\/wp\/v2\/product_tag?post=45989"},{"taxonomy":"woo-feed-brand","embeddable":true,"href":"https:\/\/www.beatnikshoes.com\/fr\/wp-json\/wp\/v2\/woo-feed-brand?post=45989"}],"curies":[{"name":"wp","href":"https:\/\/api.w.org\/{rel}","templated":true}]}}