{"id":43871,"date":"2023-10-09T15:51:04","date_gmt":"2023-10-09T13:51:04","guid":{"rendered":"https:\/\/www.beatnikshoes.com\/zapatos-hechos-a-mano\/chaussure-pour-femme-noire-a-double-boucle-june\/"},"modified":"2026-03-13T14:07:35","modified_gmt":"2026-03-13T13:07:35","slug":"double-boucle-noir-chaussure-femme-june","status":"publish","type":"product","link":"https:\/\/www.beatnikshoes.com\/fr\/chaussures-a-la-main\/double-boucle-noir-chaussure-femme-june\/","title":{"rendered":"Chaussure \u00e0 double boucle noire pour femmes June"},"content":{"rendered":"<h2>J&rsquo;AIME VOTRE PR\u00c9SENCE. UN MONKSTRAP NOIR POUR TOUS LES JOURS<\/h2>\n<p>La <strong>chaussure \u00e0 double boucle noire pour femme,<\/strong> un classique par excellence, d\u00e9sormais con\u00e7ue et fabriqu\u00e9e pour les femmes les plus \u00e9l\u00e9gantes.<\/p>\n<p>Une fois que vous les aurez mis, vous ne voudrez plus les enlever. Fabriqu\u00e9s \u00e0 la main en cuir souple, avec une semelle surpiqu\u00e9e et une doublure chaude en cuir sur toute la tige, ils offrent un maximum de confort \u00e0 leur propri\u00e9taire.<\/p>\n<p>Le cuir souple de cette <strong>chaussure de moine noire f\u00e9minine<\/strong> et sa forme, con\u00e7ue et fabriqu\u00e9e sp\u00e9cifiquement pour les pieds f\u00e9minins, vous permettront de profiter pleinement de votre vie quotidienne, que ce soit au travail, entre amis ou en famille. Ce <strong>bracelet monk noir<\/strong> est d&rsquo;un confort \u00e9l\u00e9gant.<\/p>\n<p>Le design de sa lame \u00e9lanc\u00e9e, en plus d&rsquo;un grand confort, offre une d\u00e9marche pleine d&rsquo;\u00e9l\u00e9gance. Avec une robe, une jupe ou un pantalon, ils attireront l&rsquo;attention des femmes qui vous entourent. Et pas seulement d&rsquo;eux. Promis.<\/p>\n","protected":false},"excerpt":{"rendered":"<h2>Chaussures \u00e0 double boucle noires pour femmes June, fabriqu\u00e9es en Espagne<\/h2>\n<p>Mati\u00e8re ext\u00e9rieure : cuir de veau noir<br \/>\nDoublure : cuir de vachette violet<br \/>\nMat\u00e9riau de la semelle : cuir v\u00e9ritable cousu et fine couche antid\u00e9rapante inject\u00e9e<br \/>\nFermeture : Boucle double<br \/>\nType de talon : Bas<\/p>\n","protected":false},"featured_media":76353,"comment_status":"open","ping_status":"closed","template":"","meta":[],"product_brand":[],"product_cat":[7153,7127],"product_tag":[],"woo-feed-brand":[],"class_list":{"0":"post-43871","1":"product","2":"type-product","3":"status-publish","4":"has-post-thumbnail","6":"product_cat-chaussure-avec-boucles-fr","7":"product_cat-chaussures-femme","8":"pa_talla-zapato-35-fr","9":"pa_talla-zapato-36-fr","10":"pa_talla-zapato-37-fr","11":"pa_talla-zapato-38-fr","12":"pa_talla-zapato-39-fr","13":"pa_talla-zapato-40-fr","14":"pa_talla-zapato-41-fr","15":"pa_talla-zapato-42-fr","17":"first","18":"instock","19":"sale","20":"taxable","21":"shipping-taxable","22":"purchasable","23":"product-type-variable"},"_links":{"self":[{"href":"https:\/\/www.beatnikshoes.com\/fr\/wp-json\/wp\/v2\/product\/43871","targetHints":{"allow":["GET"]}}],"collection":[{"href":"https:\/\/www.beatnikshoes.com\/fr\/wp-json\/wp\/v2\/product"}],"about":[{"href":"https:\/\/www.beatnikshoes.com\/fr\/wp-json\/wp\/v2\/types\/product"}],"replies":[{"embeddable":true,"href":"https:\/\/www.beatnikshoes.com\/fr\/wp-json\/wp\/v2\/comments?post=43871"}],"wp:featuredmedia":[{"embeddable":true,"href":"https:\/\/www.beatnikshoes.com\/fr\/wp-json\/wp\/v2\/media\/76353"}],"wp:attachment":[{"href":"https:\/\/www.beatnikshoes.com\/fr\/wp-json\/wp\/v2\/media?parent=43871"}],"wp:term":[{"taxonomy":"product_brand","embeddable":true,"href":"https:\/\/www.beatnikshoes.com\/fr\/wp-json\/wp\/v2\/product_brand?post=43871"},{"taxonomy":"product_cat","embeddable":true,"href":"https:\/\/www.beatnikshoes.com\/fr\/wp-json\/wp\/v2\/product_cat?post=43871"},{"taxonomy":"product_tag","embeddable":true,"href":"https:\/\/www.beatnikshoes.com\/fr\/wp-json\/wp\/v2\/product_tag?post=43871"},{"taxonomy":"woo-feed-brand","embeddable":true,"href":"https:\/\/www.beatnikshoes.com\/fr\/wp-json\/wp\/v2\/woo-feed-brand?post=43871"}],"curies":[{"name":"wp","href":"https:\/\/api.w.org\/{rel}","templated":true}]}}