{"id":43861,"date":"2023-04-10T10:49:27","date_gmt":"2023-04-10T08:49:27","guid":{"rendered":"https:\/\/www.beatnikshoes.com\/zapatos-hechos-a-mano\/lena-green-sur-le-cuir-verni-rouge-comme-chaussures-pour-femmes\/"},"modified":"2025-08-25T22:40:22","modified_gmt":"2025-08-25T20:40:22","slug":"oxford-charol-bicolour-bicolour-femmes-en-charol-lena-vert-sur-rouge","status":"publish","type":"product","link":"https:\/\/www.beatnikshoes.com\/fr\/chaussures-a-la-main\/oxford-charol-bicolour-bicolour-femmes-en-charol-lena-vert-sur-rouge\/","title":{"rendered":"Chaussures oxford en cuir verni bicolore pour femmes Lena Green on Red"},"content":{"rendered":"<h2>LE COURAGE DE CHANGER FAIT DE VOUS UN GAGNANT<\/h2>\n<p>La chaussure qui allie intelligence, charme et \u00e9l\u00e9gance. Un oxford en cuir verni bicolore pour femme, parfait m\u00e9lange entre masculin et f\u00e9minin, entre \u00e9l\u00e9gance et couleur, entre classique et moderne.<\/p>\n<p>Ces <strong>chaussures de style Oxford en cuir verni bicolore<\/strong>, fabriqu\u00e9es en Espagne en cuir verni vert et cerise, sont un classique en termes de style et de coupe de la tige, de sorte qu&rsquo;elles brillent de leur propre lumi\u00e8re dans n&rsquo;importe quel style. En outre, cet oxford, gr\u00e2ce \u00e0 la conception de sa forme, offre un grand confort \u00e0 son propri\u00e9taire.<\/p>\n<p>Ces chaussures<strong> oxford bicolores vertes et rouges pour femme <\/strong>s&rsquo;associent \u00e0 un large \u00e9ventail de styles : jupes fluides, jeans, pantalons skinny, robes&#8230;<\/p>\n<p>Leur magie r\u00e9side dans le confort et le contraste de couleurs qu&rsquo;ils offrent \u00e0 leur propri\u00e9taire. Ils sont livr\u00e9s avec un double jeu de lacets, en rouge et en vert, pour que vous puissiez les combiner \u00e0 votre guise.<\/p>\n<p>Une \u00e9l\u00e9gance classique avec une touche de couleur discr\u00e8te.<\/p>\n","protected":false},"excerpt":{"rendered":"<h2>Oxford en cuir verni fabriqu\u00e9 \u00e0 la main en Espagne<\/h2>\n<p>Mati\u00e8re ext\u00e9rieure : cuir verni vert et rouge<br \/>\nDoublure : cuir de vachette violet<br \/>\nMat\u00e9riau de la semelle : cuir surpiqu\u00e9 et couche d&rsquo;injection antid\u00e9rapante<br \/>\nFermeture : deux jeux de lacets verts et rouges<br \/>\nType de talon : Bas<\/p>\n","protected":false},"featured_media":43077,"comment_status":"open","ping_status":"closed","template":"","meta":[],"product_brand":[11789],"product_cat":[8899,7127,7152],"product_tag":[],"woo-feed-brand":[],"class_list":{"0":"post-43861","1":"product","2":"type-product","3":"status-publish","4":"has-post-thumbnail","6":"product_brand-beatnik-shoes-fr","7":"product_cat-chaussures-bicolores-pour-femme","8":"product_cat-chaussures-femme","9":"product_cat-chaussures-oxford-pour-femme","10":"pa_talla-zapato-35-fr","11":"pa_talla-zapato-36-fr","12":"pa_talla-zapato-37-fr","13":"pa_talla-zapato-38-fr","14":"pa_talla-zapato-39-fr","15":"pa_talla-zapato-40-fr","16":"pa_talla-zapato-41-fr","17":"pa_talla-zapato-42-fr","19":"first","20":"instock","21":"sale","22":"taxable","23":"shipping-taxable","24":"purchasable","25":"product-type-variable"},"_links":{"self":[{"href":"https:\/\/www.beatnikshoes.com\/fr\/wp-json\/wp\/v2\/product\/43861","targetHints":{"allow":["GET"]}}],"collection":[{"href":"https:\/\/www.beatnikshoes.com\/fr\/wp-json\/wp\/v2\/product"}],"about":[{"href":"https:\/\/www.beatnikshoes.com\/fr\/wp-json\/wp\/v2\/types\/product"}],"replies":[{"embeddable":true,"href":"https:\/\/www.beatnikshoes.com\/fr\/wp-json\/wp\/v2\/comments?post=43861"}],"wp:featuredmedia":[{"embeddable":true,"href":"https:\/\/www.beatnikshoes.com\/fr\/wp-json\/wp\/v2\/media\/43077"}],"wp:attachment":[{"href":"https:\/\/www.beatnikshoes.com\/fr\/wp-json\/wp\/v2\/media?parent=43861"}],"wp:term":[{"taxonomy":"product_brand","embeddable":true,"href":"https:\/\/www.beatnikshoes.com\/fr\/wp-json\/wp\/v2\/product_brand?post=43861"},{"taxonomy":"product_cat","embeddable":true,"href":"https:\/\/www.beatnikshoes.com\/fr\/wp-json\/wp\/v2\/product_cat?post=43861"},{"taxonomy":"product_tag","embeddable":true,"href":"https:\/\/www.beatnikshoes.com\/fr\/wp-json\/wp\/v2\/product_tag?post=43861"},{"taxonomy":"woo-feed-brand","embeddable":true,"href":"https:\/\/www.beatnikshoes.com\/fr\/wp-json\/wp\/v2\/woo-feed-brand?post=43861"}],"curies":[{"name":"wp","href":"https:\/\/api.w.org\/{rel}","templated":true}]}}