{"id":43838,"date":"2023-05-08T11:44:18","date_gmt":"2023-05-08T09:44:18","guid":{"rendered":"https:\/\/www.beatnikshoes.com\/zapatos-hechos-a-mano\/chaussures-lena-too-red-doxford-pour-femmes\/"},"modified":"2025-08-25T22:32:30","modified_gmt":"2025-08-25T20:32:30","slug":"chaussure-red-oxford-chaussure-femme-chaussure-femme-string-to-to-net","status":"publish","type":"product","link":"https:\/\/www.beatnikshoes.com\/fr\/chaussures-a-la-main\/chaussure-red-oxford-chaussure-femme-chaussure-femme-string-to-to-net\/","title":{"rendered":"Femme Rouge Chaussure Oxford Lena Too Rouge"},"content":{"rendered":"<h2>RED OXFORDS SI&#8230;. ET ALORS ?<\/h2>\n<p>Notre <strong>chaussure oxford pour femme<\/strong> Lena Too Red est une version encore plus audacieuse de la <strong>chaussure oxford classique pour femme <\/strong>Lena.<\/p>\n<p>Voici la nouvelle <strong>chaussure oxford rouge<\/strong> Lena Too Red pour femme. Elle r\u00e9unit le concept le plus classique de la <strong>chaussure oxford<\/strong> et la couleur la plus audacieuse de cette saison : le <strong>rouge<\/strong>.<\/p>\n<p>Cette <strong>chaussure oxford rouge pour femme<\/strong> peut \u00eatre associ\u00e9e aussi bien \u00e0 un pantalon skinny qu&rsquo;\u00e0 une robe fluide. Ils s&rsquo;accordent parfaitement avec une jupe et un tailleur.<\/p>\n<p>Enfilez une paire de Lena Too Red et vous serez au centre de l&rsquo;attention. La texture du cuir verni brillant associ\u00e9e \u00e0 la douceur du daim rouge cr\u00e9e un \u00e9quilibre complet dans la pi\u00e8ce. Et pour que vous puissiez combiner encore plus les couleurs, elles sont livr\u00e9es avec deux jeux de lacets blancs et rouges.<\/p>\n<p>Et comme si tout cela ne suffisait pas, notre Lena Too Red est le mod\u00e8le que veulent les deux protagonistes de la publicit\u00e9 mondiale de <strong>Samsung Galaxy<\/strong>. Un style qui d\u00e9passe les fronti\u00e8res.<\/p>\n<p>A r\u00e9server aux audacieux, aux accros et aux amateurs de <strong>chaussures rouges<\/strong>.<\/p>\n","protected":false},"excerpt":{"rendered":"<h2>Chaussures d&rsquo;Oxford rouges pour femmes, fabriqu\u00e9es \u00e0 la main en Espagne<\/h2>\n<p>Mati\u00e8re ext\u00e9rieure : cuir verni rouge et daim rouge<br \/>\nDoublure : cuir de vachette violet<br \/>\nFermeture : lacets blancs et rouges<br \/>\nType de talon : Bas<br \/>\nMat\u00e9riau de la semelle : cuir cousu et fine couche antid\u00e9rapante inject\u00e9e<\/p>\n","protected":false},"featured_media":76426,"comment_status":"open","ping_status":"closed","template":"","meta":[],"product_brand":[11789],"product_cat":[7127,7152],"product_tag":[],"woo-feed-brand":[],"class_list":{"0":"post-43838","1":"product","2":"type-product","3":"status-publish","4":"has-post-thumbnail","6":"product_brand-beatnik-shoes-fr","7":"product_cat-chaussures-femme","8":"product_cat-chaussures-oxford-pour-femme","9":"pa_talla-zapato-35-fr","10":"pa_talla-zapato-36-fr","11":"pa_talla-zapato-37-fr","12":"pa_talla-zapato-38-fr","13":"pa_talla-zapato-39-fr","14":"pa_talla-zapato-40-fr","15":"pa_talla-zapato-41-fr","16":"pa_talla-zapato-42-fr","17":"pa_talla-zapato-43-fr","19":"first","20":"instock","21":"sale","22":"taxable","23":"shipping-taxable","24":"purchasable","25":"product-type-variable"},"_links":{"self":[{"href":"https:\/\/www.beatnikshoes.com\/fr\/wp-json\/wp\/v2\/product\/43838","targetHints":{"allow":["GET"]}}],"collection":[{"href":"https:\/\/www.beatnikshoes.com\/fr\/wp-json\/wp\/v2\/product"}],"about":[{"href":"https:\/\/www.beatnikshoes.com\/fr\/wp-json\/wp\/v2\/types\/product"}],"replies":[{"embeddable":true,"href":"https:\/\/www.beatnikshoes.com\/fr\/wp-json\/wp\/v2\/comments?post=43838"}],"wp:featuredmedia":[{"embeddable":true,"href":"https:\/\/www.beatnikshoes.com\/fr\/wp-json\/wp\/v2\/media\/76426"}],"wp:attachment":[{"href":"https:\/\/www.beatnikshoes.com\/fr\/wp-json\/wp\/v2\/media?parent=43838"}],"wp:term":[{"taxonomy":"product_brand","embeddable":true,"href":"https:\/\/www.beatnikshoes.com\/fr\/wp-json\/wp\/v2\/product_brand?post=43838"},{"taxonomy":"product_cat","embeddable":true,"href":"https:\/\/www.beatnikshoes.com\/fr\/wp-json\/wp\/v2\/product_cat?post=43838"},{"taxonomy":"product_tag","embeddable":true,"href":"https:\/\/www.beatnikshoes.com\/fr\/wp-json\/wp\/v2\/product_tag?post=43838"},{"taxonomy":"woo-feed-brand","embeddable":true,"href":"https:\/\/www.beatnikshoes.com\/fr\/wp-json\/wp\/v2\/woo-feed-brand?post=43838"}],"curies":[{"name":"wp","href":"https:\/\/api.w.org\/{rel}","templated":true}]}}