{"id":43829,"date":"2023-12-15T19:33:53","date_gmt":"2023-12-15T18:33:53","guid":{"rendered":"https:\/\/www.beatnikshoes.com\/zapatos-hechos-a-mano\/chaussure-de-brogue-noir-et-blanc-pour-homme\/"},"modified":"2025-12-10T21:38:20","modified_gmt":"2025-12-10T20:38:20","slug":"chaussure-oxford-bicolore-blanc-et-noir","status":"publish","type":"product","link":"https:\/\/www.beatnikshoes.com\/fr\/chaussures-a-la-main\/chaussure-oxford-bicolore-blanc-et-noir\/","title":{"rendered":"Chaussures d&rsquo;Oxford bicolores noires et blanches Holmes pour hommes"},"content":{"rendered":"<h2>CHAUSSURE OXFORD BICOLORE POUR HOMMES EN NOIR ET BLANC<\/h2>\n<p>D\u00e9couvrez notre <strong>chaussure Oxford noire et blanche pour homme<\/strong>, une r\u00e9interpr\u00e9tation moderne de la <strong>chaussure Spectator<\/strong> classique. Confectionn\u00e9es dans un <strong>cuir de veau<\/strong> noir et blanc des plus souples, ces chaussures pr\u00e9sentent des d\u00e9tails d\u00e9licats en pointill\u00e9s qui ajoutent une touche de sophistication.<\/p>\n<p>Dot\u00e9e d&rsquo;une doublure en cuir de vache et d&rsquo;une semelle en cuir v\u00e9ritable, cette chaussure garantit durabilit\u00e9 et confort \u00e0 chaque pas. Et pour encore plus de polyvalence, nous avons inclus un double jeu de lacets noirs et blancs, ce qui vous permet de m\u00e9langer et d&rsquo;assortir les d\u00e9tails en fonction de votre style personnel.<\/p>\n<p>La <strong>chaussure oxford bicolore noire et blanche<\/strong> est un classique intemporel qui ne se d\u00e9mode jamais. Que vous souhaitiez vous d\u00e9marquer ou ajouter une touche de contraste \u00e0 votre tenue, ce mod\u00e8le est parfait pour ceux qui recherchent un style unique et distinctif.<\/p>\n<p>D\u00e9finissez votre style avec notre <strong>chaussure oxford noire et blanche<\/strong>, le classique pour le non conventionnel. Osez vous d\u00e9marquer avec \u00e9l\u00e9gance en toute occasion.<\/p>\n<p>La chaussure oxford par excellence pour les non-classiques.<\/p>\n","protected":false},"excerpt":{"rendered":"<h2>Chaussure oxford bicolore noire et blanche fabriqu\u00e9e \u00e0 la main en Espagne<\/h2>\n<p>Mat\u00e9riau ext\u00e9rieur : cuir de veau<br \/>\nDoublure : cuir de vachette violet<br \/>\nMat\u00e9riau de la semelle : cuir cousu et fine couche antid\u00e9rapante inject\u00e9e<br \/>\nFermeture : lacets<br \/>\nType de talon : Bas<\/p>\n","protected":false},"featured_media":43024,"comment_status":"open","ping_status":"closed","template":"","meta":[],"product_brand":[11789],"product_cat":[7092,7210,8896],"product_tag":[],"woo-feed-brand":[],"class_list":{"0":"post-43829","1":"product","2":"type-product","3":"status-publish","4":"has-post-thumbnail","6":"product_brand-beatnik-shoes-fr","7":"product_cat-chaussures-homme","8":"product_cat-oxfords-fr","9":"product_cat-richelieu-bicolore","10":"pa_talla-zapato-39-fr","11":"pa_talla-zapato-40-fr","12":"pa_talla-zapato-41-fr","13":"pa_talla-zapato-42-fr","14":"pa_talla-zapato-43-fr","15":"pa_talla-zapato-44-fr","16":"pa_talla-zapato-45-fr","17":"pa_talla-zapato-46-fr","19":"first","20":"instock","21":"sale","22":"taxable","23":"shipping-taxable","24":"purchasable","25":"product-type-variable"},"_links":{"self":[{"href":"https:\/\/www.beatnikshoes.com\/fr\/wp-json\/wp\/v2\/product\/43829","targetHints":{"allow":["GET"]}}],"collection":[{"href":"https:\/\/www.beatnikshoes.com\/fr\/wp-json\/wp\/v2\/product"}],"about":[{"href":"https:\/\/www.beatnikshoes.com\/fr\/wp-json\/wp\/v2\/types\/product"}],"replies":[{"embeddable":true,"href":"https:\/\/www.beatnikshoes.com\/fr\/wp-json\/wp\/v2\/comments?post=43829"}],"wp:featuredmedia":[{"embeddable":true,"href":"https:\/\/www.beatnikshoes.com\/fr\/wp-json\/wp\/v2\/media\/43024"}],"wp:attachment":[{"href":"https:\/\/www.beatnikshoes.com\/fr\/wp-json\/wp\/v2\/media?parent=43829"}],"wp:term":[{"taxonomy":"product_brand","embeddable":true,"href":"https:\/\/www.beatnikshoes.com\/fr\/wp-json\/wp\/v2\/product_brand?post=43829"},{"taxonomy":"product_cat","embeddable":true,"href":"https:\/\/www.beatnikshoes.com\/fr\/wp-json\/wp\/v2\/product_cat?post=43829"},{"taxonomy":"product_tag","embeddable":true,"href":"https:\/\/www.beatnikshoes.com\/fr\/wp-json\/wp\/v2\/product_tag?post=43829"},{"taxonomy":"woo-feed-brand","embeddable":true,"href":"https:\/\/www.beatnikshoes.com\/fr\/wp-json\/wp\/v2\/woo-feed-brand?post=43829"}],"curies":[{"name":"wp","href":"https:\/\/api.w.org\/{rel}","templated":true}]}}