{"id":43817,"date":"2023-08-11T18:04:46","date_gmt":"2023-08-11T16:04:46","guid":{"rendered":"https:\/\/www.beatnikshoes.com\/zapatos-hechos-a-mano\/chaussure-jaune-blucher-pour-femme-ethel-yellow\/"},"modified":"2025-09-17T00:02:05","modified_gmt":"2025-09-16T22:02:05","slug":"chaussures-jaunes-pour-femmes-ethel","status":"publish","type":"product","link":"https:\/\/www.beatnikshoes.com\/fr\/chaussures-a-la-main\/chaussures-jaunes-pour-femmes-ethel\/","title":{"rendered":"Jaune Chaussures pour femmes Blucher Jaune Ethel"},"content":{"rendered":"<h2>STYLE CLASSIQUE, ESPRIT ANTICONFORMISTE. ETHEL LEMON YELLOW POUR LES FEMMES<\/h2>\n<p>Nous avons soigneusement choisi les derniers mod\u00e8les les plus confortables de notre collection de chaussures pour femmes pour cr\u00e9er un \u00e9l\u00e9gant <strong>Blucher jaune pour femmes<\/strong>. Ce mod\u00e8le se distingue par son ton jaune citron vibrant, l&rsquo;une des couleurs les plus accrocheuses de la saison. Pris en sandwich entre le vert pistache et le jaune soleil, ce coloris apporte une touche d&rsquo;\u00e9nergie et de style \u00e0 toutes les tenues.<\/p>\n<p>Le cuir que nous avons utilis\u00e9 est le plus souple et le plus flexible du march\u00e9 pour ce type de <strong>blucher jaune pour femme<\/strong>. Associ\u00e9 \u00e0 la semelle en cuir v\u00e9ritable et \u00e0 la doublure en cuir sur toute la tige, il garantit un confort et une protection optimaux, quelles que soient les conditions m\u00e9t\u00e9orologiques et environnementales.<\/p>\n<p>Ce produit, enti\u00e8rement fabriqu\u00e9 \u00e0 la main en Espagne, pr\u00e9sente le design d&rsquo;une <strong>chaussure \u00e0 lacets britannique classique pour femme<\/strong>, associ\u00e9 \u00e0 l&rsquo;une des couleurs les plus dynamiques et contemporaines que l&rsquo;on puisse trouver dans n&rsquo;importe quelle palette. Tout cela garantit une distinction pour le propri\u00e9taire, et ce pour longtemps.<\/p>\n<p>Le mod\u00e8le Ethel Lemon Yellow est une <strong>chaussure \u00e0 lacets Derby jaune <\/strong>tr\u00e8s f\u00e9minine. La touche de couleur qu&rsquo;il apporte \u00e0 une tenue monochrome est tr\u00e8s int\u00e9ressante. C&rsquo;est une teinte qui se marie parfaitement avec les couleurs froides et surtout avec le noir en automne-hiver. De m\u00eame, sa couleur jaune citron en fait un compl\u00e9ment \u00e9l\u00e9gant \u00e0 la garde-robe du printemps et de l&rsquo;\u00e9t\u00e9. Port\u00e9 avec un pantalon, une jupe ou une robe, ce mod\u00e8le deviendra l&rsquo;une de vos chaussures pr\u00e9f\u00e9r\u00e9es.<\/p>\n<p>Bref, du style, de la couleur et de la personnalit\u00e9 dans ce <strong>blucher jaune pour femme<\/strong>.<\/p>\n","protected":false},"excerpt":{"rendered":"<h2>Chaussures pour femmes fabriqu\u00e9es \u00e0 la main en Espagne<\/h2>\n<p>Mat\u00e9riau ext\u00e9rieur : cuir de veau<br \/>\nMat\u00e9riau de la semelle : cuir surpiqu\u00e9 et couche antid\u00e9rapante<br \/>\nDoublure : cuir de vachette violet<br \/>\nType de fermeture : Lacets<br \/>\nType de talon : Bas<\/p>\n","protected":false},"featured_media":73422,"comment_status":"open","ping_status":"closed","template":"","meta":[],"product_brand":[11789],"product_cat":[7184,7127,7152],"product_tag":[],"woo-feed-brand":[],"class_list":{"0":"post-43817","1":"product","2":"type-product","3":"status-publish","4":"has-post-thumbnail","6":"product_brand-beatnik-shoes-fr","7":"product_cat-chaussures-blucher-pour-femmes","8":"product_cat-chaussures-femme","9":"product_cat-chaussures-oxford-pour-femme","10":"pa_talla-zapato-35-fr","11":"pa_talla-zapato-36-fr","12":"pa_talla-zapato-37-fr","13":"pa_talla-zapato-38-fr","14":"pa_talla-zapato-39-fr","15":"pa_talla-zapato-40-fr","16":"pa_talla-zapato-41-fr","18":"first","19":"instock","20":"sale","21":"taxable","22":"shipping-taxable","23":"purchasable","24":"product-type-variable"},"_links":{"self":[{"href":"https:\/\/www.beatnikshoes.com\/fr\/wp-json\/wp\/v2\/product\/43817","targetHints":{"allow":["GET"]}}],"collection":[{"href":"https:\/\/www.beatnikshoes.com\/fr\/wp-json\/wp\/v2\/product"}],"about":[{"href":"https:\/\/www.beatnikshoes.com\/fr\/wp-json\/wp\/v2\/types\/product"}],"replies":[{"embeddable":true,"href":"https:\/\/www.beatnikshoes.com\/fr\/wp-json\/wp\/v2\/comments?post=43817"}],"wp:featuredmedia":[{"embeddable":true,"href":"https:\/\/www.beatnikshoes.com\/fr\/wp-json\/wp\/v2\/media\/73422"}],"wp:attachment":[{"href":"https:\/\/www.beatnikshoes.com\/fr\/wp-json\/wp\/v2\/media?parent=43817"}],"wp:term":[{"taxonomy":"product_brand","embeddable":true,"href":"https:\/\/www.beatnikshoes.com\/fr\/wp-json\/wp\/v2\/product_brand?post=43817"},{"taxonomy":"product_cat","embeddable":true,"href":"https:\/\/www.beatnikshoes.com\/fr\/wp-json\/wp\/v2\/product_cat?post=43817"},{"taxonomy":"product_tag","embeddable":true,"href":"https:\/\/www.beatnikshoes.com\/fr\/wp-json\/wp\/v2\/product_tag?post=43817"},{"taxonomy":"woo-feed-brand","embeddable":true,"href":"https:\/\/www.beatnikshoes.com\/fr\/wp-json\/wp\/v2\/woo-feed-brand?post=43817"}],"curies":[{"name":"wp","href":"https:\/\/api.w.org\/{rel}","templated":true}]}}