{"id":43808,"date":"2023-11-30T11:15:08","date_gmt":"2023-11-30T10:15:08","guid":{"rendered":"https:\/\/www.beatnikshoes.com\/zapatos-hechos-a-mano\/ethel-black-blue-womens-blucher\/"},"modified":"2025-08-25T15:14:19","modified_gmt":"2025-08-25T13:14:19","slug":"blucher-bicolore-femmes-ethel-bleu-noir","status":"publish","type":"product","link":"https:\/\/www.beatnikshoes.com\/fr\/chaussures-a-la-main\/blucher-bicolore-femmes-ethel-bleu-noir\/","title":{"rendered":"Ethel Black &amp; Blue Blucher bicolore pour femmes"},"content":{"rendered":"<h2>STYLE BRITANNIQUE CLASSIQUE. L&rsquo;\u00c9L\u00c9GANCE F\u00c9MININE AVEC UN BLUCHER EN CUIR EN DEUX COULEURS, BLEU ET NOIR.<\/h2>\n<p>Le <strong>blucher bicolore pour femme <\/strong>au design classique et \u00e0 la touche de couleur contemporaine. Bleu plomb sur noir. Discr\u00e9tion et style combin\u00e9s \u00e0 la fonctionnalit\u00e9. Parfait pour toutes les situations de travail et de loisirs. Ils s&rsquo;accordent donc aussi bien avec une veste de costume qu&rsquo;avec une tenue plus d\u00e9contract\u00e9e.<\/p>\n<p>Un <strong>blucher bicolore bleu et noir pour femme<\/strong> qui soulignera votre garde-robe quotidienne et qui, gr\u00e2ce \u00e0 la qualit\u00e9 des mat\u00e9riaux utilis\u00e9s, vous accompagnera longtemps avec un maximum de confort.<\/p>\n<p>Cette chaussure \u00e0 lacets bicolore est cr\u00e9\u00e9e \u00e0 partir d&rsquo;une forme d\u00e9velopp\u00e9e apr\u00e8s plus de deux ans de travail.<\/p>\n<p>Notre Ethel est une <strong>chaussure de style Oxford bicolore pour femmes<\/strong>, fabriqu\u00e9e \u00e0 la main en Espagne, avec une tige en cuir fleuri noir et bleu plomb. La lame enti\u00e8re a \u00e9t\u00e9 brogu\u00e9e \u00e0 la main pour une d\u00e9coration optimale de la pointe de l&rsquo;aile.<\/p>\n<p>La doublure est \u00e9galement en cuir de vache et est cousue \u00e0 la main avec une infime quantit\u00e9 de points violets fonc\u00e9s. Les semelles sont en cuir v\u00e9ritable et sur la semelle ext\u00e9rieure nous avons inject\u00e9 une couche de spai antid\u00e9rapant pour une isolation suppl\u00e9mentaire et la durabilit\u00e9 de la semelle. Tout cela pour vous offrir la plus grande chaleur et le plus grand confort possibles.<\/p>\n<p>Pour des combinaisons de couleurs encore plus vari\u00e9es, cette <strong>chaussure derby bicolore pour femme<\/strong> est dot\u00e9e d&rsquo;un double la\u00e7age en bleu cobalt et en noir.<\/p>\n","protected":false},"excerpt":{"rendered":"<h2>Blucher bicolore fabriqu\u00e9 \u00e0 la main en Espagne<\/h2>\n<p>Mat\u00e9riau ext\u00e9rieur : cuir de grain<br \/>\nMat\u00e9riau de la semelle : cuir surpiqu\u00e9 et couche antid\u00e9rapante<br \/>\nDoublure : cuir de vachette violet<br \/>\nType de fermeture : Lacets<br \/>\nType de talon : Bas<\/p>\n","protected":false},"featured_media":76261,"comment_status":"open","ping_status":"closed","template":"","meta":[],"product_brand":[11789],"product_cat":[8899,7184,7127,7152],"product_tag":[],"woo-feed-brand":[],"class_list":{"0":"post-43808","1":"product","2":"type-product","3":"status-publish","4":"has-post-thumbnail","6":"product_brand-beatnik-shoes-fr","7":"product_cat-chaussures-bicolores-pour-femme","8":"product_cat-chaussures-blucher-pour-femmes","9":"product_cat-chaussures-femme","10":"product_cat-chaussures-oxford-pour-femme","11":"pa_talla-zapato-35-fr","12":"pa_talla-zapato-36-fr","13":"pa_talla-zapato-37-fr","14":"pa_talla-zapato-38-fr","15":"pa_talla-zapato-39-fr","16":"pa_talla-zapato-40-fr","17":"pa_talla-zapato-41-fr","18":"pa_talla-zapato-42-fr","20":"first","21":"instock","22":"sale","23":"taxable","24":"shipping-taxable","25":"purchasable","26":"product-type-variable"},"_links":{"self":[{"href":"https:\/\/www.beatnikshoes.com\/fr\/wp-json\/wp\/v2\/product\/43808","targetHints":{"allow":["GET"]}}],"collection":[{"href":"https:\/\/www.beatnikshoes.com\/fr\/wp-json\/wp\/v2\/product"}],"about":[{"href":"https:\/\/www.beatnikshoes.com\/fr\/wp-json\/wp\/v2\/types\/product"}],"replies":[{"embeddable":true,"href":"https:\/\/www.beatnikshoes.com\/fr\/wp-json\/wp\/v2\/comments?post=43808"}],"wp:featuredmedia":[{"embeddable":true,"href":"https:\/\/www.beatnikshoes.com\/fr\/wp-json\/wp\/v2\/media\/76261"}],"wp:attachment":[{"href":"https:\/\/www.beatnikshoes.com\/fr\/wp-json\/wp\/v2\/media?parent=43808"}],"wp:term":[{"taxonomy":"product_brand","embeddable":true,"href":"https:\/\/www.beatnikshoes.com\/fr\/wp-json\/wp\/v2\/product_brand?post=43808"},{"taxonomy":"product_cat","embeddable":true,"href":"https:\/\/www.beatnikshoes.com\/fr\/wp-json\/wp\/v2\/product_cat?post=43808"},{"taxonomy":"product_tag","embeddable":true,"href":"https:\/\/www.beatnikshoes.com\/fr\/wp-json\/wp\/v2\/product_tag?post=43808"},{"taxonomy":"woo-feed-brand","embeddable":true,"href":"https:\/\/www.beatnikshoes.com\/fr\/wp-json\/wp\/v2\/woo-feed-brand?post=43808"}],"curies":[{"name":"wp","href":"https:\/\/api.w.org\/{rel}","templated":true}]}}