{"id":43769,"date":"2017-03-27T15:57:00","date_gmt":"2017-03-27T13:57:00","guid":{"rendered":"https:\/\/www.beatnikshoes.com\/zapatos-hechos-a-mano\/mocassin-feminin-bordeaux-tammi\/"},"modified":"2026-03-19T14:32:18","modified_gmt":"2026-03-19T13:32:18","slug":"mocassin-bordeaux-femme-tammi","status":"publish","type":"product","link":"https:\/\/www.beatnikshoes.com\/fr\/chaussures-a-la-main\/mocassin-bordeaux-femme-tammi\/","title":{"rendered":"Tammi Mocassins bordeaux pour femmes"},"content":{"rendered":"<h2>LE MOCASSIN EN CUIR BORDEAUX LE PLUS CONFORTABLE ET LE PLUS \u00c9L\u00c9GANT. UN CLASSIQUE REMIS AU GO\u00dbT DU JOUR.<\/h2>\n<p>Pour les filles qui sont au top de leur forme et qui n&rsquo;aiment pas passer inaper\u00e7ues. Notre <strong>mocassin \u00e0 glands bordeaux pour femme <\/strong>offre \u00e0 sa propri\u00e9taire tout le confort du monde gr\u00e2ce \u00e0 la fabrication artisanale du meilleur cuir du march\u00e9, qui est pli\u00e9 en une seule pi\u00e8ce et cousu \u00e0 la semelle int\u00e9rieure en cuir, elle-m\u00eame cousue \u00e0 la semelle technique antid\u00e9rapante.<\/p>\n<p>Ce <strong>mocassin rouge pour femme<\/strong> est un prodige de savoir-faire qui assure l&rsquo;isolation et la protection du pied \u00e0 tout moment, quel que soit le temps. Parfait avec tous les pantalons de toutes les couleurs et de toutes les formes, bien que nous pr\u00e9f\u00e9rions personnellement les porter avec des jupes.<\/p>\n<p>Pour tous les jours et dans tous les contextes. Un succ\u00e8s garanti avec nos <strong>mocassins \u00e0 pampilles rouges pour femmes<\/strong> Tammi en bordeaux fonc\u00e9.<\/p>\n","protected":false},"excerpt":{"rendered":"<h2>Mocassins bourguignons faits \u00e0 la main en Espagne<\/h2>\n<p>Mat\u00e9riau ext\u00e9rieur : cuir de grain bordeaux<br \/>\nRev\u00eatement : Cuir<br \/>\nMat\u00e9riau de la semelle : Semelle technique isolante et antid\u00e9rapante<br \/>\nType de talon : Bas<\/p>\n","protected":false},"featured_media":42940,"comment_status":"open","ping_status":"closed","template":"","meta":[],"product_brand":[11789],"product_cat":[7127,7143,7176],"product_tag":[],"woo-feed-brand":[],"class_list":{"0":"post-43769","1":"product","2":"type-product","3":"status-publish","4":"has-post-thumbnail","6":"product_brand-beatnik-shoes-fr","7":"product_cat-chaussures-femme","8":"product_cat-mocassins-femme-fr","9":"product_cat-outlet-fr","10":"pa_talla-zapato-35-fr","11":"pa_talla-zapato-36-fr","12":"pa_talla-zapato-37-fr","13":"pa_talla-zapato-38-fr","14":"pa_talla-zapato-39-fr","15":"pa_talla-zapato-40-fr","16":"pa_talla-zapato-41-fr","18":"first","19":"instock","20":"sale","21":"taxable","22":"shipping-taxable","23":"purchasable","24":"product-type-variable"},"_links":{"self":[{"href":"https:\/\/www.beatnikshoes.com\/fr\/wp-json\/wp\/v2\/product\/43769","targetHints":{"allow":["GET"]}}],"collection":[{"href":"https:\/\/www.beatnikshoes.com\/fr\/wp-json\/wp\/v2\/product"}],"about":[{"href":"https:\/\/www.beatnikshoes.com\/fr\/wp-json\/wp\/v2\/types\/product"}],"replies":[{"embeddable":true,"href":"https:\/\/www.beatnikshoes.com\/fr\/wp-json\/wp\/v2\/comments?post=43769"}],"wp:featuredmedia":[{"embeddable":true,"href":"https:\/\/www.beatnikshoes.com\/fr\/wp-json\/wp\/v2\/media\/42940"}],"wp:attachment":[{"href":"https:\/\/www.beatnikshoes.com\/fr\/wp-json\/wp\/v2\/media?parent=43769"}],"wp:term":[{"taxonomy":"product_brand","embeddable":true,"href":"https:\/\/www.beatnikshoes.com\/fr\/wp-json\/wp\/v2\/product_brand?post=43769"},{"taxonomy":"product_cat","embeddable":true,"href":"https:\/\/www.beatnikshoes.com\/fr\/wp-json\/wp\/v2\/product_cat?post=43769"},{"taxonomy":"product_tag","embeddable":true,"href":"https:\/\/www.beatnikshoes.com\/fr\/wp-json\/wp\/v2\/product_tag?post=43769"},{"taxonomy":"woo-feed-brand","embeddable":true,"href":"https:\/\/www.beatnikshoes.com\/fr\/wp-json\/wp\/v2\/woo-feed-brand?post=43769"}],"curies":[{"name":"wp","href":"https:\/\/api.w.org\/{rel}","templated":true}]}}