{"id":43712,"date":"2017-06-09T13:05:10","date_gmt":"2017-06-09T11:05:10","guid":{"rendered":"https:\/\/www.beatnikshoes.com\/zapatos-hechos-a-mano\/oxford-marron-et-beige-pour-hommes-holmes\/"},"modified":"2025-08-27T22:23:28","modified_gmt":"2025-08-27T20:23:28","slug":"oxford-bicolore-marron-et-beige-de-lhomme-holmes","status":"publish","type":"product","link":"https:\/\/www.beatnikshoes.com\/fr\/chaussures-a-la-main\/oxford-bicolore-marron-et-beige-de-lhomme-holmes\/","title":{"rendered":"Oxford bicolore marron et beige pour homme Holmes"},"content":{"rendered":"<h2>L&rsquo;OXFORD BICOLORE POUR HOMME AVEC LA COMBINAISON LA PLUS IMPECCABLE<\/h2>\n<p>Lorsque l&rsquo;\u00e9t\u00e9 arrive, nous pouvons voir dans les rues que toutes les couleurs de la saison impr\u00e8gnent \u00e9galement les garde-robes de chacun. Contrairement aux palettes sombres qui dominent l&rsquo;hiver, les saisons chaudes offrent une plus grande vari\u00e9t\u00e9 chromatique.<\/p>\n<p>C&rsquo;est dans cet esprit que nous avons cr\u00e9\u00e9 une <strong>chaussure de style Oxford en deux couleurs<\/strong> classiques, dans le cuir de veau le plus souple du march\u00e9. Il s&rsquo;agit d&rsquo;une combinaison parfaite de marron et de beige. C&rsquo;est aussi une chaussure qui nous ram\u00e8ne plusieurs d\u00e9cennies en arri\u00e8re. Aux p\u00e9riodes o\u00f9 il s&rsquo;habillait avec toute l&rsquo;\u00e9l\u00e9gance d&rsquo;un dandy en \u00e9t\u00e9. Cette combinaison a toujours \u00e9t\u00e9 parfaite avec presque toutes les couleurs.<\/p>\n<p>Qu&rsquo;il s&rsquo;agisse d&rsquo;un chino dans une couleur terreuse ou pastel, d&rsquo;un jean ou d&rsquo;un costume plus formel, votre porteur sera parfaitement assorti. L&rsquo;ensemble de l&rsquo;<strong>oxford pour homme en cuir marron bicolore<\/strong> est doubl\u00e9 de cuir de vachette et l&#8217;empeigne est en cuir de veau. Par cons\u00e9quent, la douceur, la flexibilit\u00e9 et le confort sont garantis. Enfin, elles sont dot\u00e9es d&rsquo;un double la\u00e7age en beige et en marron, pour que vous puissiez les combiner \u00e0 votre guise.<\/p>\n<p>Cette chaussure oxford bicolore marron et beige habille l&rsquo;homme d&rsquo;aujourd&rsquo;hui avec le meilleur d&rsquo;hier.<\/p>\n","protected":false},"excerpt":{"rendered":"<h2>Chaussure Oxford bicolore fabriqu\u00e9e \u00e0 la main<\/h2>\n<p>Mat\u00e9riau ext\u00e9rieur : cuir de veau<br \/>\nDoublure : cuir de vachette violet<br \/>\nMat\u00e9riau de la semelle : cuir v\u00e9ritable et fine couche antid\u00e9rapante<br \/>\nFermeture : lacets<br \/>\nType de talon : Bas<\/p>\n","protected":false},"featured_media":70580,"comment_status":"open","ping_status":"closed","template":"","meta":[],"product_brand":[11789],"product_cat":[7092,7210,8896],"product_tag":[],"woo-feed-brand":[],"class_list":{"0":"post-43712","1":"product","2":"type-product","3":"status-publish","4":"has-post-thumbnail","6":"product_brand-beatnik-shoes-fr","7":"product_cat-chaussures-homme","8":"product_cat-oxfords-fr","9":"product_cat-richelieu-bicolore","10":"pa_talla-zapato-39-fr","11":"pa_talla-zapato-40-fr","12":"pa_talla-zapato-41-fr","13":"pa_talla-zapato-42-fr","14":"pa_talla-zapato-43-fr","15":"pa_talla-zapato-44-fr","16":"pa_talla-zapato-45-fr","17":"pa_talla-zapato-46-fr","19":"first","20":"instock","21":"sale","22":"taxable","23":"shipping-taxable","24":"purchasable","25":"product-type-variable"},"_links":{"self":[{"href":"https:\/\/www.beatnikshoes.com\/fr\/wp-json\/wp\/v2\/product\/43712","targetHints":{"allow":["GET"]}}],"collection":[{"href":"https:\/\/www.beatnikshoes.com\/fr\/wp-json\/wp\/v2\/product"}],"about":[{"href":"https:\/\/www.beatnikshoes.com\/fr\/wp-json\/wp\/v2\/types\/product"}],"replies":[{"embeddable":true,"href":"https:\/\/www.beatnikshoes.com\/fr\/wp-json\/wp\/v2\/comments?post=43712"}],"wp:featuredmedia":[{"embeddable":true,"href":"https:\/\/www.beatnikshoes.com\/fr\/wp-json\/wp\/v2\/media\/70580"}],"wp:attachment":[{"href":"https:\/\/www.beatnikshoes.com\/fr\/wp-json\/wp\/v2\/media?parent=43712"}],"wp:term":[{"taxonomy":"product_brand","embeddable":true,"href":"https:\/\/www.beatnikshoes.com\/fr\/wp-json\/wp\/v2\/product_brand?post=43712"},{"taxonomy":"product_cat","embeddable":true,"href":"https:\/\/www.beatnikshoes.com\/fr\/wp-json\/wp\/v2\/product_cat?post=43712"},{"taxonomy":"product_tag","embeddable":true,"href":"https:\/\/www.beatnikshoes.com\/fr\/wp-json\/wp\/v2\/product_tag?post=43712"},{"taxonomy":"woo-feed-brand","embeddable":true,"href":"https:\/\/www.beatnikshoes.com\/fr\/wp-json\/wp\/v2\/woo-feed-brand?post=43712"}],"curies":[{"name":"wp","href":"https:\/\/api.w.org\/{rel}","templated":true}]}}