{"id":43699,"date":"2017-08-16T17:13:50","date_gmt":"2017-08-16T15:13:50","guid":{"rendered":"https:\/\/www.beatnikshoes.com\/zapatos-hechos-a-mano\/chaussure-de-moine-noir-a-double-boucle-pour-homme-lamantia\/"},"modified":"2025-08-27T22:10:45","modified_gmt":"2025-08-27T20:10:45","slug":"chaussure-homme-noir-monk-lamantia","status":"publish","type":"product","link":"https:\/\/www.beatnikshoes.com\/fr\/chaussures-a-la-main\/chaussure-homme-noir-monk-lamantia\/","title":{"rendered":"Mocassins noirs \u00e0 double boucle Lamantia pour hommes"},"content":{"rendered":"<h2>LA CHAUSSURE DE MOINE NOIRE \u00c0 DOUBLE BOUCLE POUR HOMME. UNE AVANC\u00c9E \u00c9L\u00c9GANTE.<\/h2>\n<p>Notre Lamantia Black est une chaussure de <strong>moine noire pour homme avec deux boucles sur le bout du pied<\/strong>, fabriqu\u00e9e \u00e0 la main en Espagne. Seule la peau de veau noire la plus douce a \u00e9t\u00e9 utilis\u00e9e. La semelle est en cuir v\u00e9ritable, cousue et finie par une couche de mat\u00e9riau antid\u00e9rapant. Dot\u00e9 d&rsquo;une doublure en cuir de vachette violet pratiquement sans couture, il est construit sur la forme la plus confortable de notre collection. Et comme le cuir est le plus souple du march\u00e9, il n&rsquo;y a pas de p\u00e9riode d&rsquo;adaptation. C&rsquo;est pourquoi, d\u00e8s le jour de la premi\u00e8re, un confort total est assur\u00e9.<\/p>\n<p>Cette <strong>chaussure \u00e0 deux boucles pour homme<\/strong> est mont\u00e9e sur une forme britannique classique, \u00e9l\u00e9gante et effil\u00e9e. Elle est parfaite pour accompagner un costume complet, quelle que soit la nuance, la couleur ou le motif, et convient \u00e9galement parfaitement \u00e0 des occasions plus d\u00e9contract\u00e9es. La <strong>chaussure noire \u00e0 double boucle pour homme<\/strong> est une excellente option comme chaussure de bureau, avec un costume complet et m\u00eame comme chaussure de c\u00e9r\u00e9monie, ce qui en fait un accessoire parfait pour un mari\u00e9 ultra chic le jour de son mariage.<\/p>\n<p>La fermeture \u00e0 boucle de cette <strong>chaussure monk noire pour homme<\/strong> vous \u00e9vite de perdre du temps \u00e0 lacer votre chaussure.<\/p>\n<p>En tant que <strong>chaussure de c\u00e9r\u00e9monie, la chaussure noire pour homme avec une double boucle<\/strong> a gagn\u00e9 en popularit\u00e9 ces derni\u00e8res ann\u00e9es en tant qu&rsquo;option formelle et tr\u00e8s \u00e9l\u00e9gante. Et pour ceux qui aiment danser sur la piste, nous r\u00e9alisons sur demande cette <strong>chaussure<\/strong> <strong>monkstrap noire pour homme<\/strong> avec une semelle en cuir naturel et un syst\u00e8me de fermeture \u00e0 boucle pour un ajustement parfait. Parole.<\/p>\n","protected":false},"excerpt":{"rendered":"<h2>Chaussures noires \u00e0 double boucle pour hommes<\/h2>\n<p>Mat\u00e9riau ext\u00e9rieur : cuir de veau<br \/>\nDoublure : cuir de veau<br \/>\nMat\u00e9riau de la semelle : cuir v\u00e9ritable plus une couche de mat\u00e9riau antid\u00e9rapant<br \/>\nFermeture : Boucles<br \/>\nType de talon : Bas<\/p>\n","protected":false},"featured_media":76720,"comment_status":"open","ping_status":"closed","template":"","meta":[],"product_brand":[],"product_cat":[7092,7303],"product_tag":[],"woo-feed-brand":[],"class_list":{"0":"post-43699","1":"product","2":"type-product","3":"status-publish","4":"has-post-thumbnail","6":"product_cat-chaussures-homme","7":"product_cat-chaussures-avec-boucle-fr","8":"pa_talla-zapato-39-fr","9":"pa_talla-zapato-40-fr","10":"pa_talla-zapato-41-fr","11":"pa_talla-zapato-42-fr","12":"pa_talla-zapato-43-fr","13":"pa_talla-zapato-44-fr","14":"pa_talla-zapato-45-fr","15":"pa_talla-zapato-46-fr","17":"first","18":"instock","19":"sale","20":"taxable","21":"shipping-taxable","22":"purchasable","23":"product-type-variable"},"_links":{"self":[{"href":"https:\/\/www.beatnikshoes.com\/fr\/wp-json\/wp\/v2\/product\/43699","targetHints":{"allow":["GET"]}}],"collection":[{"href":"https:\/\/www.beatnikshoes.com\/fr\/wp-json\/wp\/v2\/product"}],"about":[{"href":"https:\/\/www.beatnikshoes.com\/fr\/wp-json\/wp\/v2\/types\/product"}],"replies":[{"embeddable":true,"href":"https:\/\/www.beatnikshoes.com\/fr\/wp-json\/wp\/v2\/comments?post=43699"}],"wp:featuredmedia":[{"embeddable":true,"href":"https:\/\/www.beatnikshoes.com\/fr\/wp-json\/wp\/v2\/media\/76720"}],"wp:attachment":[{"href":"https:\/\/www.beatnikshoes.com\/fr\/wp-json\/wp\/v2\/media?parent=43699"}],"wp:term":[{"taxonomy":"product_brand","embeddable":true,"href":"https:\/\/www.beatnikshoes.com\/fr\/wp-json\/wp\/v2\/product_brand?post=43699"},{"taxonomy":"product_cat","embeddable":true,"href":"https:\/\/www.beatnikshoes.com\/fr\/wp-json\/wp\/v2\/product_cat?post=43699"},{"taxonomy":"product_tag","embeddable":true,"href":"https:\/\/www.beatnikshoes.com\/fr\/wp-json\/wp\/v2\/product_tag?post=43699"},{"taxonomy":"woo-feed-brand","embeddable":true,"href":"https:\/\/www.beatnikshoes.com\/fr\/wp-json\/wp\/v2\/woo-feed-brand?post=43699"}],"curies":[{"name":"wp","href":"https:\/\/api.w.org\/{rel}","templated":true}]}}