{"id":43690,"date":"2023-10-11T12:00:43","date_gmt":"2023-10-11T10:00:43","guid":{"rendered":"https:\/\/www.beatnikshoes.com\/zapatos-hechos-a-mano\/botte-dhomme-marron-avec-lacets-truman\/"},"modified":"2025-08-25T15:30:39","modified_gmt":"2025-08-25T13:30:39","slug":"bottes-brunes-a-lacets-truman-pour-hommes","status":"publish","type":"product","link":"https:\/\/www.beatnikshoes.com\/fr\/chaussures-a-la-main\/bottes-brunes-a-lacets-truman-pour-hommes\/","title":{"rendered":"Botte \u00e0 lacets Truman, marron, pour hommes"},"content":{"rendered":"<h2>BOTTES \u00c0 LACETS TRUMAN BROWN POUR HOMMES. UNE OPTION \u00c9L\u00c9GANTE ET CHALEUREUSE POUR CETTE SAISON.<\/h2>\n<p>Cette <strong>botte \u00e0 lacets pour homme<\/strong> est r\u00e9alis\u00e9e en cuir de veau marron caramel. Il est dot\u00e9 d&rsquo;une <strong>semelle technique<\/strong> antid\u00e9rapante avec une adh\u00e9rence maximale, ce qui conf\u00e8re \u00e0 l&rsquo;utilisateur une grande \u00e9l\u00e9gance fonctionnelle.<\/p>\n<p>Le design de cette botte combine la coupe d&rsquo;une <strong>botte de combat marron pour homme<\/strong> avec des d\u00e9tails classiques. L&#8217;embout est dot\u00e9 d&rsquo;une couture longitudinale, ce qui donne une <strong>botte Cap Toe marron<\/strong> tr\u00e8s masculine. Parfaite pour une utilisation en ext\u00e9rieur, la semelle technique extra large permet d&rsquo;\u00e9viter au maximum le froid, la chaleur et la pluie. Le pied est ainsi prot\u00e9g\u00e9 des intemp\u00e9ries gr\u00e2ce \u00e0 la doublure en cuir de veau d&rsquo;une seule pi\u00e8ce, pratiquement sans couture. L&rsquo;ensemble de la cheville et de la tige est prot\u00e9g\u00e9 par le la\u00e7age fonctionnel, qui permet un ajustement parfait et confortable \u00e0 la jambe et au cou-de-pied.<\/p>\n<p>Qu&rsquo;il s&rsquo;agisse d&rsquo;une activit\u00e9 de loisir ou d&rsquo;un cadre plus formel, c&rsquo;est un succ\u00e8s assur\u00e9. Il se marie parfaitement avec les couleurs terreuses, les pastels et toute la gamme des bleus.<\/p>\n<p>Une <strong>botte \u00e0 lacets classique en cuir marron pour homme<\/strong>, avec une touche de style.<\/p>\n","protected":false},"excerpt":{"rendered":"<h3>Botte \u00e0 lacets marron pour homme, fabriqu\u00e9e \u00e0 la main en Espagne<\/h3>\n<p>Mati\u00e8re ext\u00e9rieure : cuir de veau &#8211; Doublure : cuir de veau<br \/>\nMat\u00e9riau de la semelle : Semelle technique antid\u00e9rapante<br \/>\nFermeture : Lacets &#8211; Type de talon : Talon bas<\/p>\n","protected":false},"featured_media":69885,"comment_status":"open","ping_status":"closed","template":"","meta":[],"product_brand":[],"product_cat":[7092,7124,7123],"product_tag":[],"woo-feed-brand":[],"class_list":{"0":"post-43690","1":"product","2":"type-product","3":"status-publish","4":"has-post-thumbnail","6":"product_cat-chaussures-homme","7":"product_cat-bottes-fr","8":"product_cat-bottes-a-lacets-fr","9":"pa_talla-zapato-39-fr","10":"pa_talla-zapato-40-fr","11":"pa_talla-zapato-41-fr","12":"pa_talla-zapato-42-fr","13":"pa_talla-zapato-43-fr","14":"pa_talla-zapato-44-fr","15":"pa_talla-zapato-45-fr","16":"pa_talla-zapato-46-fr","18":"first","19":"instock","20":"sale","21":"taxable","22":"shipping-taxable","23":"purchasable","24":"product-type-variable"},"_links":{"self":[{"href":"https:\/\/www.beatnikshoes.com\/fr\/wp-json\/wp\/v2\/product\/43690","targetHints":{"allow":["GET"]}}],"collection":[{"href":"https:\/\/www.beatnikshoes.com\/fr\/wp-json\/wp\/v2\/product"}],"about":[{"href":"https:\/\/www.beatnikshoes.com\/fr\/wp-json\/wp\/v2\/types\/product"}],"replies":[{"embeddable":true,"href":"https:\/\/www.beatnikshoes.com\/fr\/wp-json\/wp\/v2\/comments?post=43690"}],"wp:featuredmedia":[{"embeddable":true,"href":"https:\/\/www.beatnikshoes.com\/fr\/wp-json\/wp\/v2\/media\/69885"}],"wp:attachment":[{"href":"https:\/\/www.beatnikshoes.com\/fr\/wp-json\/wp\/v2\/media?parent=43690"}],"wp:term":[{"taxonomy":"product_brand","embeddable":true,"href":"https:\/\/www.beatnikshoes.com\/fr\/wp-json\/wp\/v2\/product_brand?post=43690"},{"taxonomy":"product_cat","embeddable":true,"href":"https:\/\/www.beatnikshoes.com\/fr\/wp-json\/wp\/v2\/product_cat?post=43690"},{"taxonomy":"product_tag","embeddable":true,"href":"https:\/\/www.beatnikshoes.com\/fr\/wp-json\/wp\/v2\/product_tag?post=43690"},{"taxonomy":"woo-feed-brand","embeddable":true,"href":"https:\/\/www.beatnikshoes.com\/fr\/wp-json\/wp\/v2\/woo-feed-brand?post=43690"}],"curies":[{"name":"wp","href":"https:\/\/api.w.org\/{rel}","templated":true}]}}