{"id":43679,"date":"2017-10-24T18:02:38","date_gmt":"2017-10-24T16:02:38","guid":{"rendered":"https:\/\/www.beatnikshoes.com\/zapatos-hechos-a-mano\/chaussure-marron-doxford-pour-femmes-lena\/"},"modified":"2025-08-27T21:47:57","modified_gmt":"2025-08-27T19:47:57","slug":"chaussure-oxford-brown-femme-lena","status":"publish","type":"product","link":"https:\/\/www.beatnikshoes.com\/fr\/chaussures-a-la-main\/chaussure-oxford-brown-femme-lena\/","title":{"rendered":"Chaussures d&rsquo;Oxford marron pour femmes Lena"},"content":{"rendered":"<h2>CHAUSSURE OXFORD MARRON POUR FEMME. UNE COMBINAISON PARFAITE DE CLASSICISME ET DE COULEURS<\/h2>\n<p>Le dernier de nos <strong>oxford pour femmes Lena Brown<\/strong> est un favori de beaucoup de nos clientes pour son confort infini. Pour notre nouvelle collection, il \u00e9tait indispensable de r\u00e9aliser une version dans le cuir le plus souple du march\u00e9, le cuir de veau. Nous avons choisi l&rsquo;une des couleurs les plus polyvalentes de toute la palette et l&rsquo;une des plus faciles \u00e0 combiner, le marron clair.<\/p>\n<p>Le port de chaussures \u00e0 lacets confortables en cuir de qualit\u00e9 sup\u00e9rieure permet de compl\u00e9ter votre style dans une large gamme de couleurs. Les couleurs vont des tons de terre et des pastels \u00e0 la gamme compl\u00e8te des couleurs froides. C&rsquo;est aussi un ton qui se combine parfaitement avec toutes sortes d&rsquo;imprim\u00e9s et de motifs.<\/p>\n<p>La forme classique et brogu\u00e9e de cette <strong>chaussure \u00e0 lacets pour femme en marron<\/strong> est parfaite pour le lieu de travail, qu&rsquo;elle soit port\u00e9e avec un pantalon, une jupe ou un tailleur. D&rsquo;autre part, leur forme confortable est parfaite pour les apr\u00e8s-midi de farniente. Avec une robe longue, une jupe, un tailleur et bien s\u00fbr avec tout type de pantalon, le r\u00e9sultat est impeccable.<\/p>\n<p>L&rsquo;ensemble est fabriqu\u00e9 \u00e0 la main en Espagne, la semelle est cousue en cuir v\u00e9ritable et finie par une couche de mat\u00e9riau antid\u00e9rapant. L&rsquo;ensemble de l&rsquo;int\u00e9rieur est doubl\u00e9 d&rsquo;une seule pi\u00e8ce de cuir de vachette violet. Ainsi, la peau fine du pied est entour\u00e9e du cuir le plus doux du march\u00e9. Le cuir de veau vous isole et vous prot\u00e8ge du froid et des intemp\u00e9ries. Ils sont livr\u00e9s avec deux jeux de lacets dans les couleurs beige et marron, \u00e0 combiner comme vous le souhaitez.<\/p>\n<p><strong>Chaussures de style oxford en cuir marron pour femmes<\/strong>, \u00e0 porter tout au long de l&rsquo;ann\u00e9e.<\/p>\n","protected":false},"excerpt":{"rendered":"<h2>Chaussures oxford en cuir fabriqu\u00e9es \u00e0 la main en Espagne<\/h2>\n<p>Mat\u00e9riau ext\u00e9rieur : cuir de veau<br \/>\nDoublure : cuir de veau violet<br \/>\nMat\u00e9riau de la semelle<br \/>\nCuir surpiqu\u00e9 et couche de mat\u00e9riau antid\u00e9rapant<br \/>\nFermeture : lacets<br \/>\nType de talon : Bas<\/p>\n","protected":false},"featured_media":73598,"comment_status":"open","ping_status":"closed","template":"","meta":[],"product_brand":[11789],"product_cat":[7127,7152],"product_tag":[],"woo-feed-brand":[],"class_list":{"0":"post-43679","1":"product","2":"type-product","3":"status-publish","4":"has-post-thumbnail","6":"product_brand-beatnik-shoes-fr","7":"product_cat-chaussures-femme","8":"product_cat-chaussures-oxford-pour-femme","9":"pa_talla-zapato-35-fr","10":"pa_talla-zapato-36-fr","11":"pa_talla-zapato-37-fr","12":"pa_talla-zapato-38-fr","13":"pa_talla-zapato-39-fr","14":"pa_talla-zapato-40-fr","15":"pa_talla-zapato-41-fr","16":"pa_talla-zapato-42-fr","18":"first","19":"instock","20":"sale","21":"taxable","22":"shipping-taxable","23":"purchasable","24":"product-type-variable"},"_links":{"self":[{"href":"https:\/\/www.beatnikshoes.com\/fr\/wp-json\/wp\/v2\/product\/43679","targetHints":{"allow":["GET"]}}],"collection":[{"href":"https:\/\/www.beatnikshoes.com\/fr\/wp-json\/wp\/v2\/product"}],"about":[{"href":"https:\/\/www.beatnikshoes.com\/fr\/wp-json\/wp\/v2\/types\/product"}],"replies":[{"embeddable":true,"href":"https:\/\/www.beatnikshoes.com\/fr\/wp-json\/wp\/v2\/comments?post=43679"}],"wp:featuredmedia":[{"embeddable":true,"href":"https:\/\/www.beatnikshoes.com\/fr\/wp-json\/wp\/v2\/media\/73598"}],"wp:attachment":[{"href":"https:\/\/www.beatnikshoes.com\/fr\/wp-json\/wp\/v2\/media?parent=43679"}],"wp:term":[{"taxonomy":"product_brand","embeddable":true,"href":"https:\/\/www.beatnikshoes.com\/fr\/wp-json\/wp\/v2\/product_brand?post=43679"},{"taxonomy":"product_cat","embeddable":true,"href":"https:\/\/www.beatnikshoes.com\/fr\/wp-json\/wp\/v2\/product_cat?post=43679"},{"taxonomy":"product_tag","embeddable":true,"href":"https:\/\/www.beatnikshoes.com\/fr\/wp-json\/wp\/v2\/product_tag?post=43679"},{"taxonomy":"woo-feed-brand","embeddable":true,"href":"https:\/\/www.beatnikshoes.com\/fr\/wp-json\/wp\/v2\/woo-feed-brand?post=43679"}],"curies":[{"name":"wp","href":"https:\/\/api.w.org\/{rel}","templated":true}]}}