{"id":43667,"date":"2018-04-24T13:05:46","date_gmt":"2018-04-24T11:05:46","guid":{"rendered":"https:\/\/www.beatnikshoes.com\/zapatos-hechos-a-mano\/brown-miller-oxford-en-cuir-pour-homme\/"},"modified":"2025-08-27T21:40:53","modified_gmt":"2025-08-27T19:40:53","slug":"chaussures-oxford-pour-homme-cuir-brun-miller-brown","status":"publish","type":"product","link":"https:\/\/www.beatnikshoes.com\/fr\/chaussures-a-la-main\/chaussures-oxford-pour-homme-cuir-brun-miller-brown\/","title":{"rendered":"Chaussures oxford Miller en cuir marron pour hommes"},"content":{"rendered":"<h2>CLASSICISME MASCULIN AVEC UNE TOUCHE DE COULEUR<\/h2>\n<p>La combinaison d&rsquo;une forme classique et \u00e9l\u00e9gante avec une couleur brune discr\u00e8te est irr\u00e9sistible. Les lignes discr\u00e8tes de notre <strong>chaussure oxford<\/strong> Miller en cuir de veau marron sont faciles \u00e0 assortir \u00e0 toutes les couleurs. Il est facile \u00e0 combiner avec des costumes ou des vestes dans des couleurs froides comme le gris ou avec toute la gamme des bleus, en \u00e9tant particuli\u00e8rement \u00e9l\u00e9gant avec les nuances de bleu marine. Et bien s\u00fbr, il se marie parfaitement avec toute la gamme des couleurs pastel et terreuses.<\/p>\n<p>La combinaison de la <strong>chaussure Miller Oxford marron<\/strong> avec un costume \u00e0 rayures bleu et gris est parfaite. En m\u00eame temps, avec une paire de chinos, il ne peut pas \u00eatre plus \u00e9l\u00e9gant et facile \u00e0 porter.<\/p>\n<p>Le brun fonc\u00e9 de son cuir de vachette presque mat apporte une nuance de couleur qui adoucit les tons sombres d&rsquo;un costume enti\u00e8rement fonc\u00e9 et, d&rsquo;autre part, offre des possibilit\u00e9s de combinaison avec d&rsquo;autres tons plus printaniers. En m\u00eame temps, c&rsquo;est un mod\u00e8le qui convient \u00e9galement \u00e0 des contextes plus d\u00e9contract\u00e9s et m\u00eame aux loisirs.<\/p>\n<p>Les lignes classiques de la tige de cette <strong>chaussure de style Oxford pour homme, de couleur marron<\/strong> et de style r\u00e9solument britannique, associ\u00e9es \u00e0 un design sobre, mettent en \u00e9vidence la qualit\u00e9 du cuir de veau dans lequel elle est fabriqu\u00e9e. L&rsquo;int\u00e9rieur est enti\u00e8rement doubl\u00e9 de cuir de veau violet. La semelle est en cuir v\u00e9ritable cousu selon la m\u00e9thode traditionnelle Blake et une couche suppl\u00e9mentaire de sp\u00e1i antid\u00e9rapant a \u00e9t\u00e9 ajout\u00e9e pour isoler la semelle. Tout cela pour vous offrir le plus grand confort et une \u00e9l\u00e9gance intemporelle.<\/p>\n","protected":false},"excerpt":{"rendered":"<h2>Chaussures oxford en cuir marron pour homme, fabriqu\u00e9es \u00e0 la main en Espagne<\/h2>\n<p>Mati\u00e8re ext\u00e9rieure : cuir de veau brun<br \/>\nDoublure : cuir de vachette violet<br \/>\nMat\u00e9riau de la semelle : cuir v\u00e9ritable surpiqu\u00e9 et spatule antid\u00e9rapante<br \/>\nFermeture : lacets<br \/>\nType de talon : Bas<\/p>\n","protected":false},"featured_media":70563,"comment_status":"open","ping_status":"closed","template":"","meta":[],"product_brand":[],"product_cat":[7092,7210],"product_tag":[],"woo-feed-brand":[],"class_list":{"0":"post-43667","1":"product","2":"type-product","3":"status-publish","4":"has-post-thumbnail","6":"product_cat-chaussures-homme","7":"product_cat-oxfords-fr","8":"pa_talla-zapato-39-fr","9":"pa_talla-zapato-40-fr","10":"pa_talla-zapato-41-fr","11":"pa_talla-zapato-42-fr","12":"pa_talla-zapato-43-fr","13":"pa_talla-zapato-44-fr","14":"pa_talla-zapato-45-fr","15":"pa_talla-zapato-46-fr","17":"first","18":"instock","19":"sale","20":"taxable","21":"shipping-taxable","22":"purchasable","23":"product-type-variable"},"_links":{"self":[{"href":"https:\/\/www.beatnikshoes.com\/fr\/wp-json\/wp\/v2\/product\/43667","targetHints":{"allow":["GET"]}}],"collection":[{"href":"https:\/\/www.beatnikshoes.com\/fr\/wp-json\/wp\/v2\/product"}],"about":[{"href":"https:\/\/www.beatnikshoes.com\/fr\/wp-json\/wp\/v2\/types\/product"}],"replies":[{"embeddable":true,"href":"https:\/\/www.beatnikshoes.com\/fr\/wp-json\/wp\/v2\/comments?post=43667"}],"wp:featuredmedia":[{"embeddable":true,"href":"https:\/\/www.beatnikshoes.com\/fr\/wp-json\/wp\/v2\/media\/70563"}],"wp:attachment":[{"href":"https:\/\/www.beatnikshoes.com\/fr\/wp-json\/wp\/v2\/media?parent=43667"}],"wp:term":[{"taxonomy":"product_brand","embeddable":true,"href":"https:\/\/www.beatnikshoes.com\/fr\/wp-json\/wp\/v2\/product_brand?post=43667"},{"taxonomy":"product_cat","embeddable":true,"href":"https:\/\/www.beatnikshoes.com\/fr\/wp-json\/wp\/v2\/product_cat?post=43667"},{"taxonomy":"product_tag","embeddable":true,"href":"https:\/\/www.beatnikshoes.com\/fr\/wp-json\/wp\/v2\/product_tag?post=43667"},{"taxonomy":"woo-feed-brand","embeddable":true,"href":"https:\/\/www.beatnikshoes.com\/fr\/wp-json\/wp\/v2\/woo-feed-brand?post=43667"}],"curies":[{"name":"wp","href":"https:\/\/api.w.org\/{rel}","templated":true}]}}