{"id":43656,"date":"2018-04-24T13:51:52","date_gmt":"2018-04-24T11:51:52","guid":{"rendered":"https:\/\/www.beatnikshoes.com\/zapatos-hechos-a-mano\/blucher-en-bleu-et-beige-ethel-blue-cream\/"},"modified":"2025-08-27T21:33:52","modified_gmt":"2025-08-27T19:33:52","slug":"blucher-bicolore-femmes-ethel-bleu-creme-bleu-beige","status":"publish","type":"product","link":"https:\/\/www.beatnikshoes.com\/fr\/chaussures-a-la-main\/blucher-bicolore-femmes-ethel-bleu-creme-bleu-beige\/","title":{"rendered":"Ethel Blue Cream blucher bicolore bleu et beige"},"content":{"rendered":"<h2>UN OXFORD POUR FEMME EN CUIR SOUPLE DANS DES COULEURS CR\u00c8ME POUR CETTE SAISON<\/h2>\n<p>Un <strong>blucher bicolore bleu et beige pour femme<\/strong>, fabriqu\u00e9 \u00e0 la main en Espagne en cuir de veau. Le dernier mod\u00e8le le plus confortable et le plus \u00e9prouv\u00e9 de notre collection, associ\u00e9 au cuir le plus souple et le plus \u00e9l\u00e9gant du march\u00e9, le cuir de veau, donne naissance \u00e0 ce Blucher \u00e9l\u00e9gant et confortable. Les deux teintes choisies, beige doux et bleu glacier, sont parfaitement assorties. Tout cela cr\u00e9e un ensemble qui se distingue tout en apportant une touche d&rsquo;\u00e9l\u00e9gance discr\u00e8te.<\/p>\n<p>La combinaison de cette <strong>chaussure bicolore de style Oxford pour femme<\/strong> avec des couleurs pastel et des v\u00eatements de couleur terre est parfaite. Associ\u00e9s \u00e0 des tons bleus et \u00e0 des palettes de couleurs froides, ils constituent \u00e9galement un excellent choix. Ces chaussures \u00e0 lacets bicolores pour femmes sont faciles \u00e0 porter avec tous les types de pantalons, qu&rsquo;ils soient formels ou plus d\u00e9contract\u00e9s, en coton ou en jean. Avec des jupes et des robes de toutes les longueurs et de toutes les nuances, ils sont \u00e9galement parfaitement assortis. Ces <strong>chaussures \u00e0 lacets pour femmes<\/strong>, f\u00e9minines et irr\u00e9sistibles, apportent la touche d&rsquo;\u00e9l\u00e9gance classique qui convient \u00e0 toutes les occasions.<\/p>\n<p>Cette<strong> chaussure basse bicolore pour femme<\/strong> pr\u00e9sente un travail minutieux sur la tige. La lame est brod\u00e9e \u00e0 la main avec la d\u00e9coration classique d&rsquo;Oxford en forme d&rsquo;aile. Il est enti\u00e8rement doubl\u00e9 \u00e0 la main en cuir de veau violet et cousu presque sans couture pour un maximum de confort. La semelle est en cuir v\u00e9ritable et une couche de spay antid\u00e9rapant a \u00e9t\u00e9 inject\u00e9e sur la semelle ext\u00e9rieure afin de renforcer l&rsquo;isolation et la s\u00e9curit\u00e9 de la semelle.<\/p>\n<p>Le cuir de veau, aussi doux que r\u00e9sistant, est tr\u00e8s facile \u00e0 nettoyer. Un simple chiffon humide permet d&rsquo;\u00e9liminer les r\u00e9sidus de l&rsquo;utilisation quotidienne. Pour nourrir la peau, une petite quantit\u00e9 de cr\u00e8me incolore permet de lui redonner son tonus d&rsquo;origine, encore et encore.<\/p>\n<p>Ils sont livr\u00e9s avec deux boucles, l&rsquo;une en beige et l&rsquo;autre en bleu glacier, que vous pouvez donc combiner.<\/p>\n","protected":false},"excerpt":{"rendered":"<h2>Blucher en cuir bicolore fait \u00e0 la main en Espagne<\/h2>\n<p>Mati\u00e8re ext\u00e9rieure : cuir de veau bicolore bleu et beige<br \/>\nDoublure : cuir de vachette violet<br \/>\nMat\u00e9riau de la semelle : cuir v\u00e9ritable<br \/>\nFermeture : lacets<br \/>\nType de talon bas<\/p>\n<p>&nbsp;<\/p>\n","protected":false},"featured_media":73751,"comment_status":"open","ping_status":"closed","template":"","meta":[],"product_brand":[],"product_cat":[8899,7184,7127,7152],"product_tag":[],"woo-feed-brand":[],"class_list":{"0":"post-43656","1":"product","2":"type-product","3":"status-publish","4":"has-post-thumbnail","6":"product_cat-chaussures-bicolores-pour-femme","7":"product_cat-chaussures-blucher-pour-femmes","8":"product_cat-chaussures-femme","9":"product_cat-chaussures-oxford-pour-femme","10":"pa_talla-zapato-35-fr","11":"pa_talla-zapato-36-fr","12":"pa_talla-zapato-37-fr","13":"pa_talla-zapato-38-fr","14":"pa_talla-zapato-39-fr","15":"pa_talla-zapato-40-fr","16":"pa_talla-zapato-41-fr","17":"pa_talla-zapato-42-fr","18":"pa_talla-zapato-43-fr","19":"pa_talla-zapato-44-fr","21":"first","22":"instock","23":"sale","24":"taxable","25":"shipping-taxable","26":"purchasable","27":"product-type-variable"},"_links":{"self":[{"href":"https:\/\/www.beatnikshoes.com\/fr\/wp-json\/wp\/v2\/product\/43656","targetHints":{"allow":["GET"]}}],"collection":[{"href":"https:\/\/www.beatnikshoes.com\/fr\/wp-json\/wp\/v2\/product"}],"about":[{"href":"https:\/\/www.beatnikshoes.com\/fr\/wp-json\/wp\/v2\/types\/product"}],"replies":[{"embeddable":true,"href":"https:\/\/www.beatnikshoes.com\/fr\/wp-json\/wp\/v2\/comments?post=43656"}],"wp:featuredmedia":[{"embeddable":true,"href":"https:\/\/www.beatnikshoes.com\/fr\/wp-json\/wp\/v2\/media\/73751"}],"wp:attachment":[{"href":"https:\/\/www.beatnikshoes.com\/fr\/wp-json\/wp\/v2\/media?parent=43656"}],"wp:term":[{"taxonomy":"product_brand","embeddable":true,"href":"https:\/\/www.beatnikshoes.com\/fr\/wp-json\/wp\/v2\/product_brand?post=43656"},{"taxonomy":"product_cat","embeddable":true,"href":"https:\/\/www.beatnikshoes.com\/fr\/wp-json\/wp\/v2\/product_cat?post=43656"},{"taxonomy":"product_tag","embeddable":true,"href":"https:\/\/www.beatnikshoes.com\/fr\/wp-json\/wp\/v2\/product_tag?post=43656"},{"taxonomy":"woo-feed-brand","embeddable":true,"href":"https:\/\/www.beatnikshoes.com\/fr\/wp-json\/wp\/v2\/woo-feed-brand?post=43656"}],"curies":[{"name":"wp","href":"https:\/\/api.w.org\/{rel}","templated":true}]}}