{"id":43636,"date":"2018-04-26T11:07:12","date_gmt":"2018-04-26T09:07:12","guid":{"rendered":"https:\/\/www.beatnikshoes.com\/zapatos-hechos-a-mano\/francoise-noir-sandale-en-cuir-noir\/"},"modified":"2025-08-27T21:27:18","modified_gmt":"2025-08-27T19:27:18","slug":"black-francoise-noir-sandale-cangourou-noir-femme","status":"publish","type":"product","link":"https:\/\/www.beatnikshoes.com\/fr\/chaussures-a-la-main\/black-francoise-noir-sandale-cangourou-noir-femme\/","title":{"rendered":"Fran\u00e7oise Noir sandale crabe noir pour femme"},"content":{"rendered":"<h2>SANDALE CRABE NOIR POUR FEMME : STYLE ET CONFORT IN\u00c9GAL\u00c9S<\/h2>\n<p>Une <strong>sandale crabe noire pour femme<\/strong> en cuir fin est la meilleure solution pour se promener lors des journ\u00e9es et des soir\u00e9es les plus agr\u00e9ables dans le sud de l&rsquo;Europe. Ces \u00e9l\u00e9gantes sandales Beatnik \u00e0 bout ferm\u00e9 et \u00e0 talon confortable de 4 centim\u00e8tres ne sont pas seulement pour la saison. Ils sont parfaits pour tous les mois chauds dont nous avons la chance de b\u00e9n\u00e9ficier, combin\u00e9s avec ou sans collants. Nous avons mis au point une forme qui \u00e9pouse parfaitement le pied et qui est recouverte d&rsquo;une empeigne cr\u00e9\u00e9e \u00e0 partir de fines bandes de cuir de veau doubl\u00e9es de cuir de veau souple.<\/p>\n<p>Chacune des <strong>sandales ferm\u00e9es en cuir noir<\/strong> Fran\u00e7oise est entrelac\u00e9e avec la semelle et l&rsquo;ensemble est termin\u00e9 par le bout fin de la tige. L&rsquo;ajustement se fait au niveau de la cheville \u00e0 l&rsquo;aide d&rsquo;une boucle confortable en m\u00e9tal chrom\u00e9.<\/p>\n<p>Un prodige d&rsquo;artisanat, utilisant uniquement le cuir le plus fin du march\u00e9 pour cr\u00e9er une sandale \u00e9l\u00e9gante avec un talon large et confortable. Cette hauteur est donc id\u00e9ale pour s\u00e9parer le talon de la chaleur \u00e9ventuelle du sol. La semelle est en cuir v\u00e9ritable et toute la semelle int\u00e9rieure est doubl\u00e9e de cuir de veau. L&#8217;empeigne soigneusement dessin\u00e9e et la couleur noire du cuir v\u00e9ritable font de ce mod\u00e8le de <strong>sandale noire \u00e0 bout pointu et talon bas<\/strong> une option tr\u00e8s facile \u00e0 porter avec confort et \u00e9l\u00e9gance cette saison. Cette sandale noire pour femme se marie parfaitement avec toute robe courte ou longue, jupe ou pantalon.<\/p>\n<p>Gr\u00e2ce \u00e0 leur coupe, ils sont parfaits pour un look plus d\u00e9contract\u00e9 ou pour un style plus formel, voire professionnel. Les formes organiques de ce <strong>crabe noir pour femme <\/strong>compl\u00e8tent un look tr\u00e8s sophistiqu\u00e9 et sont parfaites avec un jean. Cela est d\u00fb \u00e0 sa polyvalence et \u00e0 sa facilit\u00e9 de combinaison.<\/p>\n<p>Une valeur s\u00fbre pour cette saison.<\/p>\n","protected":false},"excerpt":{"rendered":"<h2>Sandale crabe en cuir noir fabriqu\u00e9e \u00e0 la main en Espagne<\/h2>\n<p>Mati\u00e8re ext\u00e9rieure : cuir de veau noir<br \/>\nDoublure : cuir de vachette violet<br \/>\nMat\u00e9riau de la semelle : cuir v\u00e9ritable<br \/>\nFermeture : Boucles<br \/>\nType de talon : Moyen<br \/>\nComposition : 100 % cuir<\/p>\n<p><strong>Note concernant la taille de notre mod\u00e8le Fran\u00e7oise : Veuillez prendre une taille au-dessus.<\/strong><\/p>\n","protected":false},"featured_media":43638,"comment_status":"open","ping_status":"closed","template":"","meta":[],"product_brand":[11789],"product_cat":[7127,7268],"product_tag":[],"woo-feed-brand":[],"class_list":{"0":"post-43636","1":"product","2":"type-product","3":"status-publish","4":"has-post-thumbnail","6":"product_brand-beatnik-shoes-fr","7":"product_cat-chaussures-femme","8":"product_cat-sandales","9":"pa_talla-zapato-35-fr","10":"pa_talla-zapato-36-fr","11":"pa_talla-zapato-37-fr","12":"pa_talla-zapato-38-fr","13":"pa_talla-zapato-39-fr","14":"pa_talla-zapato-40-fr","15":"pa_talla-zapato-41-fr","16":"pa_talla-zapato-42-fr","17":"pa_talla-zapato-43-fr","18":"pa_talla-zapato-44-fr","19":"pa_talla-zapato-45-fr","21":"first","22":"instock","23":"sale","24":"taxable","25":"shipping-taxable","26":"purchasable","27":"product-type-variable"},"_links":{"self":[{"href":"https:\/\/www.beatnikshoes.com\/fr\/wp-json\/wp\/v2\/product\/43636","targetHints":{"allow":["GET"]}}],"collection":[{"href":"https:\/\/www.beatnikshoes.com\/fr\/wp-json\/wp\/v2\/product"}],"about":[{"href":"https:\/\/www.beatnikshoes.com\/fr\/wp-json\/wp\/v2\/types\/product"}],"replies":[{"embeddable":true,"href":"https:\/\/www.beatnikshoes.com\/fr\/wp-json\/wp\/v2\/comments?post=43636"}],"wp:featuredmedia":[{"embeddable":true,"href":"https:\/\/www.beatnikshoes.com\/fr\/wp-json\/wp\/v2\/media\/43638"}],"wp:attachment":[{"href":"https:\/\/www.beatnikshoes.com\/fr\/wp-json\/wp\/v2\/media?parent=43636"}],"wp:term":[{"taxonomy":"product_brand","embeddable":true,"href":"https:\/\/www.beatnikshoes.com\/fr\/wp-json\/wp\/v2\/product_brand?post=43636"},{"taxonomy":"product_cat","embeddable":true,"href":"https:\/\/www.beatnikshoes.com\/fr\/wp-json\/wp\/v2\/product_cat?post=43636"},{"taxonomy":"product_tag","embeddable":true,"href":"https:\/\/www.beatnikshoes.com\/fr\/wp-json\/wp\/v2\/product_tag?post=43636"},{"taxonomy":"woo-feed-brand","embeddable":true,"href":"https:\/\/www.beatnikshoes.com\/fr\/wp-json\/wp\/v2\/woo-feed-brand?post=43636"}],"curies":[{"name":"wp","href":"https:\/\/api.w.org\/{rel}","templated":true}]}}