{"id":43625,"date":"2018-05-17T13:22:13","date_gmt":"2018-05-17T11:22:13","guid":{"rendered":"https:\/\/www.beatnikshoes.com\/zapatos-hechos-a-mano\/le-blush-feminin-dethel-orange-crush\/"},"modified":"2025-08-27T21:16:02","modified_gmt":"2025-08-27T19:16:02","slug":"blucher-dark-orange-crush-femmes-ethel-orange-crush","status":"publish","type":"product","link":"https:\/\/www.beatnikshoes.com\/fr\/chaussures-a-la-main\/blucher-dark-orange-crush-femmes-ethel-orange-crush\/","title":{"rendered":"Blucher femme orange fonc\u00e9 Ethel Orange Crush"},"content":{"rendered":"<h2>MEILLEUR CHOIX UN BLUCHER ORANGE FONC\u00c9<\/h2>\n<h3>DE LA COULEUR ET DE LA PERSONNALIT\u00c9 POUR CETTE SAISON.<\/h3>\n<p>Ce<strong> blucher f\u00e9minin en cuir rouge-tan<\/strong> est le point culminant de notre nouvelle collection. Nous avons inclus le <strong>cuir de veau<\/strong> le plus doux et le plus souple du march\u00e9 dans l&rsquo;une des teintes les plus vibrantes que nous ayons pu trouver, sur le dernier mod\u00e8le le plus confortable de notre gamme. Un orange grill\u00e9 plein de nuances qui, selon la lumi\u00e8re du jour, se transforme en un rouge roux fonc\u00e9.<\/p>\n<p>Le style classique de cette <strong>chaussure \u00e0 lacets rouge pour femme<\/strong> contraste avec la touche de couleur sur l&#8217;empeigne. Il garantit donc un \u00e9quilibre parfait entre l&rsquo;\u00e9l\u00e9gance la plus traditionnelle et la touche contemporaine de sa coloration. La teinte de ce cuir est pleine de nuances et s&rsquo;accorde parfaitement avec toutes sortes de couleurs pastel et terreuses ainsi qu&rsquo;avec le blanc et le bleu, des couleurs parfaites pour cette saison. D&rsquo;autre part, le design de la tige, la doublure en veau souple et pratiquement sans couture et la semelle en cuir pleine fleur garantissent un confort in\u00e9gal\u00e9, avec ou sans chaussettes. La semelle en cuir est \u00e9galement dot\u00e9e d&rsquo;une fine couche antid\u00e9rapante pour isoler en cas de pluie.<\/p>\n<p>Cette <strong>chaussure orange de style Oxford pour femme<\/strong> est enti\u00e8rement <strong>fabriqu\u00e9e \u00e0 la main en Espagne <\/strong>. Elle allie la tradition s\u00e9culaire de l&rsquo;artisanat du cuir dans les chaussures de luxe \u00e0 un style britannique intemporel. Tout cela donne naissance \u00e0 un mod\u00e8le qui vous accompagnera pendant de nombreuses saisons, gr\u00e2ce \u00e0 son confort et \u00e0 son \u00e9l\u00e9gance.<\/p>\n<p>Votre prochain succ\u00e8s assur\u00e9 en orange.<\/p>\n","protected":false},"excerpt":{"rendered":"<h2>Blucher en cuir fait \u00e0 la main en Espagne<\/h2>\n<p>Mati\u00e8re ext\u00e9rieure : cuir de veau orange fonc\u00e9<br \/>\nDoublure : cuir de vachette violet<br \/>\nMat\u00e9riau de la semelle : cuir v\u00e9ritable<br \/>\nFermeture : lacets<br \/>\nType de talon : Bas<\/p>\n","protected":false},"featured_media":48888,"comment_status":"open","ping_status":"closed","template":"","meta":[],"product_brand":[],"product_cat":[7127,7184,7152],"product_tag":[],"woo-feed-brand":[],"class_list":{"0":"post-43625","1":"product","2":"type-product","3":"status-publish","4":"has-post-thumbnail","6":"product_cat-chaussures-femme","7":"product_cat-chaussures-blucher-pour-femmes","8":"product_cat-chaussures-oxford-pour-femme","9":"pa_talla-zapato-35-fr","10":"pa_talla-zapato-36-fr","11":"pa_talla-zapato-37-fr","12":"pa_talla-zapato-38-fr","13":"pa_talla-zapato-39-fr","14":"pa_talla-zapato-40-fr","15":"pa_talla-zapato-41-fr","16":"pa_talla-zapato-42-fr","17":"pa_talla-zapato-43-fr","18":"pa_talla-zapato-44-fr","20":"first","21":"instock","22":"sale","23":"taxable","24":"shipping-taxable","25":"purchasable","26":"product-type-variable"},"_links":{"self":[{"href":"https:\/\/www.beatnikshoes.com\/fr\/wp-json\/wp\/v2\/product\/43625","targetHints":{"allow":["GET"]}}],"collection":[{"href":"https:\/\/www.beatnikshoes.com\/fr\/wp-json\/wp\/v2\/product"}],"about":[{"href":"https:\/\/www.beatnikshoes.com\/fr\/wp-json\/wp\/v2\/types\/product"}],"replies":[{"embeddable":true,"href":"https:\/\/www.beatnikshoes.com\/fr\/wp-json\/wp\/v2\/comments?post=43625"}],"wp:featuredmedia":[{"embeddable":true,"href":"https:\/\/www.beatnikshoes.com\/fr\/wp-json\/wp\/v2\/media\/48888"}],"wp:attachment":[{"href":"https:\/\/www.beatnikshoes.com\/fr\/wp-json\/wp\/v2\/media?parent=43625"}],"wp:term":[{"taxonomy":"product_brand","embeddable":true,"href":"https:\/\/www.beatnikshoes.com\/fr\/wp-json\/wp\/v2\/product_brand?post=43625"},{"taxonomy":"product_cat","embeddable":true,"href":"https:\/\/www.beatnikshoes.com\/fr\/wp-json\/wp\/v2\/product_cat?post=43625"},{"taxonomy":"product_tag","embeddable":true,"href":"https:\/\/www.beatnikshoes.com\/fr\/wp-json\/wp\/v2\/product_tag?post=43625"},{"taxonomy":"woo-feed-brand","embeddable":true,"href":"https:\/\/www.beatnikshoes.com\/fr\/wp-json\/wp\/v2\/woo-feed-brand?post=43625"}],"curies":[{"name":"wp","href":"https:\/\/api.w.org\/{rel}","templated":true}]}}