{"id":43616,"date":"2018-06-08T10:53:39","date_gmt":"2018-06-08T08:53:39","guid":{"rendered":"https:\/\/www.beatnikshoes.com\/zapatos-hechos-a-mano\/chaussure-marron-a-double-boucle-pour-femme-june\/"},"modified":"2025-08-27T21:06:34","modified_gmt":"2025-08-27T19:06:34","slug":"chaussures-double-boucle-brown-june-pour-femmes","status":"publish","type":"product","link":"https:\/\/www.beatnikshoes.com\/fr\/chaussures-a-la-main\/chaussures-double-boucle-brown-june-pour-femmes\/","title":{"rendered":"June Marron Chaussures \u00e0 double boucle pour femmes Marron"},"content":{"rendered":"<h2>CHAUSSURES \u00c0 DOUBLE BOUCLE POUR FEMMES, DE COULEUR MARRON.<\/h2>\n<h3>LA SOLUTION LA PLUS POLYVALENTE.<\/h3>\n<p>La formalit\u00e9 de l&#8217;empeigne \u00e9troite de notre <strong>chaussure pour femme \u00e0 double boucle marron <\/strong>contraste joliment avec la texture chaude et caramel du cuir de veau fin de cette pi\u00e8ce. Le cuir souple de l&rsquo;ar\u00eate \u00e9pouse le pied. La fermeture est parfaitement ajust\u00e9e gr\u00e2ce aux deux boucles chrom\u00e9es.<\/p>\n<p>Comme tous les mod\u00e8les de notre collection, ce <strong>bracelet femme marron<\/strong> est fabriqu\u00e9 \u00e0 la main. Il est \u00e9galement doubl\u00e9 de cuir de veau violet avec un minimum de coutures, de sorte que le pied est enti\u00e8rement prot\u00e9g\u00e9 par le cuir le plus doux du march\u00e9. La semelle ext\u00e9rieure en cuir de cette <strong>chaussure monk pour femme de couleur marron <\/strong>est recouverte d&rsquo;une fine couche de mat\u00e9riau antid\u00e9rapant. Tout cela pour mieux isoler le propri\u00e9taire des intemp\u00e9ries.<\/p>\n<p>La couleur marron de cette <strong>chaussure marron \u00e0 deux boucles <\/strong> est une nuance parfaite pour se combiner avec toute la gamme des nuances de noir ou de bleu. Et bien s\u00fbr avec toutes sortes de glaces \u00e0 la cr\u00e8me ou de g\u00e2teaux.<\/p>\n<p>En conclusion, ce <strong>bracelet monk brun f\u00e9minin<\/strong> est une pi\u00e8ce pr\u00e9cieuse de la plus haute qualit\u00e9 artisanale qui allie le classicisme intemporel de son ton caramel \u00e0 la chaleur du meilleur cuir du march\u00e9.<\/p>\n","protected":false},"excerpt":{"rendered":"<h2>Chaussures \u00e0 deux boucles faites \u00e0 la main, de couleur marron<\/h2>\n<p>Mati\u00e8re ext\u00e9rieure : cuir de veau brun acajou<br \/>\nDoublure : cuir de veau<br \/>\nMat\u00e9riau de la semelle : cuir surpiqu\u00e9 plus une couche de mat\u00e9riau antid\u00e9rapant<br \/>\nFermeture : Boucles<br \/>\nType de talon : Bas<\/p>\n","protected":false},"featured_media":48522,"comment_status":"open","ping_status":"closed","template":"","meta":[],"product_brand":[],"product_cat":[7127,7153],"product_tag":[],"woo-feed-brand":[],"class_list":{"0":"post-43616","1":"product","2":"type-product","3":"status-publish","4":"has-post-thumbnail","6":"product_cat-chaussures-femme","7":"product_cat-chaussure-avec-boucles-fr","8":"pa_talla-zapato-35-fr","9":"pa_talla-zapato-36-fr","10":"pa_talla-zapato-37-fr","11":"pa_talla-zapato-38-fr","12":"pa_talla-zapato-39-fr","13":"pa_talla-zapato-40-fr","14":"pa_talla-zapato-41-fr","15":"pa_talla-zapato-42-fr","17":"first","18":"instock","19":"sale","20":"taxable","21":"shipping-taxable","22":"purchasable","23":"product-type-variable"},"_links":{"self":[{"href":"https:\/\/www.beatnikshoes.com\/fr\/wp-json\/wp\/v2\/product\/43616","targetHints":{"allow":["GET"]}}],"collection":[{"href":"https:\/\/www.beatnikshoes.com\/fr\/wp-json\/wp\/v2\/product"}],"about":[{"href":"https:\/\/www.beatnikshoes.com\/fr\/wp-json\/wp\/v2\/types\/product"}],"replies":[{"embeddable":true,"href":"https:\/\/www.beatnikshoes.com\/fr\/wp-json\/wp\/v2\/comments?post=43616"}],"wp:featuredmedia":[{"embeddable":true,"href":"https:\/\/www.beatnikshoes.com\/fr\/wp-json\/wp\/v2\/media\/48522"}],"wp:attachment":[{"href":"https:\/\/www.beatnikshoes.com\/fr\/wp-json\/wp\/v2\/media?parent=43616"}],"wp:term":[{"taxonomy":"product_brand","embeddable":true,"href":"https:\/\/www.beatnikshoes.com\/fr\/wp-json\/wp\/v2\/product_brand?post=43616"},{"taxonomy":"product_cat","embeddable":true,"href":"https:\/\/www.beatnikshoes.com\/fr\/wp-json\/wp\/v2\/product_cat?post=43616"},{"taxonomy":"product_tag","embeddable":true,"href":"https:\/\/www.beatnikshoes.com\/fr\/wp-json\/wp\/v2\/product_tag?post=43616"},{"taxonomy":"woo-feed-brand","embeddable":true,"href":"https:\/\/www.beatnikshoes.com\/fr\/wp-json\/wp\/v2\/woo-feed-brand?post=43616"}],"curies":[{"name":"wp","href":"https:\/\/api.w.org\/{rel}","templated":true}]}}