{"id":43592,"date":"2018-11-29T15:08:18","date_gmt":"2018-11-29T14:08:18","guid":{"rendered":"https:\/\/www.beatnikshoes.com\/zapatos-hechos-a-mano\/chaussure-doxford-holmes-bicolore-noir-et-bleu-pour-homme\/"},"modified":"2025-08-27T20:35:31","modified_gmt":"2025-08-27T18:35:31","slug":"oxford-bicolore-holmes-noir-bleu-chaussure-pour-homme","status":"publish","type":"product","link":"https:\/\/www.beatnikshoes.com\/fr\/chaussures-a-la-main\/oxford-bicolore-holmes-noir-bleu-chaussure-pour-homme\/","title":{"rendered":"Chaussures oxford Holmes noir et bleu bicolores pour hommes"},"content":{"rendered":"<h2>CHAUSSURES OXFORD BICOLORES BLEU ET NOIR POUR HOMMES HOLMES<\/h2>\n<p>Notre <strong>chaussure Holmes Black &amp; Blue two-tone Oxford pour homme <\/strong> est devenue l&rsquo;une de vos chaussures pr\u00e9f\u00e9r\u00e9es. Pour cette collection, nous avons pens\u00e9 qu&rsquo;il \u00e9tait pr\u00e9f\u00e9rable de vous proposer cette chaussure classique de style Oxford avec un peu de couleur.<\/p>\n<p>En regardant nos garde-robes, les tons sombres et les bleus dominent en hiver. Nous les avons combin\u00e9s de mani\u00e8re discr\u00e8te. L&rsquo;ensemble du dessus et du dessous est noir, ce qui donne \u00e0 premi\u00e8re vue une \u00e9l\u00e9gante brogue noire. Mais le haut du la\u00e7age est bleu cobalt fonc\u00e9. Une combinaison tout simplement \u00e9tonnante avec n&rsquo;importe quel costume gris ou marine, clair ou fonc\u00e9. Et avec n&rsquo;importe quel mod\u00e8le de pantalon, qu&rsquo;il soit uni ou \u00e0 mille rayures, il est tout simplement spectaculaire.<\/p>\n<p>Cette<strong> chaussure Oxford bicolore Holmes Black &amp; Blue pour homme, fabriqu\u00e9e en cuir bleu et noir, <\/strong>est mont\u00e9e sur une tige en cuir italien v\u00e9ritable avec une fine couche de spay antid\u00e9rapant. La semelle int\u00e9rieure est en cuir matelass\u00e9 et est enti\u00e8rement doubl\u00e9e en cuir de veau souple violet, avec un minimum de coutures. Cet oxford pour homme est d\u00e9cor\u00e9 d&rsquo;une broderie compl\u00e8te classique, ce qui en fait<strong> un<\/strong> <strong>wingtip full brogue<\/strong>. La tige est en cuir fleuri, un type de cuir de vache extr\u00eamement r\u00e9sistant au froid et \u00e0 l&rsquo;humidit\u00e9. Un prodige de style, avec juste une touche de couleur pour vous distinguer des autres.<\/p>\n","protected":false},"excerpt":{"rendered":"<h2>Chaussures oxford en cuir fabriqu\u00e9es \u00e0 la main en Espagne<\/h2>\n<p>Mat\u00e9riau ext\u00e9rieur : cuir fleuri noir et bleu cobalt<br \/>\nDoublure : cuir de vachette bourgogne<br \/>\nMat\u00e9riau de la semelle : cuir v\u00e9ritable cousu et fine couche antid\u00e9rapante inject\u00e9e<br \/>\nFermeture : lacets<br \/>\nType de talon : Bas<\/p>\n","protected":false},"featured_media":70622,"comment_status":"open","ping_status":"closed","template":"","meta":[],"product_brand":[],"product_cat":[7092,7210,8896],"product_tag":[],"woo-feed-brand":[],"class_list":{"0":"post-43592","1":"product","2":"type-product","3":"status-publish","4":"has-post-thumbnail","6":"product_cat-chaussures-homme","7":"product_cat-oxfords-fr","8":"product_cat-richelieu-bicolore","9":"pa_talla-zapato-39-fr","10":"pa_talla-zapato-40-fr","11":"pa_talla-zapato-41-fr","12":"pa_talla-zapato-42-fr","13":"pa_talla-zapato-43-fr","14":"pa_talla-zapato-44-fr","15":"pa_talla-zapato-45-fr","16":"pa_talla-zapato-46-fr","18":"first","19":"instock","20":"sale","21":"taxable","22":"shipping-taxable","23":"purchasable","24":"product-type-variable"},"_links":{"self":[{"href":"https:\/\/www.beatnikshoes.com\/fr\/wp-json\/wp\/v2\/product\/43592","targetHints":{"allow":["GET"]}}],"collection":[{"href":"https:\/\/www.beatnikshoes.com\/fr\/wp-json\/wp\/v2\/product"}],"about":[{"href":"https:\/\/www.beatnikshoes.com\/fr\/wp-json\/wp\/v2\/types\/product"}],"replies":[{"embeddable":true,"href":"https:\/\/www.beatnikshoes.com\/fr\/wp-json\/wp\/v2\/comments?post=43592"}],"wp:featuredmedia":[{"embeddable":true,"href":"https:\/\/www.beatnikshoes.com\/fr\/wp-json\/wp\/v2\/media\/70622"}],"wp:attachment":[{"href":"https:\/\/www.beatnikshoes.com\/fr\/wp-json\/wp\/v2\/media?parent=43592"}],"wp:term":[{"taxonomy":"product_brand","embeddable":true,"href":"https:\/\/www.beatnikshoes.com\/fr\/wp-json\/wp\/v2\/product_brand?post=43592"},{"taxonomy":"product_cat","embeddable":true,"href":"https:\/\/www.beatnikshoes.com\/fr\/wp-json\/wp\/v2\/product_cat?post=43592"},{"taxonomy":"product_tag","embeddable":true,"href":"https:\/\/www.beatnikshoes.com\/fr\/wp-json\/wp\/v2\/product_tag?post=43592"},{"taxonomy":"woo-feed-brand","embeddable":true,"href":"https:\/\/www.beatnikshoes.com\/fr\/wp-json\/wp\/v2\/woo-feed-brand?post=43592"}],"curies":[{"name":"wp","href":"https:\/\/api.w.org\/{rel}","templated":true}]}}