{"id":43579,"date":"2018-11-30T14:42:11","date_gmt":"2018-11-30T13:42:11","guid":{"rendered":"https:\/\/www.beatnikshoes.com\/zapatos-hechos-a-mano\/harper-black-chaussures-en-cuir-noir-fabriquees-en-espagne\/"},"modified":"2025-10-05T14:51:14","modified_gmt":"2025-10-05T12:51:14","slug":"noir-noir-cuir-baskets-pour-hommes-et-femmes-harper-noir","status":"publish","type":"product","link":"https:\/\/www.beatnikshoes.com\/fr\/chaussures-a-la-main\/noir-noir-cuir-baskets-pour-hommes-et-femmes-harper-noir\/","title":{"rendered":"Harper Black &#8211; Baskets en cuir noir fabriqu\u00e9es en Espagne"},"content":{"rendered":"<h2>BASKETS EN CUIR NOIR POUR HOMMES ET FEMMES FABRIQU\u00c9ES EN ESPAGNE &#8211; HARPER BLACK<\/h2>\n<p>Nous vous pr\u00e9sentons une paire de <strong>baskets en cuir noir pour hommes et femmes<\/strong>, con\u00e7ues pour un usage quotidien. Juste de la qualit\u00e9 et une l\u00e9g\u00e8re touche de couleur, presque un l\u00e9ger accent sur le la\u00e7age. Un style polyvalent et ultra-discret. La tige et la semelle extra-large sont toutes deux noires, de sorte que le design discret ne laisse appara\u00eetre que l&rsquo;extr\u00eame qualit\u00e9 du cuir de veau utilis\u00e9 pour leur fabrication. Le confort d&rsquo;une pantoufle<strong> fabriqu\u00e9e \u00e0 la main en Espagne<\/strong> \u00e0 partir du cuir de veau le plus fin, enti\u00e8rement doubl\u00e9e de cuir et dot\u00e9e d&rsquo;une semelle int\u00e9rieure en cuir souple. La semelle int\u00e9rieure peut \u00eatre retir\u00e9e et facilement remplac\u00e9e par une nouvelle, ce qui permet \u00e0 cette chaussure de durer pratiquement \u00e9ternellement.<\/p>\n<p>Un style unique qui peut \u00eatre utilis\u00e9 \u00e0 volont\u00e9 avec la nouvelle tenue d&rsquo;affaires d\u00e9contract\u00e9e. La ligne de ce mod\u00e8le est fluide et s&rsquo;adapte \u00e0 tous les types de pantalons et \u00e0 toutes les couleurs. Pour un usage quotidien ou de loisir. Pour ajouter une petite touche de couleur \u00e0 ces <strong>baskets en cuir noir pour hommes et femmes<\/strong> <strong>Harper Black<\/strong>, nous avons inclus, avec les lacets noirs, un jeu suppl\u00e9mentaire en violet fonc\u00e9.<\/p>\n<p>Les coutures sont r\u00e9alis\u00e9es \u00e0 la machine avec un double point et un fil de nylon renforc\u00e9. Cela garantit que la pi\u00e8ce sera stable pendant longtemps et qu&rsquo;elle sera parfaitement fix\u00e9e \u00e0 chaque \u00e9tape \u00e0 franchir.<\/p>\n<p>Le cuir de veau a \u00e9t\u00e9 trait\u00e9 contre la pluie et l&rsquo;humidit\u00e9 et ne pose pas de probl\u00e8me pour l&rsquo;hiver. Quel que soit le temps.<\/p>\n","protected":false},"excerpt":{"rendered":"<h2>Chaussure de sport noire pour hommes et femmes, fabriqu\u00e9e \u00e0 la main en cuir de veau.<\/h2>\n<p>Mat\u00e9riau ext\u00e9rieur : cuir de vachette noir. &#8211; Doublure : cuir de vachette.<br \/>\nSemelle int\u00e9rieure amovible.<br \/>\nMat\u00e9riau de la semelle : compos\u00e9 antid\u00e9rapant noir.<\/p>\n","protected":false},"featured_media":42628,"comment_status":"open","ping_status":"closed","template":"","meta":[],"product_brand":[],"product_cat":[7176],"product_tag":[],"woo-feed-brand":[],"class_list":{"0":"post-43579","1":"product","2":"type-product","3":"status-publish","4":"has-post-thumbnail","6":"product_cat-outlet-fr","7":"pa_talla-zapato-35-fr","8":"pa_talla-zapato-36-fr","9":"pa_talla-zapato-37-fr","10":"pa_talla-zapato-38-fr","11":"pa_talla-zapato-39-fr","12":"pa_talla-zapato-40-fr","13":"pa_talla-zapato-41-fr","14":"pa_talla-zapato-42-fr","15":"pa_talla-zapato-43-fr","16":"pa_talla-zapato-44-fr","17":"pa_talla-zapato-45-fr","18":"pa_talla-zapato-46-fr","20":"first","21":"outofstock","22":"sale","23":"taxable","24":"shipping-taxable","25":"purchasable","26":"product-type-variable"},"_links":{"self":[{"href":"https:\/\/www.beatnikshoes.com\/fr\/wp-json\/wp\/v2\/product\/43579","targetHints":{"allow":["GET"]}}],"collection":[{"href":"https:\/\/www.beatnikshoes.com\/fr\/wp-json\/wp\/v2\/product"}],"about":[{"href":"https:\/\/www.beatnikshoes.com\/fr\/wp-json\/wp\/v2\/types\/product"}],"replies":[{"embeddable":true,"href":"https:\/\/www.beatnikshoes.com\/fr\/wp-json\/wp\/v2\/comments?post=43579"}],"wp:featuredmedia":[{"embeddable":true,"href":"https:\/\/www.beatnikshoes.com\/fr\/wp-json\/wp\/v2\/media\/42628"}],"wp:attachment":[{"href":"https:\/\/www.beatnikshoes.com\/fr\/wp-json\/wp\/v2\/media?parent=43579"}],"wp:term":[{"taxonomy":"product_brand","embeddable":true,"href":"https:\/\/www.beatnikshoes.com\/fr\/wp-json\/wp\/v2\/product_brand?post=43579"},{"taxonomy":"product_cat","embeddable":true,"href":"https:\/\/www.beatnikshoes.com\/fr\/wp-json\/wp\/v2\/product_cat?post=43579"},{"taxonomy":"product_tag","embeddable":true,"href":"https:\/\/www.beatnikshoes.com\/fr\/wp-json\/wp\/v2\/product_tag?post=43579"},{"taxonomy":"woo-feed-brand","embeddable":true,"href":"https:\/\/www.beatnikshoes.com\/fr\/wp-json\/wp\/v2\/woo-feed-brand?post=43579"}],"curies":[{"name":"wp","href":"https:\/\/api.w.org\/{rel}","templated":true}]}}