{"id":43505,"date":"2019-09-03T15:12:35","date_gmt":"2019-09-03T13:12:35","guid":{"rendered":"https:\/\/www.beatnikshoes.com\/zapatos-hechos-a-mano\/chaussure-oxford-en-daim-brun-corso-pour-homme\/"},"modified":"2025-08-26T21:56:49","modified_gmt":"2025-08-26T19:56:49","slug":"hommes-oxford-shoe-in-front-brown-corso","status":"publish","type":"product","link":"https:\/\/www.beatnikshoes.com\/fr\/chaussures-a-la-main\/hommes-oxford-shoe-in-front-brown-corso\/","title":{"rendered":"Chaussures oxford Corso en daim marron pour hommes"},"content":{"rendered":"<h2>LE LOOK CHIC ET D\u00c9CONTRACT\u00c9<\/h2>\n<p>Ces <strong>chaussures oxford en daim marron pour homme<\/strong> sont la <strong>chaussure parfaite<\/strong> \u00e0 la crois\u00e9e des chemins entre l&rsquo;\u00e9l\u00e9gance et la d\u00e9contraction. Une coupe fine et ajust\u00e9e qui se marie parfaitement avec un pantalon en coton ou un jean, mais aussi pour les r\u00e9unions, pour les affaires d\u00e9contract\u00e9es ou dans de nombreux secteurs ou industries qui n&rsquo;optent plus exclusivement pour le costume complet en tant que v\u00eatement de travail. Cette <strong>chaussure masculine \u00e0 lacets en daim marron<\/strong> est une chaussure absolument impeccable. Un 10 dans le style pour tous les vendredis d\u00e9contract\u00e9s et les journ\u00e9es d&rsquo;affaires d\u00e9contract\u00e9es de l&rsquo;ann\u00e9e.<\/p>\n<p>Cette <strong>chaussure \u00e0 lacets en daim marron pour homme<\/strong> est en daim fran\u00e7ais souple et enti\u00e8rement doubl\u00e9e de cuir de veau. Enfin, il est dot\u00e9 d&rsquo;une semelle en cuir cousue avec une fine couche antid\u00e9rapante.<\/p>\n<p>Ces <strong>chaussures de style<\/strong> <strong>oxford en daim marron pour homme<\/strong> s&rsquo;adapteront parfaitement \u00e0 un jeudi soir comme \u00e0 un vendredi matin. Parfait pour un apr\u00e8s-midi paresseux, pour une soir\u00e9e non habill\u00e9e et bien s\u00fbr pour une tenue de tous les jours. Pour tout voyage, qu&rsquo;il s&rsquo;agisse de vacances ou d&rsquo;un voyage d&rsquo;affaires, le style et le confort de ces derniers sont indispensables.<\/p>\n<p>La teinte de ces chaussures <strong>oxford en daim marron pour homme<\/strong> est parfaite pour s&rsquo;associer \u00e0 tout ce qui est bleu, du marine \u00e0 l&rsquo;indigo. Il s&rsquo;accorde \u00e9galement parfaitement avec les tons pastel, les tons de terre et m\u00eame en contrepoint de tons plus froids tels que le gris.<\/p>\n<p>L&rsquo;\u00e9norme confort de leur conception, leur polyvalence et leur facilit\u00e9 d&rsquo;association avec toutes les couleurs et tous les styles en feront vos nouvelles chaussures pr\u00e9f\u00e9r\u00e9es. Promis.<\/p>\n","protected":false},"excerpt":{"rendered":"<h2>Daim Oxford fait \u00e0 la main en Espagne<\/h2>\n<p>Mat\u00e9riau ext\u00e9rieur : daim<br \/>\nDoublure : cuir de vachette violet<br \/>\nMat\u00e9riau de la semelle : cuir v\u00e9ritable cousu et fine couche antid\u00e9rapante inject\u00e9e<br \/>\nFermeture : lacets<br \/>\nType de talon : Bas<\/p>\n","protected":false},"featured_media":76529,"comment_status":"open","ping_status":"closed","template":"","meta":[],"product_brand":[11789],"product_cat":[7092,7210],"product_tag":[],"woo-feed-brand":[],"class_list":{"0":"post-43505","1":"product","2":"type-product","3":"status-publish","4":"has-post-thumbnail","6":"product_brand-beatnik-shoes-fr","7":"product_cat-chaussures-homme","8":"product_cat-oxfords-fr","9":"pa_talla-zapato-39-fr","10":"pa_talla-zapato-40-fr","11":"pa_talla-zapato-41-fr","12":"pa_talla-zapato-42-fr","13":"pa_talla-zapato-43-fr","14":"pa_talla-zapato-44-fr","15":"pa_talla-zapato-45-fr","16":"pa_talla-zapato-46-fr","18":"first","19":"instock","20":"sale","21":"taxable","22":"shipping-taxable","23":"purchasable","24":"product-type-variable"},"_links":{"self":[{"href":"https:\/\/www.beatnikshoes.com\/fr\/wp-json\/wp\/v2\/product\/43505","targetHints":{"allow":["GET"]}}],"collection":[{"href":"https:\/\/www.beatnikshoes.com\/fr\/wp-json\/wp\/v2\/product"}],"about":[{"href":"https:\/\/www.beatnikshoes.com\/fr\/wp-json\/wp\/v2\/types\/product"}],"replies":[{"embeddable":true,"href":"https:\/\/www.beatnikshoes.com\/fr\/wp-json\/wp\/v2\/comments?post=43505"}],"wp:featuredmedia":[{"embeddable":true,"href":"https:\/\/www.beatnikshoes.com\/fr\/wp-json\/wp\/v2\/media\/76529"}],"wp:attachment":[{"href":"https:\/\/www.beatnikshoes.com\/fr\/wp-json\/wp\/v2\/media?parent=43505"}],"wp:term":[{"taxonomy":"product_brand","embeddable":true,"href":"https:\/\/www.beatnikshoes.com\/fr\/wp-json\/wp\/v2\/product_brand?post=43505"},{"taxonomy":"product_cat","embeddable":true,"href":"https:\/\/www.beatnikshoes.com\/fr\/wp-json\/wp\/v2\/product_cat?post=43505"},{"taxonomy":"product_tag","embeddable":true,"href":"https:\/\/www.beatnikshoes.com\/fr\/wp-json\/wp\/v2\/product_tag?post=43505"},{"taxonomy":"woo-feed-brand","embeddable":true,"href":"https:\/\/www.beatnikshoes.com\/fr\/wp-json\/wp\/v2\/woo-feed-brand?post=43505"}],"curies":[{"name":"wp","href":"https:\/\/api.w.org\/{rel}","templated":true}]}}