{"id":42660,"date":"2017-10-24T16:59:52","date_gmt":"2017-10-24T14:59:52","guid":{"rendered":"https:\/\/www.beatnikshoes.com\/zapatos-hechos-a-mano\/bota-chelsea-marron-de-hombre\/"},"modified":"2026-04-01T13:59:21","modified_gmt":"2026-04-01T11:59:21","slug":"bottes-brown-chelsea-pour-hommes","status":"publish","type":"product","link":"https:\/\/www.beatnikshoes.com\/fr\/chaussures-a-la-main\/bottes-brown-chelsea-pour-hommes\/","title":{"rendered":"Bottes Chelsea marron pour hommes"},"content":{"rendered":"<h2>BOTTE CHELSEA MARRON POUR HOMME, UN STYLE ORIGINAL.<\/h2>\n<p>Le style in\u00e9gal\u00e9 de la <strong>botte Chelsea pour homme de couleur marron<\/strong> avec ses lignes \u00e9pur\u00e9es et classiques. Le tout combin\u00e9 au cuir brun-rouge fonc\u00e9 de ces bottines pour hommes. Une combinaison gagnante pour la garde-robe du porteur.<\/p>\n<p>Fabriqu\u00e9 \u00e0 la main en Espagne \u00e0 partir du cuir marron le plus doux, avec une semelle en cuir v\u00e9ritable recouverte d&rsquo;une couche suppl\u00e9mentaire de mat\u00e9riau antid\u00e9rapant. L&rsquo;int\u00e9rieur de la botte est enti\u00e8rement doubl\u00e9 d&rsquo;une pi\u00e8ce de cuir de veau pratiquement sans couture. La douceur de cette pi\u00e8ce est un v\u00e9ritable plaisir pour les pieds. Les Chelsea boots ne sont pas seulement \u00e9l\u00e9gantes, elles sont aussi tr\u00e8s rapides \u00e0 mettre et \u00e0 enlever, car elles ne comportent pas de lacets ni de fermetures \u00e9clair. Les c\u00f4t\u00e9s \u00e9lastiques soutiennent parfaitement la foul\u00e9e sans la contraindre, offrant une sensation de libert\u00e9 et de confort in\u00e9gal\u00e9e.<\/p>\n<p>D&rsquo;autre part, le cuir de veau dans lequel cette botte est fabriqu\u00e9e devient encore plus doux que le neuf avec l&rsquo;usage et le passage du temps. Ce mod\u00e8le est donc de plus en plus susceptible de devenir la paire de bottes la plus confortable de la garde-robe masculine.<\/p>\n<p>L&rsquo;\u00e9l\u00e9gance de la coupe de la lame, la discr\u00e9tion formelle de son design et la touche de couleur qui apporte la personnalit\u00e9 indispensable pour compl\u00e9ter l&rsquo;esth\u00e9tique de son propri\u00e9taire. La <strong>botte Chelsea pour homme de couleur marron<\/strong> peut \u00eatre combin\u00e9e avec diff\u00e9rentes palettes de couleurs et d&rsquo;imprim\u00e9s. Tons de terre, pastels, bleus, gris et noirs. Et avec des pantalons dans toutes sortes de tissus, parfaits pour les loisirs comme pour le travail.<\/p>\n<p><strong>Bottes Chelsea pour homme de<\/strong> coupe classique avec une touche de couleur acajou, parfaites pour toutes les situations et tous les environnements.<\/p>\n","protected":false},"excerpt":{"rendered":"<h2>Bottines en cuir fabriqu\u00e9es \u00e0 la main en Espagne<\/h2>\n<p>Mati\u00e8re ext\u00e9rieure : cuir de veau brun<br \/>\nDoublure : cuir de veau violet<br \/>\nMat\u00e9riau du sol : cuir v\u00e9ritable surpiqu\u00e9 et couche de mat\u00e9riau antid\u00e9rapant<br \/>\nFermeture : \u00e9lastique<br \/>\nType de talon : Bas<\/p>\n","protected":false},"featured_media":76629,"comment_status":"open","ping_status":"closed","template":"","meta":[],"product_brand":[11789],"product_cat":[7124,7165,7092],"product_tag":[],"woo-feed-brand":[],"class_list":{"0":"post-42660","1":"product","2":"type-product","3":"status-publish","4":"has-post-thumbnail","6":"product_brand-beatnik-shoes-fr","7":"product_cat-bottes-fr","8":"product_cat-bottes-chelsea-fr","9":"product_cat-chaussures-homme","10":"pa_talla-zapato-39-fr","11":"pa_talla-zapato-40-fr","12":"pa_talla-zapato-41-fr","13":"pa_talla-zapato-42-fr","14":"pa_talla-zapato-43-fr","15":"pa_talla-zapato-44-fr","16":"pa_talla-zapato-45-fr","17":"pa_talla-zapato-46-fr","19":"first","20":"instock","21":"sale","22":"taxable","23":"shipping-taxable","24":"purchasable","25":"product-type-variable"},"_links":{"self":[{"href":"https:\/\/www.beatnikshoes.com\/fr\/wp-json\/wp\/v2\/product\/42660","targetHints":{"allow":["GET"]}}],"collection":[{"href":"https:\/\/www.beatnikshoes.com\/fr\/wp-json\/wp\/v2\/product"}],"about":[{"href":"https:\/\/www.beatnikshoes.com\/fr\/wp-json\/wp\/v2\/types\/product"}],"replies":[{"embeddable":true,"href":"https:\/\/www.beatnikshoes.com\/fr\/wp-json\/wp\/v2\/comments?post=42660"}],"wp:featuredmedia":[{"embeddable":true,"href":"https:\/\/www.beatnikshoes.com\/fr\/wp-json\/wp\/v2\/media\/76629"}],"wp:attachment":[{"href":"https:\/\/www.beatnikshoes.com\/fr\/wp-json\/wp\/v2\/media?parent=42660"}],"wp:term":[{"taxonomy":"product_brand","embeddable":true,"href":"https:\/\/www.beatnikshoes.com\/fr\/wp-json\/wp\/v2\/product_brand?post=42660"},{"taxonomy":"product_cat","embeddable":true,"href":"https:\/\/www.beatnikshoes.com\/fr\/wp-json\/wp\/v2\/product_cat?post=42660"},{"taxonomy":"product_tag","embeddable":true,"href":"https:\/\/www.beatnikshoes.com\/fr\/wp-json\/wp\/v2\/product_tag?post=42660"},{"taxonomy":"woo-feed-brand","embeddable":true,"href":"https:\/\/www.beatnikshoes.com\/fr\/wp-json\/wp\/v2\/woo-feed-brand?post=42660"}],"curies":[{"name":"wp","href":"https:\/\/api.w.org\/{rel}","templated":true}]}}