{"id":42648,"date":"2017-06-08T13:55:33","date_gmt":"2017-06-08T11:55:33","guid":{"rendered":"https:\/\/www.beatnikshoes.com\/zapatos-hechos-a-mano\/bota-chelsea-de-hombre-en-ante-marron-oscuro\/"},"modified":"2025-08-27T22:31:39","modified_gmt":"2025-08-27T20:31:39","slug":"hommes-chelsea-boot-in-dark-brown-front","status":"publish","type":"product","link":"https:\/\/www.beatnikshoes.com\/fr\/chaussures-a-la-main\/hommes-chelsea-boot-in-dark-brown-front\/","title":{"rendered":"Botte Chelsea en daim marron fonc\u00e9 pour hommes"},"content":{"rendered":"<h2>LA BOTTE CHELSEA EN DAIM MARRON POUR L&rsquo;HOMME \u00c9L\u00c9GANT<\/h2>\n<p>Nous pr\u00e9sentons une conception d\u00e9velopp\u00e9e sur plusieurs ann\u00e9es. Une forme tr\u00e8s confortable. Le meilleur cuir sur le march\u00e9 et un travail artisanal de qualit\u00e9 sont les \u00e9l\u00e9ments que nous avons utilis\u00e9s pour cr\u00e9er cette <strong>bottine Chelsea pour homme en daim marron<\/strong> de la plus haute qualit\u00e9. Enti\u00e8rement fabriqu\u00e9 \u00e0 la main en Espagne.<\/p>\n<p>Dans la continuit\u00e9 de la ligne classique de notre botte Chelsea, nous ajoutons maintenant une botte en daim anglais marron fonc\u00e9 ultra \u00e9l\u00e9gante et styl\u00e9e avec une texture incroyable. De plus, ce pied int\u00e8gre un traitement anti-humidit\u00e9 original. Vos nouvelles <strong>bottes chelsea marron<\/strong> sont donc un mod\u00e8le pour tous les jours de l&rsquo;ann\u00e9e. Compl\u00e8tement ind\u00e9pendant des conditions m\u00e9t\u00e9orologiques lorsque vous quittez votre domicile ou que vous y revenez.<\/p>\n<p>Le style de cette <strong>botte Chelsea en daim<\/strong> marron, associ\u00e9e \u00e0 un pantalon slim ou \u00e0 un jean skinny, est formidable. Mais ils se marient aussi parfaitement avec un pantalon en coton classique dans un environnement plus professionnel. Impossible de passer inaper\u00e7u avec ces \u00e9tonnantes <strong>Chelsea boots en daim marron fonc\u00e9 pour homme<\/strong>. Quant \u00e0 la palette de couleurs \u00e0 combiner, elle est pratiquement infinie. Surtout avec du gris, du noir, du bleu ou des couleurs terreuses, mais presque toutes les couleurs s&rsquo;accordent avec votre nouvelle botte pr\u00e9f\u00e9r\u00e9e.<\/p>\n<p>Un mod\u00e8le classique pour tous ceux qui ne le sont pas.<\/p>\n","protected":false},"excerpt":{"rendered":"<h2>Bottes Chelsea en daim marron faites \u00e0 la main<\/h2>\n<p>Mat\u00e9riau ext\u00e9rieur : daim marron<br \/>\nDoublure : cuir de vachette violet<br \/>\nMat\u00e9riau de la semelle : cuir v\u00e9ritable et fine couche antid\u00e9rapante<br \/>\nFermeture : \u00e9lastique<br \/>\nType de talon : Bas<\/p>\n","protected":false},"featured_media":76834,"comment_status":"open","ping_status":"closed","template":"","meta":[],"product_brand":[11789],"product_cat":[7092,7124,7165],"product_tag":[],"woo-feed-brand":[],"class_list":{"0":"post-42648","1":"product","2":"type-product","3":"status-publish","4":"has-post-thumbnail","6":"product_brand-beatnik-shoes-fr","7":"product_cat-chaussures-homme","8":"product_cat-bottes-fr","9":"product_cat-bottes-chelsea-fr","10":"pa_talla-zapato-39-fr","11":"pa_talla-zapato-40-fr","12":"pa_talla-zapato-41-fr","13":"pa_talla-zapato-42-fr","14":"pa_talla-zapato-43-fr","15":"pa_talla-zapato-44-fr","16":"pa_talla-zapato-45-fr","17":"pa_talla-zapato-46-fr","19":"first","20":"instock","21":"sale","22":"taxable","23":"shipping-taxable","24":"purchasable","25":"product-type-variable"},"_links":{"self":[{"href":"https:\/\/www.beatnikshoes.com\/fr\/wp-json\/wp\/v2\/product\/42648","targetHints":{"allow":["GET"]}}],"collection":[{"href":"https:\/\/www.beatnikshoes.com\/fr\/wp-json\/wp\/v2\/product"}],"about":[{"href":"https:\/\/www.beatnikshoes.com\/fr\/wp-json\/wp\/v2\/types\/product"}],"replies":[{"embeddable":true,"href":"https:\/\/www.beatnikshoes.com\/fr\/wp-json\/wp\/v2\/comments?post=42648"}],"wp:featuredmedia":[{"embeddable":true,"href":"https:\/\/www.beatnikshoes.com\/fr\/wp-json\/wp\/v2\/media\/76834"}],"wp:attachment":[{"href":"https:\/\/www.beatnikshoes.com\/fr\/wp-json\/wp\/v2\/media?parent=42648"}],"wp:term":[{"taxonomy":"product_brand","embeddable":true,"href":"https:\/\/www.beatnikshoes.com\/fr\/wp-json\/wp\/v2\/product_brand?post=42648"},{"taxonomy":"product_cat","embeddable":true,"href":"https:\/\/www.beatnikshoes.com\/fr\/wp-json\/wp\/v2\/product_cat?post=42648"},{"taxonomy":"product_tag","embeddable":true,"href":"https:\/\/www.beatnikshoes.com\/fr\/wp-json\/wp\/v2\/product_tag?post=42648"},{"taxonomy":"woo-feed-brand","embeddable":true,"href":"https:\/\/www.beatnikshoes.com\/fr\/wp-json\/wp\/v2\/woo-feed-brand?post=42648"}],"curies":[{"name":"wp","href":"https:\/\/api.w.org\/{rel}","templated":true}]}}