{"id":41682,"date":"2023-12-15T19:03:29","date_gmt":"2023-12-15T18:03:29","guid":{"rendered":"https:\/\/www.beatnikshoes.com\/zapatos-hechos-a-mano\/oxford-negro-de-piel-para-hombre-miller\/"},"modified":"2025-08-25T14:17:09","modified_gmt":"2025-08-25T12:17:09","slug":"oxford-noir-cuir-noir-pour-hommes-miller","status":"publish","type":"product","link":"https:\/\/www.beatnikshoes.com\/fr\/chaussures-a-la-main\/oxford-noir-cuir-noir-pour-hommes-miller\/","title":{"rendered":"Chaussures oxford Miller en cuir noir pour homme"},"content":{"rendered":"<h2>LE MEILLEUR OXFORD EN CUIR NOIR POUR LES C\u00c9R\u00c9MONIES<\/h2>\n<p>Notre <strong>chaussure oxford noire<\/strong> Miller est indispensable pour les \u00e9v\u00e9nements formels et protocolaires de grande importance. Il pr\u00e9sente une silhouette \u00e9l\u00e9gante et discr\u00e8te, avec une <strong>pointe<\/strong> \u00e9l\u00e9gante et des surpiq\u00fbres fines qui rehaussent sa sophistication.<\/p>\n<p>Cette chaussure a \u00e9t\u00e9 m\u00e9ticuleusement con\u00e7ue pour se distinguer en toute occasion, ce qui en fait le compagnon id\u00e9al pour le jour de votre <strong>mariage<\/strong>. En outre, sa polyvalence le rend id\u00e9al pour les environnements de travail s\u00e9rieux, ce qui en fait le compl\u00e9ment id\u00e9al des costumes complets et des situations de repr\u00e9sentation au bureau.<\/p>\n<p>Fabriqu\u00e9es en cuir de veau lisse, ces <strong>chaussures oxford en cuir noir pour homme<\/strong> sont dot\u00e9es d&rsquo;une doublure int\u00e9rieure en cuir de vache, d&rsquo;une semelle cousue en cuir v\u00e9ritable et d&rsquo;un rev\u00eatement antid\u00e9rapant pour garantir un maintien s\u00fbr et confortable dans toutes les situations.<\/p>\n<p>En bref, la Miller <strong>black oxford<\/strong> repr\u00e9sente le s\u00e9rieux, le classicisme et l&rsquo;\u00e9l\u00e9gance intemporelle, ce qui en fait un choix impeccable pour ceux qui cherchent \u00e0 se d\u00e9marquer avec style en toute occasion.<\/p>\n","protected":false},"excerpt":{"rendered":"<h2>Chaussures oxford en cuir noir fabriqu\u00e9es \u00e0 la main en Espagne<\/h2>\n<p>Mat\u00e9riau ext\u00e9rieur : cuir de veau<br \/>\nDoublure : cuir de vachette violet<br \/>\nMat\u00e9riau de la semelle : cuir cousu et fine couche antid\u00e9rapante inject\u00e9e<br \/>\nFermeture : lacets<br \/>\nType de talon : Bas<\/p>\n","protected":false},"featured_media":76221,"comment_status":"open","ping_status":"closed","template":"","meta":[],"product_brand":[11789],"product_cat":[7092,7210],"product_tag":[],"woo-feed-brand":[],"class_list":{"0":"post-41682","1":"product","2":"type-product","3":"status-publish","4":"has-post-thumbnail","6":"product_brand-beatnik-shoes-fr","7":"product_cat-chaussures-homme","8":"product_cat-oxfords-fr","9":"pa_talla-zapato-39-fr","10":"pa_talla-zapato-40-fr","11":"pa_talla-zapato-41-fr","12":"pa_talla-zapato-42-fr","13":"pa_talla-zapato-43-fr","14":"pa_talla-zapato-44-fr","15":"pa_talla-zapato-45-fr","16":"pa_talla-zapato-46-fr","18":"first","19":"instock","20":"sale","21":"taxable","22":"shipping-taxable","23":"purchasable","24":"product-type-variable"},"_links":{"self":[{"href":"https:\/\/www.beatnikshoes.com\/fr\/wp-json\/wp\/v2\/product\/41682","targetHints":{"allow":["GET"]}}],"collection":[{"href":"https:\/\/www.beatnikshoes.com\/fr\/wp-json\/wp\/v2\/product"}],"about":[{"href":"https:\/\/www.beatnikshoes.com\/fr\/wp-json\/wp\/v2\/types\/product"}],"replies":[{"embeddable":true,"href":"https:\/\/www.beatnikshoes.com\/fr\/wp-json\/wp\/v2\/comments?post=41682"}],"wp:featuredmedia":[{"embeddable":true,"href":"https:\/\/www.beatnikshoes.com\/fr\/wp-json\/wp\/v2\/media\/76221"}],"wp:attachment":[{"href":"https:\/\/www.beatnikshoes.com\/fr\/wp-json\/wp\/v2\/media?parent=41682"}],"wp:term":[{"taxonomy":"product_brand","embeddable":true,"href":"https:\/\/www.beatnikshoes.com\/fr\/wp-json\/wp\/v2\/product_brand?post=41682"},{"taxonomy":"product_cat","embeddable":true,"href":"https:\/\/www.beatnikshoes.com\/fr\/wp-json\/wp\/v2\/product_cat?post=41682"},{"taxonomy":"product_tag","embeddable":true,"href":"https:\/\/www.beatnikshoes.com\/fr\/wp-json\/wp\/v2\/product_tag?post=41682"},{"taxonomy":"woo-feed-brand","embeddable":true,"href":"https:\/\/www.beatnikshoes.com\/fr\/wp-json\/wp\/v2\/woo-feed-brand?post=41682"}],"curies":[{"name":"wp","href":"https:\/\/api.w.org\/{rel}","templated":true}]}}