{"id":41637,"date":"2020-06-01T13:18:58","date_gmt":"2020-06-01T11:18:58","guid":{"rendered":"https:\/\/www.beatnikshoes.com\/zapatos-hechos-a-mano\/mocasines-bicolores-de-mujer-irma-black-white\/"},"modified":"2026-03-14T00:27:33","modified_gmt":"2026-03-13T23:27:33","slug":"mocassins-bicolores-pour-femmes-irma-black-white","status":"publish","type":"product","link":"https:\/\/www.beatnikshoes.com\/fr\/chaussures-a-la-main\/mocassins-bicolores-pour-femmes-irma-black-white\/","title":{"rendered":"Mocassins bicolores pour femmes Irma Black &amp; White"},"content":{"rendered":"<h2>TOUT LE CLASSICISME DES PENNY LOAFERS POUR FEMMES AVEC UNE TOUCHE TRANSGRESSIVE<\/h2>\n<p>Bienvenue dans nos <strong>mocassins bicolores pour femmes<\/strong> Beatnik Irma Black &amp; White. Depuis notre premi\u00e8re collection, nous avons toujours inclus des chaussures bicolores. Il s&rsquo;agit de mod\u00e8les qui s&rsquo;adressent \u00e0 des clients tr\u00e8s particuliers qui recherchent quelque chose de diff\u00e9rent des mod\u00e8les habituels. C&rsquo;est pourquoi, cette ann\u00e9e, nous avons inclus un <strong>mocassin Penny noir et blanc pour femme<\/strong>.<\/p>\n<p>Les <strong>mocassins Penny bicolores<\/strong> <strong>noirs et blancs<\/strong> sont un mod\u00e8le classique port\u00e9 depuis des d\u00e9cennies. En effet, la combinaison de ces deux couleurs de base avec n&rsquo;importe quel style est tr\u00e8s simple. La base du mocassin est noire, afin de prot\u00e9ger la chaussure de tout impact \u00e9ventuel. Seule la partie sup\u00e9rieure de la lame est blanche. Par cons\u00e9quent, si vous portez des couleurs claires ou grises, elles se marient parfaitement avec la couleur sup\u00e9rieure du mocassin. De m\u00eame, en portant des couleurs sombres, seule une ligne de couleur est visible sur le dessus de la chaussure.<\/p>\n<p>La construction de ces <strong>mocassins bicolores pour femmes<\/strong> Beatnik Irma Black &amp; White est faite d&rsquo;une seule pi\u00e8ce de cuir qui constitue toute la partie inf\u00e9rieure de la tige. L&rsquo;int\u00e9rieur est doubl\u00e9 de cuir de veau souple violet. De m\u00eame, pour que ces <strong>mocassins noirs et blancs pour femme<\/strong> puissent \u00eatre port\u00e9s \u00e0 tout moment de l&rsquo;ann\u00e9e, m\u00eame les jours de pluie, la semelle extra large est fabriqu\u00e9e dans un mat\u00e9riau technique l\u00e9ger et antid\u00e9rapant.<\/p>\n<h3>MOCASSINS POUR FEMMES : UN CLASSIQUE QUI FAIT TOUJOURS MOUCHE<\/h3>\n<p>Les mocassins sont un basique de la garde-robe f\u00e9minine qui, ann\u00e9e apr\u00e8s ann\u00e9e, prend de plus en plus de place. Ceci est d\u00fb au confort de ces derniers et \u00e0 la facilit\u00e9 avec laquelle ils peuvent \u00eatre combin\u00e9s avec des styles formels et informels. Par cons\u00e9quent, nos <strong>mocassins Penny pour femmes<\/strong> suscitent un int\u00e9r\u00eat croissant. Il est certainement impossible de r\u00e9sister \u00e0 l&rsquo;\u00e9l\u00e9gance classique de leur design avec la touche bicolore qui en fait une paire de <strong>mocassins noirs et blancs pour femme<\/strong> si particuli\u00e8re. Les <strong>mocassins pour femme en cuir bicolore<\/strong> Beatnik Irma Black &amp; White avec masque combinent un design de <strong>mocassin classique avec une touche de couleur sur la tige<\/strong>.<\/p>\n<p>Quelque chose qui rehaussera le style de sa propri\u00e9taire pendant de nombreuses saisons et dans les nombreuses occasions o\u00f9 elle pourra porter ces <strong>mocassins Penny bicolores<\/strong> f\u00e9minins.<\/p>\n","protected":false},"excerpt":{"rendered":"<h2>Mocassins noirs et blancs fabriqu\u00e9s \u00e0 la main en Espagne<\/h2>\n<p>Mat\u00e9riau ext\u00e9rieur : cuir de grain<br \/>\nRev\u00eatement : Cuir de vachette violet<br \/>\nMat\u00e9riau de la semelle : Semelle technique isolante et antid\u00e9rapante<br \/>\nType de talon : Bas<\/p>\n","protected":false},"featured_media":42265,"comment_status":"open","ping_status":"closed","template":"","meta":[],"product_brand":[],"product_cat":[7127,8899,7143,7176],"product_tag":[],"woo-feed-brand":[],"class_list":{"0":"post-41637","1":"product","2":"type-product","3":"status-publish","4":"has-post-thumbnail","6":"product_cat-chaussures-femme","7":"product_cat-chaussures-bicolores-pour-femme","8":"product_cat-mocassins-femme-fr","9":"product_cat-outlet-fr","10":"pa_talla-zapato-35-fr","11":"pa_talla-zapato-36-fr","12":"pa_talla-zapato-37-fr","13":"pa_talla-zapato-38-fr","14":"pa_talla-zapato-39-fr","15":"pa_talla-zapato-40-fr","16":"pa_talla-zapato-41-fr","18":"first","19":"instock","20":"sale","21":"taxable","22":"shipping-taxable","23":"purchasable","24":"product-type-variable"},"_links":{"self":[{"href":"https:\/\/www.beatnikshoes.com\/fr\/wp-json\/wp\/v2\/product\/41637","targetHints":{"allow":["GET"]}}],"collection":[{"href":"https:\/\/www.beatnikshoes.com\/fr\/wp-json\/wp\/v2\/product"}],"about":[{"href":"https:\/\/www.beatnikshoes.com\/fr\/wp-json\/wp\/v2\/types\/product"}],"replies":[{"embeddable":true,"href":"https:\/\/www.beatnikshoes.com\/fr\/wp-json\/wp\/v2\/comments?post=41637"}],"wp:featuredmedia":[{"embeddable":true,"href":"https:\/\/www.beatnikshoes.com\/fr\/wp-json\/wp\/v2\/media\/42265"}],"wp:attachment":[{"href":"https:\/\/www.beatnikshoes.com\/fr\/wp-json\/wp\/v2\/media?parent=41637"}],"wp:term":[{"taxonomy":"product_brand","embeddable":true,"href":"https:\/\/www.beatnikshoes.com\/fr\/wp-json\/wp\/v2\/product_brand?post=41637"},{"taxonomy":"product_cat","embeddable":true,"href":"https:\/\/www.beatnikshoes.com\/fr\/wp-json\/wp\/v2\/product_cat?post=41637"},{"taxonomy":"product_tag","embeddable":true,"href":"https:\/\/www.beatnikshoes.com\/fr\/wp-json\/wp\/v2\/product_tag?post=41637"},{"taxonomy":"woo-feed-brand","embeddable":true,"href":"https:\/\/www.beatnikshoes.com\/fr\/wp-json\/wp\/v2\/woo-feed-brand?post=41637"}],"curies":[{"name":"wp","href":"https:\/\/api.w.org\/{rel}","templated":true}]}}