{"id":41613,"date":"2022-10-04T14:44:23","date_gmt":"2022-10-04T12:44:23","guid":{"rendered":"https:\/\/www.beatnikshoes.com\/zapatos-hechos-a-mano\/mocasines-de-mujer-negros-con-borlas-tammi-black\/"},"modified":"2025-08-25T23:03:49","modified_gmt":"2025-08-25T21:03:49","slug":"femmes-loafers-noirs-avec-tammi-noir-broderie","status":"publish","type":"product","link":"https:\/\/www.beatnikshoes.com\/fr\/chaussures-a-la-main\/femmes-loafers-noirs-avec-tammi-noir-broderie\/","title":{"rendered":"Mocassins noirs \u00e0 glands pour femmes Tammi"},"content":{"rendered":"<h2>LES MOCASSINS POUR FEMMES LES PLUS CONFORTABLES DANS LA COULEUR LA PLUS SIMPLE, LE NOIR BRILLANT<\/h2>\n<p>Nos <strong>mocassins \u00e0 glands noirs pour femme <\/strong>allient confort et style en une seule pi\u00e8ce.<\/p>\n<p>Un design \u00e9pur\u00e9 qui affine le pied tout en s&rsquo;int\u00e9grant parfaitement \u00e0 tout type de garde-robe. <strong>Mocassins \u00e0 glands<\/strong> pour femmes, faits \u00e0 la main, au style intemporel. En plus du cuir v\u00e9ritable fin, nous avons ajout\u00e9 une doublure en cuir de vachette pratiquement sans couture, de sorte que le pied est entour\u00e9 de cuir sans frottement et est en m\u00eame temps isol\u00e9 du froid et de la chaleur de l&rsquo;environnement. La semelle technique de ce <strong>mocassin noir<\/strong> est antid\u00e9rapante et isole de l&rsquo;humidit\u00e9.<\/p>\n<p>Parfait avec tous les types de pantalons, des jeans skinny aux bermudas en passant par les pantalons Capri classiques ou les chinos plus frais. En m\u00eame temps, elles constituent une valeur s\u00fbre en tant que v\u00eatement de travail classique, avec une veste de tailleur et un chemisier assorti. Et gr\u00e2ce \u00e0 leur noir profond, nos <strong>mocassins \u00e0 glands noirs pour femme<\/strong> sont une option ultra-polyvalente pour une tenue \u00e9l\u00e9gante et ultra-confortable tout au long de l&rsquo;ann\u00e9e.<\/p>\n<p>Ces<strong> mocassins noirs f\u00e9minins<\/strong> ajouteront une touche magistrale \u00e0 votre style tous les jours de l&rsquo;ann\u00e9e.<\/p>\n","protected":false},"excerpt":{"rendered":"<h2>Mocassins en cuir fabriqu\u00e9s \u00e0 la main en Espagne<\/h2>\n<p>Mat\u00e9riau ext\u00e9rieur : cuir de grain<br \/>\nDoublure : cuir de vachette violet<br \/>\nMat\u00e9riau de la semelle : Semelle technique antid\u00e9rapante<br \/>\nType de talon : Bas<\/p>\n","protected":false},"featured_media":41620,"comment_status":"open","ping_status":"closed","template":"","meta":[],"product_brand":[11789],"product_cat":[7127,7143,7176],"product_tag":[],"woo-feed-brand":[],"class_list":{"0":"post-41613","1":"product","2":"type-product","3":"status-publish","4":"has-post-thumbnail","6":"product_brand-beatnik-shoes-fr","7":"product_cat-chaussures-femme","8":"product_cat-mocassins-femme-fr","9":"product_cat-outlet-fr","10":"pa_talla-zapato-35-fr","11":"pa_talla-zapato-36-fr","12":"pa_talla-zapato-37-fr","13":"pa_talla-zapato-38-fr","14":"pa_talla-zapato-39-fr","15":"pa_talla-zapato-40-fr","16":"pa_talla-zapato-41-fr","18":"first","19":"instock","20":"sale","21":"taxable","22":"shipping-taxable","23":"purchasable","24":"product-type-variable"},"_links":{"self":[{"href":"https:\/\/www.beatnikshoes.com\/fr\/wp-json\/wp\/v2\/product\/41613","targetHints":{"allow":["GET"]}}],"collection":[{"href":"https:\/\/www.beatnikshoes.com\/fr\/wp-json\/wp\/v2\/product"}],"about":[{"href":"https:\/\/www.beatnikshoes.com\/fr\/wp-json\/wp\/v2\/types\/product"}],"replies":[{"embeddable":true,"href":"https:\/\/www.beatnikshoes.com\/fr\/wp-json\/wp\/v2\/comments?post=41613"}],"wp:featuredmedia":[{"embeddable":true,"href":"https:\/\/www.beatnikshoes.com\/fr\/wp-json\/wp\/v2\/media\/41620"}],"wp:attachment":[{"href":"https:\/\/www.beatnikshoes.com\/fr\/wp-json\/wp\/v2\/media?parent=41613"}],"wp:term":[{"taxonomy":"product_brand","embeddable":true,"href":"https:\/\/www.beatnikshoes.com\/fr\/wp-json\/wp\/v2\/product_brand?post=41613"},{"taxonomy":"product_cat","embeddable":true,"href":"https:\/\/www.beatnikshoes.com\/fr\/wp-json\/wp\/v2\/product_cat?post=41613"},{"taxonomy":"product_tag","embeddable":true,"href":"https:\/\/www.beatnikshoes.com\/fr\/wp-json\/wp\/v2\/product_tag?post=41613"},{"taxonomy":"woo-feed-brand","embeddable":true,"href":"https:\/\/www.beatnikshoes.com\/fr\/wp-json\/wp\/v2\/woo-feed-brand?post=41613"}],"curies":[{"name":"wp","href":"https:\/\/api.w.org\/{rel}","templated":true}]}}