{"id":41498,"date":"2023-01-19T14:31:06","date_gmt":"2023-01-19T13:31:06","guid":{"rendered":"https:\/\/www.beatnikshoes.com\/zapatos-hechos-a-mano\/zapato-oxford-negro-de-hombre-kaufman\/"},"modified":"2025-08-25T22:47:05","modified_gmt":"2025-08-25T20:47:05","slug":"hommes-oxford-black-shoe-kaufman","status":"publish","type":"product","link":"https:\/\/www.beatnikshoes.com\/fr\/chaussures-a-la-main\/hommes-oxford-black-shoe-kaufman\/","title":{"rendered":"Kaufman chaussures oxford noires en cuir pour hommes"},"content":{"rendered":"<h2>L&rsquo;OXFORD NOIR POUR HOMME EN CUIR. LE CLASSIQUE INTEMPOREL<\/h2>\n<p>Il est souvent difficile de trouver une bonne paire de <strong>chaussures de ville noires<\/strong> qui ne soient pas seulement s\u00e9rieuses. Notre chaussure oxford noire semi-brogue pour homme est un excellent point de d\u00e9part si vous recherchez un \u00e9l\u00e9ment classique qui s&rsquo;int\u00e8gre dans une tenue plus contemporaine et plus audacieuse.<\/p>\n<p>Ces <strong>chaussures noires de style Oxford<\/strong>, fabriqu\u00e9es \u00e0 la main en Espagne dans le cuir de veau le plus souple du march\u00e9, avec une doublure en cuir et une semelle cousue en cuir v\u00e9ritable, sont un choix fantastique pour des chaussures de c\u00e9r\u00e9monie.<\/p>\n<p>Ce mod\u00e8le serait un l\u00e9gat d&rsquo;Oxford en raison de sa d\u00e9coration. Sa tige est plus arrondie que celle des autres oxfords de notre collection, ce qui, associ\u00e9 \u00e0 la sobri\u00e9t\u00e9 de la d\u00e9coration, avec seulement quelques d\u00e9tails sur le bout du pied, en fait une chaussure classique pour les c\u00e9r\u00e9monies, les mariages et les c\u00e9l\u00e9brations. Et bien s\u00fbr, en tant que <strong>chaussure de ville noire \u00e0 lacets<\/strong> pour le bureau. Impeccable dans un costume complet.<\/p>\n<p>Il s&rsquo;agit d&rsquo;une suggestion tr\u00e8s polyvalente et discr\u00e8te qui garantit l&rsquo;\u00e9l\u00e9gance pour toutes les esth\u00e9tiques plus formelles.<\/p>\n<p>Ne pensez-vous pas que les choses les plus simples sont parfois les plus belles ?<\/p>\n","protected":false},"excerpt":{"rendered":"<h2>Chaussures en cuir fabriqu\u00e9es \u00e0 la main en Espagne<\/h2>\n<p>Mat\u00e9riau ext\u00e9rieur : cuir de veau<br \/>\nRev\u00eatement : Cuir de vachette violet<br \/>\nMat\u00e9riau de la semelle : cuir v\u00e9ritable cousu et fine couche antid\u00e9rapante inject\u00e9e<br \/>\nFermeture : lacets<br \/>\nType de talon : Bas<\/p>\n","protected":false},"featured_media":41500,"comment_status":"open","ping_status":"closed","template":"","meta":[],"product_brand":[11789],"product_cat":[7176],"product_tag":[],"woo-feed-brand":[],"class_list":{"0":"post-41498","1":"product","2":"type-product","3":"status-publish","4":"has-post-thumbnail","6":"product_brand-beatnik-shoes-fr","7":"product_cat-outlet-fr","8":"pa_talla-zapato-39-fr","9":"pa_talla-zapato-40-fr","10":"pa_talla-zapato-41-fr","11":"pa_talla-zapato-42-fr","12":"pa_talla-zapato-43-fr","13":"pa_talla-zapato-44-fr","14":"pa_talla-zapato-45-fr","15":"pa_talla-zapato-46-fr","17":"first","18":"instock","19":"sale","20":"taxable","21":"shipping-taxable","22":"purchasable","23":"product-type-variable"},"_links":{"self":[{"href":"https:\/\/www.beatnikshoes.com\/fr\/wp-json\/wp\/v2\/product\/41498","targetHints":{"allow":["GET"]}}],"collection":[{"href":"https:\/\/www.beatnikshoes.com\/fr\/wp-json\/wp\/v2\/product"}],"about":[{"href":"https:\/\/www.beatnikshoes.com\/fr\/wp-json\/wp\/v2\/types\/product"}],"replies":[{"embeddable":true,"href":"https:\/\/www.beatnikshoes.com\/fr\/wp-json\/wp\/v2\/comments?post=41498"}],"wp:featuredmedia":[{"embeddable":true,"href":"https:\/\/www.beatnikshoes.com\/fr\/wp-json\/wp\/v2\/media\/41500"}],"wp:attachment":[{"href":"https:\/\/www.beatnikshoes.com\/fr\/wp-json\/wp\/v2\/media?parent=41498"}],"wp:term":[{"taxonomy":"product_brand","embeddable":true,"href":"https:\/\/www.beatnikshoes.com\/fr\/wp-json\/wp\/v2\/product_brand?post=41498"},{"taxonomy":"product_cat","embeddable":true,"href":"https:\/\/www.beatnikshoes.com\/fr\/wp-json\/wp\/v2\/product_cat?post=41498"},{"taxonomy":"product_tag","embeddable":true,"href":"https:\/\/www.beatnikshoes.com\/fr\/wp-json\/wp\/v2\/product_tag?post=41498"},{"taxonomy":"woo-feed-brand","embeddable":true,"href":"https:\/\/www.beatnikshoes.com\/fr\/wp-json\/wp\/v2\/woo-feed-brand?post=41498"}],"curies":[{"name":"wp","href":"https:\/\/api.w.org\/{rel}","templated":true}]}}